{"id":28346,"date":"2025-04-02T18:48:27","date_gmt":"2025-04-02T16:48:27","guid":{"rendered":"https:\/\/dupescents.co\/products\/perfume-magic-no-043w\/"},"modified":"2025-11-05T19:36:26","modified_gmt":"2025-11-05T18:36:26","slug":"perfume-magic-no-043w","status":"publish","type":"product","link":"https:\/\/dupescents.co\/fr\/products\/perfume-magic-no-043w\/","title":{"rendered":"PERFUME MAGIC No. 043W"},"content":{"rendered":"<p>043W - Moschino Funny Ersatz!<br \/>\nEAU DE PARFUM NR. 043W - MOSCHINO LUSTIGER ERSATZ!<\/p>\n<p>DUFTNOTEN VON UNSEREM ERSATZ:<\/p>\n<p>BITTER ORANGE<br \/>\nGR\u00dcNER TEE<br \/>\nREDCURRANT<br \/>\nROSENPAPRIKA<br \/>\nPIWONIA<br \/>\nZEDER<br \/>\nJASMINE<br \/>\nSIOAL<br \/>\nEICHENMOSS<br \/>\nPIZMO<br \/>\nBURZSHIT<br \/>\nDUFTBESCHREIBUNG:<\/p>\n<p>Du liebst es, das Leben zu genie\u00dfen und sorglos Spa\u00df zu haben? Dann ist dieses Parf\u00fcm genau das Richtige f\u00fcr Sie! Das \u00c4quivalent des Moschino Funny! Duftes entfesselt grenzenlose Freude und eine endlose Welle positiver Emotionen. \u00a0W\u00e4hlen Sie einen Duft, der Ihre Vitalit\u00e4t unterstreicht und Sie jeden Tag begleitet. Diese fruchtig-blumige Komposition ist die perfekte Antwort auf jeden Kummer!<\/p>\n<p>EIGENSCHAFTEN VON MOSCHINO FUNNY PARF\u00dcM GEGENST\u00dcCK:<br \/>\nDufttyp: fruchtig, blumig<br \/>\nF\u00fcr wen: Frauen<br \/>\nInhalt: 10ml \/ 30ml \/ 50ml \/ 100ml<br \/>\nProdukt-Code: 043W<br \/>\nDer Preis f\u00fcr dieses Parf\u00fcm h\u00e4ngt von der angegebenen Menge ab.<br \/>\nBitte geben Sie uns nach dem Kauf Ihr Feedback!<\/p>\n<p>Sehen Sie auch andere Moschino Parfums und ihre Ersatzprodukte.<\/p>\n","protected":false},"excerpt":{"rendered":"<p class=\"product__text inline-richtext\">Inspiration : Moschino Funny ! EDT 50ML<strong><br \/>\n\u2705 Eau de Toilette 19-21% Parfum<\/strong> <\/p>\n<p class=\"product__text inline-richtext\"><strong>\u2705 Le parfum dure une seconde journ\u00e9e<\/strong><\/p>\n<p class=\"product__text inline-richtext\"><strong>Achetez le parfum, pas la marque - \u00e9conomisez de l&rsquo;argent<\/strong><\/p>\n","protected":false},"featured_media":0,"comment_status":"open","ping_status":"closed","template":"","meta":{"_acf_changed":false},"product_brand":[],"product_cat":[203],"product_tag":[],"class_list":{"0":"post-28346","1":"product","2":"type-product","3":"status-publish","5":"product_cat-pour-les-femmes","7":"first","8":"instock","9":"shipping-taxable","10":"purchasable","11":"product-type-variable"},"acf":[],"aioseo_notices":[],"jetpack_sharing_enabled":true,"_links":{"self":[{"href":"https:\/\/dupescents.co\/fr\/wp-json\/wp\/v2\/product\/28346","targetHints":{"allow":["GET"]}}],"collection":[{"href":"https:\/\/dupescents.co\/fr\/wp-json\/wp\/v2\/product"}],"about":[{"href":"https:\/\/dupescents.co\/fr\/wp-json\/wp\/v2\/types\/product"}],"replies":[{"embeddable":true,"href":"https:\/\/dupescents.co\/fr\/wp-json\/wp\/v2\/comments?post=28346"}],"wp:attachment":[{"href":"https:\/\/dupescents.co\/fr\/wp-json\/wp\/v2\/media?parent=28346"}],"wp:term":[{"taxonomy":"product_brand","embeddable":true,"href":"https:\/\/dupescents.co\/fr\/wp-json\/wp\/v2\/product_brand?post=28346"},{"taxonomy":"product_cat","embeddable":true,"href":"https:\/\/dupescents.co\/fr\/wp-json\/wp\/v2\/product_cat?post=28346"},{"taxonomy":"product_tag","embeddable":true,"href":"https:\/\/dupescents.co\/fr\/wp-json\/wp\/v2\/product_tag?post=28346"}],"curies":[{"name":"wp","href":"https:\/\/api.w.org\/{rel}","templated":true}]}}