{"id":28335,"date":"2025-04-02T18:45:36","date_gmt":"2025-04-02T16:45:36","guid":{"rendered":"https:\/\/dupescents.co\/products\/sent-comme-deep-euphoria\/"},"modified":"2025-11-05T19:36:26","modified_gmt":"2025-11-05T18:36:26","slug":"sent-comme-deep-euphoria","status":"publish","type":"product","link":"https:\/\/dupescents.co\/fr\/products\/sent-comme-deep-euphoria\/","title":{"rendered":"Sent comme&#8230; Deep Euphoria"},"content":{"rendered":"<p>170W - Calvin Klein Deep Euphoria Ersatz<br \/>\nEAU DE PARFUM NO 170W - CALVIN KLEIN DEEP EUPHORIA ERSATZ<\/p>\n<p>DUFTNOTEN UNSERES ERSATZES:<\/p>\n<p>WEISSES ST\u00dcCK<br \/>\nMANDARIN BLATT<br \/>\nSCHWARZE ROSE<br \/>\nPIWONIA<br \/>\nGERANIUM<br \/>\nGROSSBL\u00c4TTRIGER JASMIN<br \/>\nPACULA<br \/>\nHOLZIGE NOTEN<br \/>\nPIZMERE<br \/>\nDUFTBESCHREIBUNG:<\/p>\n<p>Die Quintessenz der Sinnlichkeit. Mit diesem Satz l\u00e4sst sich das ganze Wesen dieses unglaublich verf\u00fchrerischen Parfums wiedergeben. Schwarze Rose ist ein Synonym f\u00fcr Leidenschaft, w\u00e4hrend Mandarinenblatt das Temperament mit erfrischenden und leichten Noten mildert. Die W\u00fcrze wird durch wei\u00dfen Pfeffer, Moschus und Patchouli erg\u00e4nzt, die sich perfekt vermischen. Dieser Vorschlag wird die Phantasie befl\u00fcgeln und niemanden in Ihrer Umgebung gleichg\u00fcltig lassen.<\/p>\n<p>Probieren Sie 170W - ein Eau de Parfum, inspiriert von Calvin Kleins Bestseller Deep Euphoria. Sp\u00fcren Sie die verf\u00fchrerische Symphonie aus holzigen und blumigen Noten, die Ihnen ein Gef\u00fchl von Reichtum und Erf\u00fcllung vermitteln.<\/p>\n<p>EIGENSCHAFTEN DES PARF\u00dcM-GEGENST\u00dcCKS DEEP EUPHORIA:<br \/>\nDufttyp: blumig, holzig, w\u00fcrzig<br \/>\nF\u00fcr wen: weiblich<br \/>\nInhalt 10 ml \/ 30 ml \/ 50 ml \/ 100 ml<br \/>\nProdukt-Code: 170W<br \/>\nDer Preis f\u00fcr dieses Parf\u00fcm h\u00e4ngt von der angegebenen Menge ab.<br \/>\nBitte geben Sie uns nach dem Kauf Ihr Feedback!<\/p>\n<p>Sehen Sie auch andere Calvin Klein Parfums und ihre Ersatzprodukte.<\/p>\n<p>Gibt es von dem Parf\u00fcm Euphoria noch andere Versionen?<br \/>\nJa, neben dem oben beschriebenen Gegenst\u00fcck gibt es auch Ersatzprodukte f\u00fcr CK Euphoria Blossom, die Basisversion von Euphoria Parfum und die Herrenversion dieses wunderbaren Duftes, Euphoria Men. Es lohnt sich, diese zu testen und sich eine Meinung zu bilden.<\/p>\n","protected":false},"excerpt":{"rendered":"<p>Inspiration : Calvin Klein Deep Euphoria EDP 50ML<\/p>\n<p class=\"product__text inline-richtext\"><strong>\u2705 Eau de toilette 19-21% Parfum<\/strong><\/p>\n<p class=\"product__text inline-richtext\"><strong>\u2705 Le parfum dure une seconde journ\u00e9e<\/strong><\/p>\n<p class=\"product__text inline-richtext\"><strong>Achetez le parfum, pas la marque - \u00e9conomisez de l&rsquo;argent<\/strong><\/p>\n","protected":false},"featured_media":0,"comment_status":"open","ping_status":"closed","template":"","meta":{"_acf_changed":false},"product_brand":[],"product_cat":[203],"product_tag":[],"class_list":{"0":"post-28335","1":"product","2":"type-product","3":"status-publish","5":"product_cat-pour-les-femmes","7":"first","8":"instock","9":"shipping-taxable","10":"purchasable","11":"product-type-variable"},"acf":[],"aioseo_notices":[],"jetpack_sharing_enabled":true,"_links":{"self":[{"href":"https:\/\/dupescents.co\/fr\/wp-json\/wp\/v2\/product\/28335","targetHints":{"allow":["GET"]}}],"collection":[{"href":"https:\/\/dupescents.co\/fr\/wp-json\/wp\/v2\/product"}],"about":[{"href":"https:\/\/dupescents.co\/fr\/wp-json\/wp\/v2\/types\/product"}],"replies":[{"embeddable":true,"href":"https:\/\/dupescents.co\/fr\/wp-json\/wp\/v2\/comments?post=28335"}],"wp:attachment":[{"href":"https:\/\/dupescents.co\/fr\/wp-json\/wp\/v2\/media?parent=28335"}],"wp:term":[{"taxonomy":"product_brand","embeddable":true,"href":"https:\/\/dupescents.co\/fr\/wp-json\/wp\/v2\/product_brand?post=28335"},{"taxonomy":"product_cat","embeddable":true,"href":"https:\/\/dupescents.co\/fr\/wp-json\/wp\/v2\/product_cat?post=28335"},{"taxonomy":"product_tag","embeddable":true,"href":"https:\/\/dupescents.co\/fr\/wp-json\/wp\/v2\/product_tag?post=28335"}],"curies":[{"name":"wp","href":"https:\/\/api.w.org\/{rel}","templated":true}]}}