{"id":28311,"date":"2025-04-02T18:47:08","date_gmt":"2025-04-02T16:47:08","guid":{"rendered":"https:\/\/dupescents.co\/products\/ca-sent-comme-ari\/"},"modified":"2026-02-20T19:55:01","modified_gmt":"2026-02-20T18:55:01","slug":"ca-sent-comme-ari","status":"publish","type":"product","link":"https:\/\/dupescents.co\/fr\/products\/ca-sent-comme-ari\/","title":{"rendered":"Sent comme&#8230; Ari"},"content":{"rendered":"<p>408W - Ariana Grande Ari Ersatz<br \/>\nEAU DE PARFUM NR. 408W - ERSATZ F\u00dcR ARIANA GRANDE ARI PARF\u00dcM<\/p>\n<p>DUFTNOTEN UNSERES ERSATZES:<\/p>\n<p>RASPBERRY<br \/>\nGRUSH<br \/>\nGREYFRUIT<br \/>\nVANILLA ORCHIDEE<br \/>\nROSE<br \/>\nKONWALIE<br \/>\nMARSCHMALBE<br \/>\nPIZMO<br \/>\nHOLZIGE NOTEN<br \/>\nDUFTBESCHREIBUNG:<\/p>\n<p>Dieser Duft ist der Inbegriff von Weiblichkeit, der die Blicke auf sich zieht. Inspiriert vom Duft Ariana Grande Ari, ist dieses Parf\u00fcm eine Mischung aus gourmandartiger S\u00fc\u00dfe. Saftige Birne, Himbeere, bl\u00fchende Rose, Orchidee und Marshmallow, akzentuiert mit sinnlichem Moschus, bilden eine Komposition, die trotz ihres unverkennbar s\u00fc\u00dfen Charakters nicht \u00fcberw\u00e4ltigt, sondern Sie die vibrierende weibliche Energie sp\u00fcren l\u00e4sst!<\/p>\n","protected":false},"excerpt":{"rendered":"<p>Inspiration : Ariana Grande Ari EDP 30ML<\/p>\n<p class=\"product__text inline-richtext\"><strong>\u2705 Eau de toilette 19-21% Parfum<\/strong><\/p>\n<p class=\"product__text inline-richtext\"><strong>\u2705 Le parfum dure une seconde journ\u00e9e<\/strong><\/p>\n<p class=\"product__text inline-richtext\"><strong>Achetez le parfum, pas la marque - \u00e9conomisez de l&rsquo;argent<\/strong><\/p>\n","protected":false},"featured_media":36097,"comment_status":"open","ping_status":"closed","template":"","meta":{"_acf_changed":false},"product_brand":[],"product_cat":[213,203],"product_tag":[],"class_list":{"0":"post-28311","1":"product","2":"type-product","3":"status-publish","4":"has-post-thumbnail","6":"product_cat-meilleures-ventes","7":"product_cat-pour-les-femmes","9":"first","10":"instock","11":"shipping-taxable","12":"purchasable","13":"product-type-variable"},"acf":[],"aioseo_notices":[],"jetpack_sharing_enabled":true,"_links":{"self":[{"href":"https:\/\/dupescents.co\/fr\/wp-json\/wp\/v2\/product\/28311","targetHints":{"allow":["GET"]}}],"collection":[{"href":"https:\/\/dupescents.co\/fr\/wp-json\/wp\/v2\/product"}],"about":[{"href":"https:\/\/dupescents.co\/fr\/wp-json\/wp\/v2\/types\/product"}],"replies":[{"embeddable":true,"href":"https:\/\/dupescents.co\/fr\/wp-json\/wp\/v2\/comments?post=28311"}],"wp:featuredmedia":[{"embeddable":true,"href":"https:\/\/dupescents.co\/fr\/wp-json\/wp\/v2\/media\/36097"}],"wp:attachment":[{"href":"https:\/\/dupescents.co\/fr\/wp-json\/wp\/v2\/media?parent=28311"}],"wp:term":[{"taxonomy":"product_brand","embeddable":true,"href":"https:\/\/dupescents.co\/fr\/wp-json\/wp\/v2\/product_brand?post=28311"},{"taxonomy":"product_cat","embeddable":true,"href":"https:\/\/dupescents.co\/fr\/wp-json\/wp\/v2\/product_cat?post=28311"},{"taxonomy":"product_tag","embeddable":true,"href":"https:\/\/dupescents.co\/fr\/wp-json\/wp\/v2\/product_tag?post=28311"}],"curies":[{"name":"wp","href":"https:\/\/api.w.org\/{rel}","templated":true}]}}