{"id":28298,"date":"2025-04-02T18:51:40","date_gmt":"2025-04-02T16:51:40","guid":{"rendered":"https:\/\/dupescents.co\/products\/magic-perfume-remplacement-005w\/"},"modified":"2025-11-05T19:36:23","modified_gmt":"2025-11-05T18:36:23","slug":"magic-perfume-remplacement-005w","status":"publish","type":"product","link":"https:\/\/dupescents.co\/fr\/products\/magic-perfume-remplacement-005w\/","title":{"rendered":"MAGIC PERFUME REMPLACEMENT 005W"},"content":{"rendered":"<p>005W - Michael Kors Glam Jasmine Ersatz<br \/>\nEAU DE PARFUM NO 005W - MICHAEL KORS GLAM JASMIN ERSATZ<\/p>\n<p>DUFTNOTEN UNSERES ERSATZES:<\/p>\n<p>JASMIN<br \/>\nWEISSE BL\u00dcTEN<br \/>\nSCHWARZE JOHANNISBEERE BLATT<br \/>\nSANDELHOLZ<br \/>\nDUFTBESCHREIBUNG:<\/p>\n<p>Ein blumiger Duft f\u00fcr Frauen, der durch seine Leichtigkeit begeistert. Unser Eau de Parfum ist dem Originalduft des Michael Kors Glam Jasmine Parfums perfekt nachempfunden, so dass die Duftnoten so nah wie m\u00f6glich aneinander gebracht werden. Dieses Parf\u00fcm-Pendant wird von modernen und selbstbewussten Frauen gesch\u00e4tzt, und sein Flakon wird vor allem an hei\u00dfen Sommertagen der perfekte Begleiter sein.<\/p>\n<p>EIGENSCHAFTEN VON MICHAEL KORS GLAM JASMIN PARF\u00dcM GEGENST\u00dcCK:<br \/>\nDufttyp: blumig<br \/>\nF\u00fcr wen: Frauen<br \/>\nInhalt: 10ml \/ 30ml \/ 50ml \/ 100ml<br \/>\nProdukt-Code: 005W<br \/>\nDer Preis f\u00fcr dieses Parf\u00fcm h\u00e4ngt von der angegebenen Menge ab.<br \/>\nBitte geben Sie uns Ihr Feedback nach dem Kauf!<\/p>\n<p>Sehen Sie auch andere Michael Kors Parfums und ihre Ersatzprodukte.<\/p>\n<p>Wie riecht das entsprechende Michael Kors Glam Jasmine Parf\u00fcm?<br \/>\nEs ist ein femininer, zarter Duft, der als blumig gilt. Wenn Sie daran schnuppern, k\u00f6nnen Sie unter anderem Duftnoten von Jasmin oder schwarzen Johannisbeerbl\u00fcten wahrnehmen, aber auch wundersch\u00f6ne wei\u00dfe Bl\u00fcten. Die gesamte Komposition hat eine sehr warme Ausstrahlung und zieht mit Sicherheit die Blicke auf sich.<\/p>\n","protected":false},"excerpt":{"rendered":"<p class=\"product__text inline-richtext\">Inspiration : MICHAEL KORS GLAM JASMINE EDP<\/p>\n<p class=\"product__text inline-richtext\"><strong>\u2705 Eau de toilette 19-21% Parfum<\/strong><\/p>\n<p class=\"product__text inline-richtext\"><strong>\u2705 Le parfum dure une seconde journ\u00e9e<\/strong><\/p>\n<p class=\"product__text inline-richtext\"><strong>Achetez le parfum, pas la marque - \u00e9conomisez de l&rsquo;argent<\/strong><\/p>\n","protected":false},"featured_media":0,"comment_status":"open","ping_status":"closed","template":"","meta":{"_acf_changed":false},"product_brand":[],"product_cat":[203],"product_tag":[],"class_list":{"0":"post-28298","1":"product","2":"type-product","3":"status-publish","5":"product_cat-pour-les-femmes","7":"first","8":"instock","9":"shipping-taxable","10":"purchasable","11":"product-type-variable"},"acf":[],"aioseo_notices":[],"jetpack_sharing_enabled":true,"_links":{"self":[{"href":"https:\/\/dupescents.co\/fr\/wp-json\/wp\/v2\/product\/28298","targetHints":{"allow":["GET"]}}],"collection":[{"href":"https:\/\/dupescents.co\/fr\/wp-json\/wp\/v2\/product"}],"about":[{"href":"https:\/\/dupescents.co\/fr\/wp-json\/wp\/v2\/types\/product"}],"replies":[{"embeddable":true,"href":"https:\/\/dupescents.co\/fr\/wp-json\/wp\/v2\/comments?post=28298"}],"wp:attachment":[{"href":"https:\/\/dupescents.co\/fr\/wp-json\/wp\/v2\/media?parent=28298"}],"wp:term":[{"taxonomy":"product_brand","embeddable":true,"href":"https:\/\/dupescents.co\/fr\/wp-json\/wp\/v2\/product_brand?post=28298"},{"taxonomy":"product_cat","embeddable":true,"href":"https:\/\/dupescents.co\/fr\/wp-json\/wp\/v2\/product_cat?post=28298"},{"taxonomy":"product_tag","embeddable":true,"href":"https:\/\/dupescents.co\/fr\/wp-json\/wp\/v2\/product_tag?post=28298"}],"curies":[{"name":"wp","href":"https:\/\/api.w.org\/{rel}","templated":true}]}}