{"id":28292,"date":"2025-04-02T18:55:07","date_gmt":"2025-04-02T16:55:07","guid":{"rendered":"https:\/\/dupescents.co\/products\/perfume-magic-no-011w\/"},"modified":"2025-11-05T19:36:20","modified_gmt":"2025-11-05T18:36:20","slug":"perfume-magic-no-011w","status":"publish","type":"product","link":"https:\/\/dupescents.co\/fr\/products\/perfume-magic-no-011w\/","title":{"rendered":"PERFUME MAGIC No. 011W"},"content":{"rendered":"<p>011W - Moschino I Love Love Ersatz<br \/>\n\\<\/p>\n<p>EAU DE PARFUM NO 011W - MOSCHINO I LOVE LOVE ERSATZ<\/p>\n<p>DUFTNOTEN UNSERES ERSATZES:<\/p>\n<p>GREYFRUIT<br \/>\nORANGE<br \/>\nZITRONE<br \/>\nREDCURRANT<br \/>\nPI\u017bMO<br \/>\nZEDER<br \/>\nZUCKERHOLZ<br \/>\nSITOVIE<br \/>\nCONVALIA<br \/>\nHOLZIGE NOTEN<br \/>\nTEE-ROSE<br \/>\nZINNAMON<br \/>\nDUFTBESCHREIBUNG:<\/p>\n<p>Beeindrucken Sie andere mit einem wundervoll optimistischen Duft, der sofort an Gl\u00fcck denken l\u00e4sst. Wir haben ein perfektes Gegenst\u00fcck zum Originalparf\u00fcm Moschino I Love Love kreiert, das junge Frauen ansprechen wird, die gerne im Mittelpunkt stehen. Wenn es Ihnen nicht an Optimismus mangelt und Sie auf der Suche nach einem Parf\u00fcm sind, das das Elixier der Liebe und der Jugend verk\u00f6rpert, ist dieser Flakon genau das Richtige f\u00fcr Sie! Entscheiden Sie sich f\u00fcr eine blumige und holzige Komposition voller Frische und Sonnenstrahlen.<\/p>\n<p>EIGENSCHAFTEN VON MOSCHINO I LOVE LOVE PARF\u00dcM GEGENST\u00dcCK:<br \/>\nDufttyp: blumig, holzig<br \/>\nF\u00fcr wen: Frauen<br \/>\nVolumen: 10ml \/ 30ml \/ 50ml \/ 100ml<br \/>\nProdukt-Code: 011W<br \/>\nDer Preis f\u00fcr dieses Parf\u00fcm h\u00e4ngt von der angegebenen Menge ab.<br \/>\nBitte geben Sie uns nach dem Kauf Ihr Feedback!<\/p>\n<p>Sehen Sie auch andere Moschino Parfums und ihre Ersatzprodukte.<\/p>\n","protected":false},"excerpt":{"rendered":"<p>Inspiration : Moschino I Love Love EDT 30ML<\/p>\n<p class=\"product__text inline-richtext\"><strong>\u2705 Eau de toilette 19-21% Parfum<\/strong><\/p>\n<p class=\"product__text inline-richtext\"><strong>\u2705 Le parfum dure une seconde journ\u00e9e<\/strong><\/p>\n<p class=\"product__text inline-richtext\"><strong>Achetez le parfum, pas la marque - \u00e9conomisez de l&rsquo;argent<\/strong><\/p>\n","protected":false},"featured_media":0,"comment_status":"open","ping_status":"closed","template":"","meta":{"_acf_changed":false},"product_brand":[],"product_cat":[203],"product_tag":[],"class_list":{"0":"post-28292","1":"product","2":"type-product","3":"status-publish","5":"product_cat-pour-les-femmes","7":"first","8":"instock","9":"shipping-taxable","10":"purchasable","11":"product-type-variable"},"acf":[],"aioseo_notices":[],"jetpack_sharing_enabled":true,"_links":{"self":[{"href":"https:\/\/dupescents.co\/fr\/wp-json\/wp\/v2\/product\/28292","targetHints":{"allow":["GET"]}}],"collection":[{"href":"https:\/\/dupescents.co\/fr\/wp-json\/wp\/v2\/product"}],"about":[{"href":"https:\/\/dupescents.co\/fr\/wp-json\/wp\/v2\/types\/product"}],"replies":[{"embeddable":true,"href":"https:\/\/dupescents.co\/fr\/wp-json\/wp\/v2\/comments?post=28292"}],"wp:attachment":[{"href":"https:\/\/dupescents.co\/fr\/wp-json\/wp\/v2\/media?parent=28292"}],"wp:term":[{"taxonomy":"product_brand","embeddable":true,"href":"https:\/\/dupescents.co\/fr\/wp-json\/wp\/v2\/product_brand?post=28292"},{"taxonomy":"product_cat","embeddable":true,"href":"https:\/\/dupescents.co\/fr\/wp-json\/wp\/v2\/product_cat?post=28292"},{"taxonomy":"product_tag","embeddable":true,"href":"https:\/\/dupescents.co\/fr\/wp-json\/wp\/v2\/product_tag?post=28292"}],"curies":[{"name":"wp","href":"https:\/\/api.w.org\/{rel}","templated":true}]}}