{"id":28262,"date":"2025-04-02T18:56:55","date_gmt":"2025-04-02T16:56:55","guid":{"rendered":"https:\/\/dupescents.co\/products\/sent-comme-dion\/"},"modified":"2026-02-21T23:23:10","modified_gmt":"2026-02-21T22:23:10","slug":"sent-comme-dion","status":"publish","type":"product","link":"https:\/\/dupescents.co\/fr\/products\/sent-comme-dion\/","title":{"rendered":"Sent comme&#8230; Dion"},"content":{"rendered":"<p>008W - Celine Dion remplacement<br \/>\nEAU DE PARFUM NO 008W - CELINE DION REMPLACEMENT<\/p>\n<p>PARFUMS DE NOS SUBSTITUTS :<\/p>\n<p>ARBRE BLANC<br \/>\nFLEUR D&rsquo;ORANGER<br \/>\nBOIS DE SANTAL<br \/>\nGARD\u00c9NIA DE TAHITI<br \/>\nROSE JAUNE<br \/>\nKONWALIA<br \/>\nPI\u017bMO<br \/>\nBERRY ROUGE<br \/>\nBURSHINE<br \/>\nSIOOL<br \/>\nJASMIN<br \/>\nDESCRIPTION DU PARFUM :<\/p>\n<p>La chanteuse C\u00e9line Dion elle-m\u00eame a d\u00e9clar\u00e9 \u00e0 propos de ce parfum : \u00ab\u00a0Ce parfum exprime vraiment qui je suis ! La richesse de la composition olfactive nous a permis de cr\u00e9er un \u00e9quivalent du parfum de C\u00e9line Dion, qui reproduit fid\u00e8lement la senteur florale et fra\u00eeche de l&rsquo;original. Cette belle eau de parfum est parfaite pour les occasions informelles. Qui sait, peut-\u00eatre exprimera-t-elle votre vraie personnalit\u00e9 ?   <\/p>\n<p>CARACT\u00c9RISTIQUES DE L&rsquo;\u00c9QUIVALENT EN PARFUM DE C\u00c9LINE DION :<\/p>\n<p>Type de parfum : floral<br \/>\nPour qui : Femmes<br \/>\nContenu : 10ml \/ 30ml \/ 50ml \/ 100ml<br \/>\nCode produit : 008W<br \/>\nLe prix de ce parfum d\u00e9pend de la quantit\u00e9 indiqu\u00e9e.<br \/>\nMerci de nous donner votre avis apr\u00e8s l&rsquo;achat !<\/p>\n<p>Voir aussi d&rsquo;autres parfums Celine Dion et leurs substituts.<\/p>\n","protected":false},"excerpt":{"rendered":"<p>Inspiration : C\u00e9line Dion EDP 30ML<\/p>\n<p class=\"product__text inline-richtext\"><strong>\u2705 Eau de toilette 19-21% Parfum<\/strong><\/p>\n<p class=\"product__text inline-richtext\"><strong>\u2705 Le parfum dure une seconde journ\u00e9e<\/strong><\/p>\n<p class=\"product__text inline-richtext\"><strong>Achetez le parfum, pas la marque - \u00e9conomisez de l&rsquo;argent<\/strong><\/p>\n","protected":false},"featured_media":35850,"comment_status":"open","ping_status":"closed","template":"","meta":{"_acf_changed":false},"product_brand":[],"product_cat":[213,203],"product_tag":[],"class_list":{"0":"post-28262","1":"product","2":"type-product","3":"status-publish","4":"has-post-thumbnail","6":"product_cat-meilleures-ventes","7":"product_cat-pour-les-femmes","9":"first","10":"instock","11":"shipping-taxable","12":"purchasable","13":"product-type-variable"},"acf":[],"aioseo_notices":[],"jetpack_sharing_enabled":true,"_links":{"self":[{"href":"https:\/\/dupescents.co\/fr\/wp-json\/wp\/v2\/product\/28262","targetHints":{"allow":["GET"]}}],"collection":[{"href":"https:\/\/dupescents.co\/fr\/wp-json\/wp\/v2\/product"}],"about":[{"href":"https:\/\/dupescents.co\/fr\/wp-json\/wp\/v2\/types\/product"}],"replies":[{"embeddable":true,"href":"https:\/\/dupescents.co\/fr\/wp-json\/wp\/v2\/comments?post=28262"}],"wp:featuredmedia":[{"embeddable":true,"href":"https:\/\/dupescents.co\/fr\/wp-json\/wp\/v2\/media\/35850"}],"wp:attachment":[{"href":"https:\/\/dupescents.co\/fr\/wp-json\/wp\/v2\/media?parent=28262"}],"wp:term":[{"taxonomy":"product_brand","embeddable":true,"href":"https:\/\/dupescents.co\/fr\/wp-json\/wp\/v2\/product_brand?post=28262"},{"taxonomy":"product_cat","embeddable":true,"href":"https:\/\/dupescents.co\/fr\/wp-json\/wp\/v2\/product_cat?post=28262"},{"taxonomy":"product_tag","embeddable":true,"href":"https:\/\/dupescents.co\/fr\/wp-json\/wp\/v2\/product_tag?post=28262"}],"curies":[{"name":"wp","href":"https:\/\/api.w.org\/{rel}","templated":true}]}}