{"id":28250,"date":"2025-04-02T18:53:32","date_gmt":"2025-04-02T16:53:32","guid":{"rendered":"https:\/\/dupescents.co\/products\/sent-comme-sweet-like-candy\/"},"modified":"2026-02-20T19:53:58","modified_gmt":"2026-02-20T18:53:58","slug":"sent-comme-sweet-like-candy","status":"publish","type":"product","link":"https:\/\/dupescents.co\/fr\/products\/sent-comme-sweet-like-candy\/","title":{"rendered":"Sent comme&#8230; Sweet Like Candy"},"content":{"rendered":"<p>405W - Ersatz f\u00fcr Ariana Grande Sweet Like Candy<br \/>\nEAU DE PARFUM NO 405W - ERSATZ ARIANA GRANDE SWEET LIKE CANDY<\/p>\n<p>DUFTNOTEN VON UNSEREM ERSATZ:<\/p>\n<p>Brombeere,<br \/>\nBirne<br \/>\nBergamotte<br \/>\nSchlagsahne<br \/>\nMarshmallow<br \/>\nSchwarze Johannisbeere<br \/>\nPlumeria<br \/>\nJasmin<br \/>\nGei\u00dfblatt<br \/>\nVanille<br \/>\nKaschmirholz.<br \/>\nDUFTBESCHREIBUNG:<\/p>\n<p>S\u00fc\u00df wie Ariana, elektrisierend wie ein Blitz! Sweet Like Candy Parf\u00fcmersatz ist S\u00fc\u00dfe in ihrer reinen Form - aber mit einer sinnlichen Kralle! Gleichzeitig zart und ausdrucksstark, bietet die Mischung ein ganzes Spektrum an emotionalen Empfindungen. Von saftigen Brombeeren, Johannisbeeren und Birnen geht es weiter zu eleganter und koketter Bergamotte, um einen Moment sp\u00e4ter von feinem Jasmin, Plumeria und Kaschmirholz verzaubert zu werden. Gei\u00dfblatt verleiht dieser ekstatisch s\u00fc\u00dfen Komposition Charakter und Schlagsahne ist der kr\u00f6nende Abschluss.<\/p>\n<p>Ein ideales Parf\u00fcm f\u00fcr junge Frauen, die gerne Spa\u00df haben und&#8230;. die Lieder von Ariana Grande lieben! Der Charakter der glamour\u00f6sen S\u00e4ngerin wird in diesem Parf\u00fcm hundertprozentig wiedergegeben, also geben Sie sich ihrem Charme hin! F\u00fcr die Uni, f\u00fcr eine Party, f\u00fcr ein Date&#8230;. probieren Sie die Kraft dieses elektrisierenden Parfums, das Ihnen (und anderen!) lange in Erinnerung bleiben wird.<\/p>\n","protected":false},"excerpt":{"rendered":"<p>Inspiration : Ariana Grande Sweet Like Candy EDP 100ML<\/p>\n<p class=\"product__text inline-richtext\"><strong>\u2705 Eau de toilette 19-21% Parfum<\/strong><\/p>\n<p class=\"product__text inline-richtext\"><strong>\u2705 Le parfum dure une seconde journ\u00e9e<\/strong><\/p>\n<p class=\"product__text inline-richtext\"><strong>Achetez le parfum, pas la marque - \u00e9conomisez de l&rsquo;argent<\/strong><\/p>\n","protected":false},"featured_media":36079,"comment_status":"open","ping_status":"closed","template":"","meta":{"_acf_changed":false},"product_brand":[],"product_cat":[213,203],"product_tag":[],"class_list":{"0":"post-28250","1":"product","2":"type-product","3":"status-publish","4":"has-post-thumbnail","6":"product_cat-meilleures-ventes","7":"product_cat-pour-les-femmes","9":"first","10":"instock","11":"shipping-taxable","12":"purchasable","13":"product-type-variable"},"acf":[],"aioseo_notices":[],"jetpack_sharing_enabled":true,"_links":{"self":[{"href":"https:\/\/dupescents.co\/fr\/wp-json\/wp\/v2\/product\/28250","targetHints":{"allow":["GET"]}}],"collection":[{"href":"https:\/\/dupescents.co\/fr\/wp-json\/wp\/v2\/product"}],"about":[{"href":"https:\/\/dupescents.co\/fr\/wp-json\/wp\/v2\/types\/product"}],"replies":[{"embeddable":true,"href":"https:\/\/dupescents.co\/fr\/wp-json\/wp\/v2\/comments?post=28250"}],"wp:featuredmedia":[{"embeddable":true,"href":"https:\/\/dupescents.co\/fr\/wp-json\/wp\/v2\/media\/36079"}],"wp:attachment":[{"href":"https:\/\/dupescents.co\/fr\/wp-json\/wp\/v2\/media?parent=28250"}],"wp:term":[{"taxonomy":"product_brand","embeddable":true,"href":"https:\/\/dupescents.co\/fr\/wp-json\/wp\/v2\/product_brand?post=28250"},{"taxonomy":"product_cat","embeddable":true,"href":"https:\/\/dupescents.co\/fr\/wp-json\/wp\/v2\/product_cat?post=28250"},{"taxonomy":"product_tag","embeddable":true,"href":"https:\/\/dupescents.co\/fr\/wp-json\/wp\/v2\/product_tag?post=28250"}],"curies":[{"name":"wp","href":"https:\/\/api.w.org\/{rel}","templated":true}]}}