{"id":28239,"date":"2025-04-02T19:00:18","date_gmt":"2025-04-02T17:00:18","guid":{"rendered":"https:\/\/dupescents.co\/products\/sent-comme-1881\/"},"modified":"2026-02-21T19:32:07","modified_gmt":"2026-02-21T18:32:07","slug":"sent-comme-1881","status":"publish","type":"product","link":"https:\/\/dupescents.co\/fr\/products\/sent-comme-1881\/","title":{"rendered":"Sent comme&#8230; 1881"},"content":{"rendered":"<p>120W - Cerruti 1881 remplacement<br \/>\nEAU DE PARFUM NO 120W - CERRUTI 1881 remplacement<\/p>\n<p>PARFUMS DE NOS SUBSTITUTS :<\/p>\n<p>ROMANITE<br \/>\nMIMOSA<br \/>\nIRIS<br \/>\nROSE<br \/>\nFRAIS<br \/>\nPI\u017bMO<br \/>\nSANDALWOOD<br \/>\nVIOLET<br \/>\nNARZYZ<br \/>\nGERANIUM<br \/>\nCONVALIA<br \/>\nJASMINE<br \/>\nCOLLENDRA<br \/>\nGALBANUM<br \/>\nBERGAMOT<br \/>\nROSE DU BR\u00c9SIL<br \/>\nC\u00c9DRE<br \/>\nORANGE BLOSSOM<br \/>\nBURSHINE<br \/>\nTUBEROSE<br \/>\nVANILLE<br \/>\nDESCRIPTION DU PARFUM :<\/p>\n<p>Un parfum d\u00e9licat pour la vraie romantique. Notre pendant de Cerruti 1881 est une eau de parfum qui souligne parfaitement l&rsquo;\u00e9l\u00e9gance de celle qui la porte, m\u00eame pendant la journ\u00e9e. Des notes florales enchanteresses se m\u00ealent gracieusement au musc sensuel et au bois de santal pour cr\u00e9er une essence luxueuse qui a d\u00e9j\u00e0 conquis de nombreux admirateurs.  <\/p>\n","protected":false},"excerpt":{"rendered":"<p>Inspiration : Cerruti 1881 EDT 50ML<\/p>\n<p class=\"product__text inline-richtext\"><strong>\u2705 Eau de toilette 19-21% Parfum<\/strong><\/p>\n<p class=\"product__text inline-richtext\"><strong>\u2705 Le parfum dure une seconde journ\u00e9e<\/strong><\/p>\n<p class=\"product__text inline-richtext\"><strong>Achetez le parfum, pas la marque - \u00e9conomisez de l&rsquo;argent<\/strong><\/p>\n","protected":false},"featured_media":35775,"comment_status":"open","ping_status":"closed","template":"","meta":{"_acf_changed":false},"product_brand":[],"product_cat":[203],"product_tag":[],"class_list":{"0":"post-28239","1":"product","2":"type-product","3":"status-publish","4":"has-post-thumbnail","6":"product_cat-pour-les-femmes","8":"first","9":"instock","10":"shipping-taxable","11":"purchasable","12":"product-type-variable"},"acf":[],"aioseo_notices":[],"jetpack_sharing_enabled":true,"_links":{"self":[{"href":"https:\/\/dupescents.co\/fr\/wp-json\/wp\/v2\/product\/28239","targetHints":{"allow":["GET"]}}],"collection":[{"href":"https:\/\/dupescents.co\/fr\/wp-json\/wp\/v2\/product"}],"about":[{"href":"https:\/\/dupescents.co\/fr\/wp-json\/wp\/v2\/types\/product"}],"replies":[{"embeddable":true,"href":"https:\/\/dupescents.co\/fr\/wp-json\/wp\/v2\/comments?post=28239"}],"wp:featuredmedia":[{"embeddable":true,"href":"https:\/\/dupescents.co\/fr\/wp-json\/wp\/v2\/media\/35775"}],"wp:attachment":[{"href":"https:\/\/dupescents.co\/fr\/wp-json\/wp\/v2\/media?parent=28239"}],"wp:term":[{"taxonomy":"product_brand","embeddable":true,"href":"https:\/\/dupescents.co\/fr\/wp-json\/wp\/v2\/product_brand?post=28239"},{"taxonomy":"product_cat","embeddable":true,"href":"https:\/\/dupescents.co\/fr\/wp-json\/wp\/v2\/product_cat?post=28239"},{"taxonomy":"product_tag","embeddable":true,"href":"https:\/\/dupescents.co\/fr\/wp-json\/wp\/v2\/product_tag?post=28239"}],"curies":[{"name":"wp","href":"https:\/\/api.w.org\/{rel}","templated":true}]}}