{"id":28226,"date":"2025-04-02T19:01:47","date_gmt":"2025-04-02T17:01:47","guid":{"rendered":"https:\/\/dupescents.co\/products\/sent-comme-cloud\/"},"modified":"2025-11-05T19:36:14","modified_gmt":"2025-11-05T18:36:14","slug":"sent-comme-cloud","status":"publish","type":"product","link":"https:\/\/dupescents.co\/fr\/products\/sent-comme-cloud\/","title":{"rendered":"Sent comme&#8230; Cloud"},"content":{"rendered":"<p>420W - Ersatz f\u00fcr Ariana Grande Cloud<br \/>\n420W EAU DE PARFUM - ERSATZ F\u00dcR ARIANA GRANDE CLOUD<br \/>\nDUFTNOTEN VON UNSEREM ERSATZ:<\/p>\n<p>Lavendel<br \/>\nBirne<br \/>\nBergamotte<br \/>\nSchlagsahne<br \/>\nPraline<br \/>\nKokosnuss<br \/>\nVanille-Orchidee<br \/>\nMoschus<br \/>\nHolzige Noten<br \/>\nDUFTBESCHREIBUNG:<\/p>\n<p>Die sch\u00f6ne, beschwingte Komposition des Parfums Cloud von Ariana Grande hebt die Stimmung, auch wenn es drau\u00dfen grau ist! Die Mischung aus Schlagsahne, Praline und Kokosnuss riecht so k\u00f6stlich, dass man ihr nur schwer widerstehen kann. Es ist jedoch kein eindeutig s\u00fc\u00dfer Duft. Moschus und holzige Noten verleihen ihm Tiefe. Entscheiden Sie sich f\u00fcr den Ariana Grande Cloud Ersatz und tauchen Sie ein in den wunderbaren Duft!<\/p>\n","protected":false},"excerpt":{"rendered":"<p>Inspiration : Ariana Grande Cloud EDP 100ML<\/p>\n<p class=\"product__text inline-richtext\"><strong>\u2705 Eau de toilette 19-21% Parfum<\/strong><\/p>\n<p class=\"product__text inline-richtext\"><strong>\u2705 Le parfum dure une seconde journ\u00e9e<\/strong><\/p>\n<p class=\"product__text inline-richtext\"><strong>Achetez le parfum, pas la marque - \u00e9conomisez de l&rsquo;argent<\/strong><\/p>\n","protected":false},"featured_media":0,"comment_status":"open","ping_status":"closed","template":"","meta":{"_acf_changed":false},"product_brand":[],"product_cat":[203],"product_tag":[],"class_list":{"0":"post-28226","1":"product","2":"type-product","3":"status-publish","5":"product_cat-pour-les-femmes","7":"first","8":"instock","9":"shipping-taxable","10":"purchasable","11":"product-type-variable"},"acf":[],"aioseo_notices":[],"jetpack_sharing_enabled":true,"_links":{"self":[{"href":"https:\/\/dupescents.co\/fr\/wp-json\/wp\/v2\/product\/28226","targetHints":{"allow":["GET"]}}],"collection":[{"href":"https:\/\/dupescents.co\/fr\/wp-json\/wp\/v2\/product"}],"about":[{"href":"https:\/\/dupescents.co\/fr\/wp-json\/wp\/v2\/types\/product"}],"replies":[{"embeddable":true,"href":"https:\/\/dupescents.co\/fr\/wp-json\/wp\/v2\/comments?post=28226"}],"wp:attachment":[{"href":"https:\/\/dupescents.co\/fr\/wp-json\/wp\/v2\/media?parent=28226"}],"wp:term":[{"taxonomy":"product_brand","embeddable":true,"href":"https:\/\/dupescents.co\/fr\/wp-json\/wp\/v2\/product_brand?post=28226"},{"taxonomy":"product_cat","embeddable":true,"href":"https:\/\/dupescents.co\/fr\/wp-json\/wp\/v2\/product_cat?post=28226"},{"taxonomy":"product_tag","embeddable":true,"href":"https:\/\/dupescents.co\/fr\/wp-json\/wp\/v2\/product_tag?post=28226"}],"curies":[{"name":"wp","href":"https:\/\/api.w.org\/{rel}","templated":true}]}}