{"id":28216,"date":"2025-04-02T20:11:20","date_gmt":"2025-04-02T18:11:20","guid":{"rendered":"https:\/\/dupescents.co\/products\/jennifer-lopez-still-remplacement-443w\/"},"modified":"2026-02-21T20:01:33","modified_gmt":"2026-02-21T19:01:33","slug":"jennifer-lopez-still-remplacement-443w","status":"publish","type":"product","link":"https:\/\/dupescents.co\/fr\/products\/jennifer-lopez-still-remplacement-443w\/","title":{"rendered":"JENNIFER LOPEZ STILL REMPLACEMENT 443W"},"content":{"rendered":"<p>443W - \u00c9quivalent silencieux de Jennifer Lopez<br \/>\nEAU DE PARFUM N\u00ba 443W - JENNIFER LOPEZ \u00c9QUILIBRE SILENCIEUX<\/p>\n<p>PARFUMS DE NOS SUBSTITUTS :<\/p>\n<p>EARL GREY TEA<br \/>\nG\u00c2TEAU BLANC<br \/>\nMANDARINE<br \/>\nAMBER<br \/>\nRIZ<br \/>\nJASMINE<br \/>\nKONWALIA<br \/>\nFRA\u00ceCHEUR<br \/>\nWICYCLE<br \/>\nORANGE BLOSSOM<br \/>\nROSE<br \/>\nPRINZ<br \/>\nPIZMERE<br \/>\nSANDALWOOD<br \/>\nIRIS<br \/>\nBURSHINE<br \/>\nDESCRIPTION DU PARFUM :<\/p>\n<p>Le m\u00e9lange de ce parfum est de la f\u00e9minit\u00e9 pure dans un flacon ! Inspir\u00e9 par Jennifer Lopez, STILL met en valeur votre charme et vous enveloppe d&rsquo;un nuage s\u00e9duisant de notes parfum\u00e9es, s\u00e9lectionn\u00e9es avec le plus grand soin. Le th\u00e9 Earl Grey, le poivre blanc, les ar\u00f4mes de fruits et de fleurs, le musc et l&rsquo;ambre s\u00e9duisants ainsi que les profonds accords de bois de santal cr\u00e9ent une v\u00e9ritable \u0153uvre d&rsquo;art en parfumerie. Ce parfum est le compagnon id\u00e9al de tous les jours.   <\/p>\n","protected":false},"excerpt":{"rendered":"<p>Inspiration : Jennifer Lopez Still EDP 100ML<\/p>\n<p class=\"product__text inline-richtext\"><strong>\u2705 Eau de toilette 19-21% Parfum<\/strong><\/p>\n<p class=\"product__text inline-richtext\"><strong>\u2705 Le parfum dure une seconde journ\u00e9e<\/strong><\/p>\n<p class=\"product__text inline-richtext\"><strong>Achetez le parfum, pas la marque - \u00e9conomisez de l&rsquo;argent<\/strong><\/p>\n","protected":false},"featured_media":35815,"comment_status":"open","ping_status":"closed","template":"","meta":{"_acf_changed":false},"product_brand":[],"product_cat":[213,203],"product_tag":[],"class_list":{"0":"post-28216","1":"product","2":"type-product","3":"status-publish","4":"has-post-thumbnail","6":"product_cat-meilleures-ventes","7":"product_cat-pour-les-femmes","9":"first","10":"instock","11":"shipping-taxable","12":"purchasable","13":"product-type-variable"},"acf":[],"aioseo_notices":[],"jetpack_sharing_enabled":true,"_links":{"self":[{"href":"https:\/\/dupescents.co\/fr\/wp-json\/wp\/v2\/product\/28216","targetHints":{"allow":["GET"]}}],"collection":[{"href":"https:\/\/dupescents.co\/fr\/wp-json\/wp\/v2\/product"}],"about":[{"href":"https:\/\/dupescents.co\/fr\/wp-json\/wp\/v2\/types\/product"}],"replies":[{"embeddable":true,"href":"https:\/\/dupescents.co\/fr\/wp-json\/wp\/v2\/comments?post=28216"}],"wp:featuredmedia":[{"embeddable":true,"href":"https:\/\/dupescents.co\/fr\/wp-json\/wp\/v2\/media\/35815"}],"wp:attachment":[{"href":"https:\/\/dupescents.co\/fr\/wp-json\/wp\/v2\/media?parent=28216"}],"wp:term":[{"taxonomy":"product_brand","embeddable":true,"href":"https:\/\/dupescents.co\/fr\/wp-json\/wp\/v2\/product_brand?post=28216"},{"taxonomy":"product_cat","embeddable":true,"href":"https:\/\/dupescents.co\/fr\/wp-json\/wp\/v2\/product_cat?post=28216"},{"taxonomy":"product_tag","embeddable":true,"href":"https:\/\/dupescents.co\/fr\/wp-json\/wp\/v2\/product_tag?post=28216"}],"curies":[{"name":"wp","href":"https:\/\/api.w.org\/{rel}","templated":true}]}}