{"id":28177,"date":"2025-04-02T16:44:34","date_gmt":"2025-04-02T14:44:34","guid":{"rendered":"https:\/\/dupescents.co\/products\/sent-comme-in2u-pour-elle\/"},"modified":"2025-11-05T19:34:58","modified_gmt":"2025-11-05T18:34:58","slug":"sent-comme-in2u-pour-elle","status":"publish","type":"product","link":"https:\/\/dupescents.co\/fr\/products\/sent-comme-in2u-pour-elle\/","title":{"rendered":"Sent comme&#8230; In2U Pour Elle"},"content":{"rendered":"<p>126W - Ersatz f\u00fcr Calvin Klein In2U for Her<br \/>\nEAU DE PARFUM NO 126W - ERSATZ F\u00dcR CALVIN KLEIN IN2U FOR HER<\/p>\n<p>DUFTNOTEN UNSERES ERSATZES:<\/p>\n<p>ROSA GRAPEFRUIT<br \/>\nVANILLA<br \/>\nSIZILIANISCHE BERGAMOTTE<br \/>\nKAKUS<br \/>\nRED CEDAR<br \/>\nBURSHINE<br \/>\nORCHIDEA<br \/>\nROTE JOHANNISBEERE BLATT<br \/>\nDUFTBESCHREIBUNG:<\/p>\n<p>Ein orientalisch-blumiger Duft f\u00fcr spontane Frauen, die gerne neue Abenteuer erleben. Unser Pendant zu Calvin Klein In2U for Her ist ein Eau de Parfum, das alle anspricht, die aktiv sind, nicht gerne f\u00fcr die Zukunft planen und im Moment leben. Dieser frische Duft ist besonders f\u00fcr hei\u00dfe Tage geeignet.<\/p>\n<p>EIGENSCHAFTEN VON IN2U F\u00dcR IHR PARF\u00dcM-GEGENST\u00dcCK:<br \/>\nDufttyp: orientalisch, blumig<br \/>\nF\u00fcr wen: Frauen<br \/>\nInhalt: 10 ml \/ 30 ml \/ 50 ml \/ 100 ml<br \/>\nProdukt-Code: 126W<br \/>\nDer Preis f\u00fcr dieses Parf\u00fcm h\u00e4ngt von der angegebenen Menge ab.<br \/>\nBitte geben Sie uns Ihr Feedback nach dem Kauf!<\/p>\n<p>Siehe auch andere Calvin Klein Parfums und deren Ersatzprodukte.<\/p>\n","protected":false},"excerpt":{"rendered":"<p>Inspiration : Calvin Klein In2U for Her EDT 50ML<\/p>\n<p class=\"product__text inline-richtext\"><strong>\u2705 Eau de toilette 19-21% Parfum<\/strong><\/p>\n<p class=\"product__text inline-richtext\"><strong>\u2705 Le parfum dure une seconde journ\u00e9e<\/strong><\/p>\n<p class=\"product__text inline-richtext\"><strong>Achetez le parfum, pas la marque - \u00e9conomisez de l&rsquo;argent<\/strong><\/p>\n","protected":false},"featured_media":0,"comment_status":"open","ping_status":"closed","template":"","meta":{"_acf_changed":false},"product_brand":[],"product_cat":[203],"product_tag":[],"class_list":{"0":"post-28177","1":"product","2":"type-product","3":"status-publish","5":"product_cat-pour-les-femmes","7":"first","8":"instock","9":"shipping-taxable","10":"purchasable","11":"product-type-variable"},"acf":[],"aioseo_notices":[],"jetpack_sharing_enabled":true,"_links":{"self":[{"href":"https:\/\/dupescents.co\/fr\/wp-json\/wp\/v2\/product\/28177","targetHints":{"allow":["GET"]}}],"collection":[{"href":"https:\/\/dupescents.co\/fr\/wp-json\/wp\/v2\/product"}],"about":[{"href":"https:\/\/dupescents.co\/fr\/wp-json\/wp\/v2\/types\/product"}],"replies":[{"embeddable":true,"href":"https:\/\/dupescents.co\/fr\/wp-json\/wp\/v2\/comments?post=28177"}],"wp:attachment":[{"href":"https:\/\/dupescents.co\/fr\/wp-json\/wp\/v2\/media?parent=28177"}],"wp:term":[{"taxonomy":"product_brand","embeddable":true,"href":"https:\/\/dupescents.co\/fr\/wp-json\/wp\/v2\/product_brand?post=28177"},{"taxonomy":"product_cat","embeddable":true,"href":"https:\/\/dupescents.co\/fr\/wp-json\/wp\/v2\/product_cat?post=28177"},{"taxonomy":"product_tag","embeddable":true,"href":"https:\/\/dupescents.co\/fr\/wp-json\/wp\/v2\/product_tag?post=28177"}],"curies":[{"name":"wp","href":"https:\/\/api.w.org\/{rel}","templated":true}]}}