{"id":28165,"date":"2025-04-02T16:52:38","date_gmt":"2025-04-02T14:52:38","guid":{"rendered":"https:\/\/dupescents.co\/products\/sent-comme-ck-be\/"},"modified":"2026-02-22T00:30:48","modified_gmt":"2026-02-21T23:30:48","slug":"sent-comme-ck-be","status":"publish","type":"product","link":"https:\/\/dupescents.co\/fr\/products\/sent-comme-ck-be\/","title":{"rendered":"Sent comme&#8230; CK Be"},"content":{"rendered":"<p>477W - Remplacement pour Calvin Klein CK be<br \/>\nEAU DE PARFUM NO 477W - REMPLACEMENT POUR CALVIN KLEIN CK BE<\/p>\n<p>PARFUMS DE NOS SUBSTITUTS :<\/p>\n<p>LAWENDA<br \/>\nNOIX VERTES<br \/>\nBERGAMOT<br \/>\nMENTHE<br \/>\nJUNIFER<br \/>\nMANDARINE<br \/>\nRAISON VERTE<br \/>\nBRUSSWIN<br \/>\nJASMINE<br \/>\nFREESIA<br \/>\nMAGNOLIEN<br \/>\nORCHIDEA<br \/>\nPI\u017bMO<br \/>\nSANDALWOOD<br \/>\nC\u00c9DRE<br \/>\nVANILLE<br \/>\nBURSHINE<br \/>\nOPONACS<br \/>\nDESCRIPTION DU PARFUM :<\/p>\n<p>Calvin Klein CK be repr\u00e9sente la libert\u00e9 d&rsquo;\u00eatre soi-m\u00eame ! Exprimez votre personnalit\u00e9 avec ce parfum oriental frais aux notes de musc. Le m\u00e9lange de notre contrepartie combine le merveilleux ar\u00f4me de la menthe, de l&rsquo;herbe verte, du jasmin, de la p\u00eache et de l&rsquo;orchid\u00e9e. La chaleur de l&rsquo;ensemble de la composition est conf\u00e9r\u00e9e par le c\u00e8dre et le bois de santal. Le parfum bois\u00e9 CK be est parfait pour toutes les occasions.    <\/p>\n<p>CARACTERISTIQUES DU PARFUM CALVIN KLEIN CK BE EQUIVALENT :<br \/>\nType de parfum : floral, bois\u00e9, musqu\u00e9<br \/>\nPour qui : unisexe<br \/>\nContenu : 10 ml \/ 30 ml \/ 50 ml \/ 100 ml<br \/>\nCode produit : 477W<br \/>\nLe prix de ce parfum d\u00e9pend de la capacit\u00e9 indiqu\u00e9e.<br \/>\nMerci de nous donner votre avis apr\u00e8s l&rsquo;achat !<\/p>\n<p>Voir les autres parfums Calvin Klein.<\/p>\n","protected":false},"excerpt":{"rendered":"<p class=\"product__text inline-richtext\">Inspiration : Calvin Klein CK be EDT 200ML<\/p>\n<p class=\"product__text inline-richtext\"><strong>\u2705 Eau de toilette 19-21% Parfum<\/strong><\/p>\n<p class=\"product__text inline-richtext\"><strong>\u2705 Le parfum dure une seconde journ\u00e9e<\/strong><\/p>\n<p class=\"product__text inline-richtext\"><strong>Achetez le parfum, pas la marque - \u00e9conomisez de l&rsquo;argent<\/strong><\/p>\n","protected":false},"featured_media":35919,"comment_status":"open","ping_status":"closed","template":"","meta":{"_acf_changed":false},"product_brand":[],"product_cat":[213,203],"product_tag":[],"class_list":{"0":"post-28165","1":"product","2":"type-product","3":"status-publish","4":"has-post-thumbnail","6":"product_cat-meilleures-ventes","7":"product_cat-pour-les-femmes","9":"first","10":"instock","11":"shipping-taxable","12":"purchasable","13":"product-type-variable"},"acf":[],"aioseo_notices":[],"jetpack_sharing_enabled":true,"_links":{"self":[{"href":"https:\/\/dupescents.co\/fr\/wp-json\/wp\/v2\/product\/28165","targetHints":{"allow":["GET"]}}],"collection":[{"href":"https:\/\/dupescents.co\/fr\/wp-json\/wp\/v2\/product"}],"about":[{"href":"https:\/\/dupescents.co\/fr\/wp-json\/wp\/v2\/types\/product"}],"replies":[{"embeddable":true,"href":"https:\/\/dupescents.co\/fr\/wp-json\/wp\/v2\/comments?post=28165"}],"wp:featuredmedia":[{"embeddable":true,"href":"https:\/\/dupescents.co\/fr\/wp-json\/wp\/v2\/media\/35919"}],"wp:attachment":[{"href":"https:\/\/dupescents.co\/fr\/wp-json\/wp\/v2\/media?parent=28165"}],"wp:term":[{"taxonomy":"product_brand","embeddable":true,"href":"https:\/\/dupescents.co\/fr\/wp-json\/wp\/v2\/product_brand?post=28165"},{"taxonomy":"product_cat","embeddable":true,"href":"https:\/\/dupescents.co\/fr\/wp-json\/wp\/v2\/product_cat?post=28165"},{"taxonomy":"product_tag","embeddable":true,"href":"https:\/\/dupescents.co\/fr\/wp-json\/wp\/v2\/product_tag?post=28165"}],"curies":[{"name":"wp","href":"https:\/\/api.w.org\/{rel}","templated":true}]}}