{"id":28141,"date":"2025-04-02T17:01:40","date_gmt":"2025-04-02T15:01:40","guid":{"rendered":"https:\/\/dupescents.co\/products\/magic-perfume-remplacement-488w\/"},"modified":"2025-11-05T19:34:55","modified_gmt":"2025-11-05T18:34:55","slug":"magic-perfume-remplacement-488w","status":"publish","type":"product","link":"https:\/\/dupescents.co\/fr\/products\/magic-perfume-remplacement-488w\/","title":{"rendered":"MAGIC PERFUME REMPLACEMENT 488W"},"content":{"rendered":"<p>488W - Ersatz f\u00fcr Creed Aventus For Her<br \/>\nPERFUMED WATER NO. 488W - Ersatz f\u00fcr Creed Aventus For Her<\/p>\n<p>DUFTNOTEN VON UNSEREM ERSATZ:<\/p>\n<p>Gr\u00fcner Apfel<br \/>\nBergamotte<br \/>\nPatchouli<br \/>\nZitrone<br \/>\nRosa Pfeffer<br \/>\nVeilchen<br \/>\nMoschus<br \/>\nRose<br \/>\nSandelholz<br \/>\nStyrax<br \/>\nSchwarze Johannisbeere<br \/>\nPfirsich<br \/>\nBernstein<br \/>\nYlang-Ylang<br \/>\nHolunderbl\u00fcte<br \/>\nDUFTBESCHREIBUNG:<\/p>\n<p>Weiblichkeit ist Macht! Zelebrieren Sie sie jeden Tag, indem Sie das Beste aus dem Leben nehmen. Der Creed Aventus for Her Duftersatz wird Sie jeden Tag selbstbewusst, fasziniert und bewundert f\u00fchlen lassen. Die Komposition ist eine Mischung aus gr\u00fcnem Apfel, Veilchen, Zitrone und rosa Pfeffer. Die Herznote besteht aus sinnlichem Moschus und Sandelholz, w\u00e4hrend die Basis aus Ylang-Ylang, schwarzer Johannisbeere und Amber besteht.<\/p>\n<p>RELATIVE EIGENSCHAFTEN Creed Aventus For Her:<br \/>\nDufttyp: fruchtig, Chypre<br \/>\nF\u00fcr wen: Frauen<br \/>\nInhalt: 10ml \/ 30ml \/ 50ml \/ 100ml<br \/>\nProdukt-Code: 488W<br \/>\nDer Preis f\u00fcr dieses Parf\u00fcm h\u00e4ngt von der angegebenen Menge ab.<br \/>\nBitte geben Sie uns Ihr Feedback nach dem Kauf!<\/p>\n<p>Siehe auch andere Creed Parfums.<\/p>\n","protected":false},"excerpt":{"rendered":"<p>Inspiration : CREED AVENTUS FOR HER EDP<\/p>\n<p class=\"product__text inline-richtext\"><strong>\u2705 Eau de toilette 19-21% Parfum<\/strong><\/p>\n<p class=\"product__text inline-richtext\"><strong>\u2705 Le parfum dure une seconde journ\u00e9e<\/strong><\/p>\n<p class=\"product__text inline-richtext\"><strong>Achetez le parfum, pas la marque - \u00e9conomisez de l&rsquo;argent<\/strong><\/p>\n","protected":false},"featured_media":0,"comment_status":"open","ping_status":"closed","template":"","meta":{"_acf_changed":false},"product_brand":[],"product_cat":[203],"product_tag":[],"class_list":{"0":"post-28141","1":"product","2":"type-product","3":"status-publish","5":"product_cat-pour-les-femmes","7":"first","8":"instock","9":"shipping-taxable","10":"purchasable","11":"product-type-variable"},"acf":[],"aioseo_notices":[],"jetpack_sharing_enabled":true,"_links":{"self":[{"href":"https:\/\/dupescents.co\/fr\/wp-json\/wp\/v2\/product\/28141","targetHints":{"allow":["GET"]}}],"collection":[{"href":"https:\/\/dupescents.co\/fr\/wp-json\/wp\/v2\/product"}],"about":[{"href":"https:\/\/dupescents.co\/fr\/wp-json\/wp\/v2\/types\/product"}],"replies":[{"embeddable":true,"href":"https:\/\/dupescents.co\/fr\/wp-json\/wp\/v2\/comments?post=28141"}],"wp:attachment":[{"href":"https:\/\/dupescents.co\/fr\/wp-json\/wp\/v2\/media?parent=28141"}],"wp:term":[{"taxonomy":"product_brand","embeddable":true,"href":"https:\/\/dupescents.co\/fr\/wp-json\/wp\/v2\/product_brand?post=28141"},{"taxonomy":"product_cat","embeddable":true,"href":"https:\/\/dupescents.co\/fr\/wp-json\/wp\/v2\/product_cat?post=28141"},{"taxonomy":"product_tag","embeddable":true,"href":"https:\/\/dupescents.co\/fr\/wp-json\/wp\/v2\/product_tag?post=28141"}],"curies":[{"name":"wp","href":"https:\/\/api.w.org\/{rel}","templated":true}]}}