{"id":28133,"date":"2025-04-01T17:02:06","date_gmt":"2025-04-01T15:02:06","guid":{"rendered":"https:\/\/dupescents.co\/products\/sent-comme-femme\/"},"modified":"2026-02-21T23:30:22","modified_gmt":"2026-02-21T22:30:22","slug":"sent-comme-femme","status":"publish","type":"product","link":"https:\/\/dupescents.co\/fr\/products\/sent-comme-femme\/","title":{"rendered":"Sent comme&#8230; Femme"},"content":{"rendered":"<p>038W - Hugo Boss Femme remplacement<br \/>\nEAU DE PARFUM NO 038W - HUGO BOSS FEMME REMPLACEMENT<\/p>\n<p>LES PARFUMS DE NOTRE REMPLACEMENT :<\/p>\n<p>FRESIA<br \/>\nBULGAR ROSE<br \/>\nLILY<br \/>\nCITRONNIER<br \/>\nTANGERINE<br \/>\nJASMINE<br \/>\nCASSIS<br \/>\nMORELA<br \/>\nBURSTON<br \/>\nDESCRIPTION DE LA FRAGRANCE :<\/p>\n<p>L&rsquo;\u00e9l\u00e9gante l\u00e9g\u00e8ret\u00e9 et la douceur qui se d\u00e9gagent de ce flacon mettront merveilleusement en valeur votre f\u00e9minit\u00e9. Optez pour notre \u00e9quivalent Hugo Boss Femme si vous aimez vous envelopper d&rsquo;un brouillard de sensualit\u00e9 naturelle. Cette eau de parfum unique souligne votre pouvoir d&rsquo;attraction, en particulier lors des chaudes journ\u00e9es d&rsquo;\u00e9t\u00e9 et de printemps. La belle composition olfactive de freesia, de lys et de jasmin s\u00e9duira toute femme ind\u00e9pendante.   <\/p>\n<p>CARACTERISTIQUES DE L&rsquo;EQUIVALENT DE BOSS FEMME PARFUM :<br \/>\nType de parfum : fruit\u00e9, floral<br \/>\nPour qui : femme<br \/>\nContenu : 10ml \/ 30ml \/ 50ml \/ 100ml<br \/>\nCode produit : 038W<br \/>\nLe prix de ce parfum d\u00e9pend de la quantit\u00e9 indiqu\u00e9e.<br \/>\nMerci de nous donner votre avis apr\u00e8s l&rsquo;achat !<\/p>\n<p>Voir aussi les autres parfums Hugo Boss et leurs substituts.<\/p>\n","protected":false},"excerpt":{"rendered":"<p class=\"product__text inline-richtext\">Inspiration : Hugo Boss Femme EDP 50ML<\/p>\n<p class=\"product__text inline-richtext\"><strong>\u2705 Eau de toilette 19-21% Parfum<\/strong><\/p>\n<p class=\"product__text inline-richtext\"><strong>\u2705 Le parfum dure une seconde journ\u00e9e<\/strong><\/p>\n<p class=\"product__text inline-richtext\"><strong>Achetez le parfum, pas la marque - \u00e9conomisez de l&rsquo;argent<\/strong><\/p>\n","protected":false},"featured_media":35859,"comment_status":"open","ping_status":"closed","template":"","meta":{"_acf_changed":false},"product_brand":[],"product_cat":[213,203],"product_tag":[],"class_list":{"0":"post-28133","1":"product","2":"type-product","3":"status-publish","4":"has-post-thumbnail","6":"product_cat-meilleures-ventes","7":"product_cat-pour-les-femmes","9":"first","10":"instock","11":"shipping-taxable","12":"purchasable","13":"product-type-variable"},"acf":[],"aioseo_notices":[],"jetpack_sharing_enabled":true,"_links":{"self":[{"href":"https:\/\/dupescents.co\/fr\/wp-json\/wp\/v2\/product\/28133","targetHints":{"allow":["GET"]}}],"collection":[{"href":"https:\/\/dupescents.co\/fr\/wp-json\/wp\/v2\/product"}],"about":[{"href":"https:\/\/dupescents.co\/fr\/wp-json\/wp\/v2\/types\/product"}],"replies":[{"embeddable":true,"href":"https:\/\/dupescents.co\/fr\/wp-json\/wp\/v2\/comments?post=28133"}],"wp:featuredmedia":[{"embeddable":true,"href":"https:\/\/dupescents.co\/fr\/wp-json\/wp\/v2\/media\/35859"}],"wp:attachment":[{"href":"https:\/\/dupescents.co\/fr\/wp-json\/wp\/v2\/media?parent=28133"}],"wp:term":[{"taxonomy":"product_brand","embeddable":true,"href":"https:\/\/dupescents.co\/fr\/wp-json\/wp\/v2\/product_brand?post=28133"},{"taxonomy":"product_cat","embeddable":true,"href":"https:\/\/dupescents.co\/fr\/wp-json\/wp\/v2\/product_cat?post=28133"},{"taxonomy":"product_tag","embeddable":true,"href":"https:\/\/dupescents.co\/fr\/wp-json\/wp\/v2\/product_tag?post=28133"}],"curies":[{"name":"wp","href":"https:\/\/api.w.org\/{rel}","templated":true}]}}