{"id":28126,"date":"2025-04-01T17:05:03","date_gmt":"2025-04-01T15:05:03","guid":{"rendered":"https:\/\/dupescents.co\/products\/sent-comme-nuit-pour-femme\/"},"modified":"2025-11-05T19:33:02","modified_gmt":"2025-11-05T18:33:02","slug":"sent-comme-nuit-pour-femme","status":"publish","type":"product","link":"https:\/\/dupescents.co\/fr\/products\/sent-comme-nuit-pour-femme\/","title":{"rendered":"Sent comme&#8230; Nuit Pour Femme"},"content":{"rendered":"<p>136W - Hugo Boss Nuit Pour Femme Ersatz<br \/>\nEAU DE PARFUM 136W - HUGO BOSS NUIT POUR FEMME ERSATZ<\/p>\n<p>DUFTNOTEN UNSERES ERSATZES:<\/p>\n<p>BROSCOSE<br \/>\nWEISSE BLUMEN<br \/>\nJASMINE<br \/>\nSANDELHOLZ<br \/>\nVIOLETT<br \/>\nALDEHYDS<br \/>\nMECH<br \/>\nDUFTBESCHREIBUNG:<\/p>\n<p>Eine sexy und sinnliche Komposition f\u00fcr mutige Frauen. Unser \u00c4quivalent zum Duft Hugo Boss Nuit Pour Femme ist ein lang anhaltendes Eau de Parfum, das an die Magie einer n\u00e4chtlichen Erfahrung erinnert. Die Kombination von s\u00fc\u00dfem Pfirsich mit Sandelholz und wei\u00dfen Bl\u00fcten erzielt eine \u00e4u\u00dferst fesselnde Wirkung und macht diesen Duft perfekt f\u00fcr besondere Anl\u00e4sse und Abende.<\/p>\n<p>EIGENSCHAFTEN DES \u00c4QUIVALENTS VON NUIT POUR FEMME PARFUM:<br \/>\nDufttyp: blumig<br \/>\nF\u00fcr wen: Frauen<br \/>\nInhalt: 10 ml \/ 30 ml \/ 50 ml \/ 100 ml<br \/>\nProdukt-Code: 136W<br \/>\nDer Preis f\u00fcr dieses Parf\u00fcm h\u00e4ngt von der angegebenen Menge ab.<br \/>\nBitte geben Sie uns Ihr Feedback nach dem Kauf!<\/p>\n<p>Sehen Sie auch andere Hugo Boss Parfums und ihre Substitute.<\/p>\n","protected":false},"excerpt":{"rendered":"<p class=\"product__text inline-richtext\">Inspiration : Hugo Boss Nuit Pour Femme EDP 50ML<\/p>\n<p class=\"product__text inline-richtext\"><strong>\u2705 Eau de toilette 19-21% Parfum<\/strong><\/p>\n<p class=\"product__text inline-richtext\"><strong>\u2705 Le parfum dure une seconde journ\u00e9e<\/strong><\/p>\n<p class=\"product__text inline-richtext\"><strong>Achetez le parfum, pas la marque - \u00e9conomisez de l&rsquo;argent<\/strong><\/p>\n","protected":false},"featured_media":0,"comment_status":"open","ping_status":"closed","template":"","meta":{"_acf_changed":false},"product_brand":[],"product_cat":[203],"product_tag":[],"class_list":{"0":"post-28126","1":"product","2":"type-product","3":"status-publish","5":"product_cat-pour-les-femmes","7":"first","8":"instock","9":"shipping-taxable","10":"purchasable","11":"product-type-variable"},"acf":[],"aioseo_notices":[],"jetpack_sharing_enabled":true,"_links":{"self":[{"href":"https:\/\/dupescents.co\/fr\/wp-json\/wp\/v2\/product\/28126","targetHints":{"allow":["GET"]}}],"collection":[{"href":"https:\/\/dupescents.co\/fr\/wp-json\/wp\/v2\/product"}],"about":[{"href":"https:\/\/dupescents.co\/fr\/wp-json\/wp\/v2\/types\/product"}],"replies":[{"embeddable":true,"href":"https:\/\/dupescents.co\/fr\/wp-json\/wp\/v2\/comments?post=28126"}],"wp:attachment":[{"href":"https:\/\/dupescents.co\/fr\/wp-json\/wp\/v2\/media?parent=28126"}],"wp:term":[{"taxonomy":"product_brand","embeddable":true,"href":"https:\/\/dupescents.co\/fr\/wp-json\/wp\/v2\/product_brand?post=28126"},{"taxonomy":"product_cat","embeddable":true,"href":"https:\/\/dupescents.co\/fr\/wp-json\/wp\/v2\/product_cat?post=28126"},{"taxonomy":"product_tag","embeddable":true,"href":"https:\/\/dupescents.co\/fr\/wp-json\/wp\/v2\/product_tag?post=28126"}],"curies":[{"name":"wp","href":"https:\/\/api.w.org\/{rel}","templated":true}]}}