{"id":28117,"date":"2025-04-01T17:02:53","date_gmt":"2025-04-01T15:02:53","guid":{"rendered":"https:\/\/dupescents.co\/products\/ca-sent-comme-laurent-manifesto\/"},"modified":"2025-11-05T19:33:01","modified_gmt":"2025-11-05T18:33:01","slug":"ca-sent-comme-laurent-manifesto","status":"publish","type":"product","link":"https:\/\/dupescents.co\/fr\/products\/ca-sent-comme-laurent-manifesto\/","title":{"rendered":"\u00c7a sent comme&#8230; Laurent Manifesto"},"content":{"rendered":"<p>134W - Ersatz f\u00fcr Yves Saint Laurent Manifesto<br \/>\n134W EAU DE PARFUM - ERSATZ F\u00dcR YVES SAINT LAURENT MANIFESTO<\/p>\n<p>DUFTNOTEN UNSERES ERSATZES:<\/p>\n<p>VANILLA<br \/>\nTONKA FR\u00dcCHTE<br \/>\nSCHWARZER KURRANT<br \/>\nSANDELHOLZ<br \/>\nGROSSBL\u00c4TTRIGER JASMIN<br \/>\nBERGAMOTTE<br \/>\nGR\u00dcNE N\u00dcSSE<br \/>\nZEDER<br \/>\nCONVALIA<br \/>\nYSL MANIFESTO DUFTBESCHREIBUNG:<\/p>\n<p>Nehmen Sie Ihr Leben selbst in die Hand und manifestieren Sie Ihre Unabh\u00e4ngigkeit. Unser Gegenst\u00fcck zu Yves Saint Laurent Manifesto ist ein Eau de Parfum mit einem Hauch von Eleganz und Luxus. Diese orientalisch-florale Komposition verstr\u00f6mt Weiblichkeit und Sinnlichkeit. Sie verf\u00fchrt mit gutem Geschmack und einer tiefen Dimension von holzigen Noten.<\/p>\n<p>MERKMALE DES \u00c4QUIVALENTS VON YVES SAINT LAURENT MANIFESTO PARF\u00dcM:<br \/>\nDufttyp: orientalisch, blumig<br \/>\nF\u00fcr wen: Frauen<br \/>\nVolumen: 10 ml \/ 30 ml \/ 50 ml \/ 100 ml<br \/>\nProdukt-Code: 134W<br \/>\nDer Preis f\u00fcr dieses Parf\u00fcm h\u00e4ngt von der angegebenen Menge ab.<br \/>\nBitte geben Sie uns Ihr Feedback nach dem Kauf!<\/p>\n<p>Siehe auch andere Yves Saint Laurent Parfums.<\/p>\n<p>Wie riecht das \u00c4quivalent des Parfums YSL Manifesto?<br \/>\nEs ist ein sehr fesselnder Duft, der als blumig, aber auch als orientalisch gilt. Unter den Duftnoten findet man Akkorde von Jasminbl\u00fcten und Maigl\u00f6ckchen, schwarze Johannisbeeren und wundersch\u00f6ne gr\u00fcne Noten. In der gesamten Komposition sp\u00fcrt man viel Leidenschaft, Energie, ein Gef\u00fchl von Freiheit, emotionaler Weiblichkeit und K\u00fchnheit.<\/p>\n","protected":false},"excerpt":{"rendered":"<p class=\"product__text inline-richtext\">Inspiration : Yves Saint Laurent Manifesto EDP 30ML<\/p>\n<p class=\"product__text inline-richtext\"><strong>\u2705 Eau de toilette 19-21% Parfum<\/strong><\/p>\n<p class=\"product__text inline-richtext\"><strong>\u2705 Le parfum dure une seconde journ\u00e9e<\/strong><\/p>\n<p class=\"product__text inline-richtext\"><strong>Achetez le parfum, pas la marque - \u00e9conomisez de l&rsquo;argent<\/strong><\/p>\n","protected":false},"featured_media":36177,"comment_status":"open","ping_status":"closed","template":"","meta":{"_acf_changed":false},"product_brand":[],"product_cat":[213,203],"product_tag":[],"class_list":{"0":"post-28117","1":"product","2":"type-product","3":"status-publish","4":"has-post-thumbnail","6":"product_cat-meilleures-ventes","7":"product_cat-pour-les-femmes","9":"first","10":"instock","11":"shipping-taxable","12":"purchasable","13":"product-type-variable"},"acf":[],"aioseo_notices":[],"jetpack_sharing_enabled":true,"_links":{"self":[{"href":"https:\/\/dupescents.co\/fr\/wp-json\/wp\/v2\/product\/28117","targetHints":{"allow":["GET"]}}],"collection":[{"href":"https:\/\/dupescents.co\/fr\/wp-json\/wp\/v2\/product"}],"about":[{"href":"https:\/\/dupescents.co\/fr\/wp-json\/wp\/v2\/types\/product"}],"replies":[{"embeddable":true,"href":"https:\/\/dupescents.co\/fr\/wp-json\/wp\/v2\/comments?post=28117"}],"wp:featuredmedia":[{"embeddable":true,"href":"https:\/\/dupescents.co\/fr\/wp-json\/wp\/v2\/media\/36177"}],"wp:attachment":[{"href":"https:\/\/dupescents.co\/fr\/wp-json\/wp\/v2\/media?parent=28117"}],"wp:term":[{"taxonomy":"product_brand","embeddable":true,"href":"https:\/\/dupescents.co\/fr\/wp-json\/wp\/v2\/product_brand?post=28117"},{"taxonomy":"product_cat","embeddable":true,"href":"https:\/\/dupescents.co\/fr\/wp-json\/wp\/v2\/product_cat?post=28117"},{"taxonomy":"product_tag","embeddable":true,"href":"https:\/\/dupescents.co\/fr\/wp-json\/wp\/v2\/product_tag?post=28117"}],"curies":[{"name":"wp","href":"https:\/\/api.w.org\/{rel}","templated":true}]}}