{"id":28107,"date":"2025-04-01T17:05:45","date_gmt":"2025-04-01T15:05:45","guid":{"rendered":"https:\/\/dupescents.co\/products\/sentir-comme-bruno-banani\/"},"modified":"2025-11-05T19:33:00","modified_gmt":"2025-11-05T18:33:00","slug":"sentir-comme-bruno-banani","status":"publish","type":"product","link":"https:\/\/dupescents.co\/fr\/products\/sentir-comme-bruno-banani\/","title":{"rendered":"Sentir comme&#8230; Bruno Banani"},"content":{"rendered":"<p>019W - Bruno Banani \u00c4quivalent<br \/>\nEAU DE PARFUM 019W - BRUNO BANANI BRUNO BANANI \u00c4QUIVALENT<\/p>\n<p>DUFTNOTEN VON UNSEREM ERSATZ:<\/p>\n<p>BRUSSWIN<br \/>\nFRISCH<br \/>\nWASSERLILIE<br \/>\nPI\u017bMO<br \/>\nBLUSH<br \/>\nVANILLA<br \/>\nORANGE<br \/>\nKONWALIA<br \/>\nDUFTBESCHREIBUNG:<\/p>\n<p>Dieser Duft wird von jeder modernen Femme fatale geliebt werden. Das Gegenst\u00fcck zum Bruno Banani Damenparf\u00fcm, Bruno Banani verf\u00fchrt mit seiner Weiblichkeit und seinem st\u00e4ndigen Hang zum Flirten. Es ist eine fruchtig-blumige Komposition f\u00fcr entschlossene Frauen, die nicht z\u00f6gern, nach dem Erfolg zu greifen. Die Verwenderinnen dieser Duftkomposition sind st\u00e4ndig auf der Suche nach Momenten der Leidenschaft und wollen damit um den Mann ihrer Wahl werben.<\/p>\n<p>EIGENSCHAFTEN VON BRUNO BANANI EQUIVALENT PARF\u00dcM:<br \/>\nDufttyp: fruchtig, blumig<br \/>\nF\u00fcr wen: weiblich<br \/>\nInhalt: 10ml \/ 30ml \/ 50ml \/ 100ml<br \/>\nProdukt-Code: 019W<br \/>\nDer Preis f\u00fcr dieses Parf\u00fcm h\u00e4ngt von der angegebenen Menge ab.<br \/>\nBitte geben Sie uns Ihr Feedback nach dem Kauf!<\/p>\n<p>Sehen Sie auch andere Bruno Banani Parfums und ihre Ersatzprodukte.<\/p>\n","protected":false},"excerpt":{"rendered":"<p>Inspiration : Bruno Banani Bruno Banani EDT 40ML<\/p>\n<p class=\"product__text inline-richtext\"><strong>\u2705 Eau de toilette 19-21% Parfum<\/strong><\/p>\n<p class=\"product__text inline-richtext\"><strong>\u2705 Le parfum dure une seconde journ\u00e9e<\/strong><\/p>\n<p class=\"product__text inline-richtext\"><strong>Achetez le parfum, pas la marque - \u00e9conomisez de l&rsquo;argent<\/strong><\/p>\n","protected":false},"featured_media":0,"comment_status":"open","ping_status":"closed","template":"","meta":{"_acf_changed":false},"product_brand":[],"product_cat":[203],"product_tag":[],"class_list":{"0":"post-28107","1":"product","2":"type-product","3":"status-publish","5":"product_cat-pour-les-femmes","7":"first","8":"instock","9":"shipping-taxable","10":"purchasable","11":"product-type-variable"},"acf":[],"aioseo_notices":[],"jetpack_sharing_enabled":true,"_links":{"self":[{"href":"https:\/\/dupescents.co\/fr\/wp-json\/wp\/v2\/product\/28107","targetHints":{"allow":["GET"]}}],"collection":[{"href":"https:\/\/dupescents.co\/fr\/wp-json\/wp\/v2\/product"}],"about":[{"href":"https:\/\/dupescents.co\/fr\/wp-json\/wp\/v2\/types\/product"}],"replies":[{"embeddable":true,"href":"https:\/\/dupescents.co\/fr\/wp-json\/wp\/v2\/comments?post=28107"}],"wp:attachment":[{"href":"https:\/\/dupescents.co\/fr\/wp-json\/wp\/v2\/media?parent=28107"}],"wp:term":[{"taxonomy":"product_brand","embeddable":true,"href":"https:\/\/dupescents.co\/fr\/wp-json\/wp\/v2\/product_brand?post=28107"},{"taxonomy":"product_cat","embeddable":true,"href":"https:\/\/dupescents.co\/fr\/wp-json\/wp\/v2\/product_cat?post=28107"},{"taxonomy":"product_tag","embeddable":true,"href":"https:\/\/dupescents.co\/fr\/wp-json\/wp\/v2\/product_tag?post=28107"}],"curies":[{"name":"wp","href":"https:\/\/api.w.org\/{rel}","templated":true}]}}