{"id":28079,"date":"2025-04-01T17:07:50","date_gmt":"2025-04-01T15:07:50","guid":{"rendered":"https:\/\/dupescents.co\/products\/sent-comme-angel-1992\/"},"modified":"2026-02-21T19:25:46","modified_gmt":"2026-02-21T18:25:46","slug":"sent-comme-angel-1992","status":"publish","type":"product","link":"https:\/\/dupescents.co\/fr\/products\/sent-comme-angel-1992\/","title":{"rendered":"Sent comme&#8230; Angel"},"content":{"rendered":"<p>113W - Remplacement pour Thierry Mugler Angel<br \/>\nEAU DE PARFUM NO 113W - REMPLACEMENT POUR THIERRY MUGLER ANGEL<\/p>\n<p>PARFUMS DE NOTRE REMPLACEMENT :<\/p>\n<p>PACULA<br \/>\nCHOCOLAT<br \/>\nKARAMEL<br \/>\nMIEL<br \/>\nVANILLA<br \/>\nCIRE DE SUCRE<br \/>\nTONKA FASOL<br \/>\nBURSHINE<br \/>\nPI\u017bMO<br \/>\nNOIX DE COCO<br \/>\nRED BERRIES<br \/>\nBI\u00c8RE NOIRE<br \/>\nFEUILLE DE CASSIS<br \/>\nPLAUME<br \/>\nJASMINE<br \/>\nBERGAMOTKA<br \/>\nMELON<br \/>\nMORELA<br \/>\nORCHIDEA<br \/>\nBRUSSCOOT<br \/>\nMANDARINE<br \/>\nROSE<br \/>\nNUTMEG<br \/>\nANANAS<br \/>\nKONWALIA<br \/>\nSANDALWOOD<br \/>\nKMINE<br \/>\nDESCRIPTION DU PARFUM :<\/p>\n<p>Une eau de parfum tr\u00e8s exclusive pour les femmes qui ont confiance en elles. Notre \u00e9quivalent du parfum Angel de Thierry Mugler est une composition remarquable pour les femmes conscientes qui savent ce qu&rsquo;elles veulent. La belle fragrance dans le flacon de parfum remplit les r\u00eaves d&rsquo;exotisme et de voyages lointains. Les accords olfactifs, associ\u00e9s aux soir\u00e9es d&rsquo;\u00e9t\u00e9, invitent \u00e0 se plonger dans leurs ar\u00f4mes raffin\u00e9s.   <\/p>\n","protected":false},"excerpt":{"rendered":"<p>Inspiration : Thierry Mugler Angel 1992 EDP 50ML<\/p>\n<p class=\"product__text inline-richtext\"><strong>\u2705 Eau de toilette 19-21% Parfum<\/strong><\/p>\n<p class=\"product__text inline-richtext\"><strong>\u2705 Le parfum dure une seconde journ\u00e9e<\/strong><\/p>\n<p class=\"product__text inline-richtext\"><strong>Achetez le parfum, pas la marque - \u00e9conomisez de l&rsquo;argent<\/strong><\/p>\n","protected":false},"featured_media":35767,"comment_status":"open","ping_status":"closed","template":"","meta":{"_acf_changed":false},"product_brand":[],"product_cat":[213,203],"product_tag":[],"class_list":{"0":"post-28079","1":"product","2":"type-product","3":"status-publish","4":"has-post-thumbnail","6":"product_cat-meilleures-ventes","7":"product_cat-pour-les-femmes","9":"first","10":"instock","11":"shipping-taxable","12":"purchasable","13":"product-type-variable"},"acf":[],"aioseo_notices":[],"jetpack_sharing_enabled":true,"_links":{"self":[{"href":"https:\/\/dupescents.co\/fr\/wp-json\/wp\/v2\/product\/28079","targetHints":{"allow":["GET"]}}],"collection":[{"href":"https:\/\/dupescents.co\/fr\/wp-json\/wp\/v2\/product"}],"about":[{"href":"https:\/\/dupescents.co\/fr\/wp-json\/wp\/v2\/types\/product"}],"replies":[{"embeddable":true,"href":"https:\/\/dupescents.co\/fr\/wp-json\/wp\/v2\/comments?post=28079"}],"wp:featuredmedia":[{"embeddable":true,"href":"https:\/\/dupescents.co\/fr\/wp-json\/wp\/v2\/media\/35767"}],"wp:attachment":[{"href":"https:\/\/dupescents.co\/fr\/wp-json\/wp\/v2\/media?parent=28079"}],"wp:term":[{"taxonomy":"product_brand","embeddable":true,"href":"https:\/\/dupescents.co\/fr\/wp-json\/wp\/v2\/product_brand?post=28079"},{"taxonomy":"product_cat","embeddable":true,"href":"https:\/\/dupescents.co\/fr\/wp-json\/wp\/v2\/product_cat?post=28079"},{"taxonomy":"product_tag","embeddable":true,"href":"https:\/\/dupescents.co\/fr\/wp-json\/wp\/v2\/product_tag?post=28079"}],"curies":[{"name":"wp","href":"https:\/\/api.w.org\/{rel}","templated":true}]}}