{"id":28069,"date":"2025-04-01T17:09:07","date_gmt":"2025-04-01T15:09:07","guid":{"rendered":"https:\/\/dupescents.co\/products\/sent-comme-la-vie-est-belle-leclat\/"},"modified":"2025-11-05T19:32:52","modified_gmt":"2025-11-05T18:32:52","slug":"sent-comme-la-vie-est-belle-leclat","status":"publish","type":"product","link":"https:\/\/dupescents.co\/fr\/products\/sent-comme-la-vie-est-belle-leclat\/","title":{"rendered":"Sent comme&#8230; La Vie Est Belle L&rsquo;eclat"},"content":{"rendered":"<p>113W - Ersatz f\u00fcr Thierry Mugler Angel 1992<br \/>\nEAU DE PARFUM NO 113W - ERSATZ F\u00dcR THIERRY MUGLER ANGEL<\/p>\n<p>DUFTNOTEN VON UNSEREM ERSATZ:<\/p>\n<p>PACULA<br \/>\nSCHOKOLADE<br \/>\nKARAMEL<br \/>\nHONIG<br \/>\nVANILLA<br \/>\nZUCKERWACHS<br \/>\nTONKA FASOL<br \/>\nBURSHINE<br \/>\nPI\u017bMO<br \/>\nKOKOSNUSS<br \/>\nRED BERRIES<br \/>\nSCHWARZE BEERE<br \/>\nSCHWARZE JOHANNISBEERE BLATT<br \/>\nPFLAUME<br \/>\nJASMINE<br \/>\nBERGAMOTKA<br \/>\nMELON<br \/>\nMORELA<br \/>\nORCHIDEA<br \/>\nBRUSSCOOT<br \/>\nMANDARINE<br \/>\nROSE<br \/>\nNUTMEG<br \/>\nANANAS<br \/>\nKONWALIA<br \/>\nSANDALWOOD<br \/>\nKMINE<br \/>\nDUFTBESCHREIBUNG:<\/p>\n<p>Ein \u00e4u\u00dferst exklusives Eau de Parfum f\u00fcr selbstbewusste Frauen. Unser Pendant zum Duft Angel von Thierry Mugler ist eine bemerkenswerte Komposition f\u00fcr bewusste Frauen, die wissen, was sie wollen. Der sch\u00f6ne Duft im Parf\u00fcmflakon erf\u00fcllt Tr\u00e4ume von Exotik und fernen Reisen. Die Duftakkorde, die mit Sommerabenden assoziiert werden, laden dazu ein, in ihren raffinierten Aromen zu versinken.<\/p>\n","protected":false},"excerpt":{"rendered":"<p>Inspiration : Lancome La Vie Est Belle L&rsquo;eclat EDP 30ML<\/p>\n<p class=\"product__text inline-richtext\"><strong>\u2705 Eau de toilette 19-21% Parfum<\/strong><\/p>\n<p class=\"product__text inline-richtext\"><strong>\u2705 Le parfum dure une seconde journ\u00e9e<\/strong><\/p>\n<p class=\"product__text inline-richtext\"><strong>Achetez le parfum, pas la marque - \u00e9conomisez de l&rsquo;argent<\/strong><\/p>\n","protected":false},"featured_media":22051,"comment_status":"open","ping_status":"closed","template":"","meta":{"_acf_changed":false},"product_brand":[],"product_cat":[203],"product_tag":[],"class_list":{"0":"post-28069","1":"product","2":"type-product","3":"status-publish","4":"has-post-thumbnail","6":"product_cat-pour-les-femmes","8":"first","9":"instock","10":"shipping-taxable","11":"purchasable","12":"product-type-variable"},"acf":[],"aioseo_notices":[],"jetpack_sharing_enabled":true,"_links":{"self":[{"href":"https:\/\/dupescents.co\/fr\/wp-json\/wp\/v2\/product\/28069","targetHints":{"allow":["GET"]}}],"collection":[{"href":"https:\/\/dupescents.co\/fr\/wp-json\/wp\/v2\/product"}],"about":[{"href":"https:\/\/dupescents.co\/fr\/wp-json\/wp\/v2\/types\/product"}],"replies":[{"embeddable":true,"href":"https:\/\/dupescents.co\/fr\/wp-json\/wp\/v2\/comments?post=28069"}],"wp:featuredmedia":[{"embeddable":true,"href":"https:\/\/dupescents.co\/fr\/wp-json\/wp\/v2\/media\/22051"}],"wp:attachment":[{"href":"https:\/\/dupescents.co\/fr\/wp-json\/wp\/v2\/media?parent=28069"}],"wp:term":[{"taxonomy":"product_brand","embeddable":true,"href":"https:\/\/dupescents.co\/fr\/wp-json\/wp\/v2\/product_brand?post=28069"},{"taxonomy":"product_cat","embeddable":true,"href":"https:\/\/dupescents.co\/fr\/wp-json\/wp\/v2\/product_cat?post=28069"},{"taxonomy":"product_tag","embeddable":true,"href":"https:\/\/dupescents.co\/fr\/wp-json\/wp\/v2\/product_tag?post=28069"}],"curies":[{"name":"wp","href":"https:\/\/api.w.org\/{rel}","templated":true}]}}