{"id":28056,"date":"2025-04-02T16:14:15","date_gmt":"2025-04-02T14:14:15","guid":{"rendered":"https:\/\/dupescents.co\/products\/ca-sent-comme-mon-paris\/"},"modified":"2025-11-05T19:32:49","modified_gmt":"2025-11-05T18:32:49","slug":"ca-sent-comme-mon-paris","status":"publish","type":"product","link":"https:\/\/dupescents.co\/fr\/products\/ca-sent-comme-mon-paris\/","title":{"rendered":"\u00c7a sent comme&#8230; Mon Paris"},"content":{"rendered":"<p>180W - Ersatz f\u00fcr Yves Saint Laurent Mon Paris<br \/>\nEAU DE PARFUM NR. 180W - ERSATZ F\u00dcR YVES SAINT LAURENT MON PARIS<\/p>\n<p>DUFTNOTEN UNSERES ERSATZES:<\/p>\n<p>TRUSCUMBER<br \/>\nHASPERBEERE<br \/>\nINDONESISCHES PATCHOULI BLATT<br \/>\nPIWONIA<br \/>\nGRUSCH<br \/>\nWEISSER PIZZA<br \/>\nGROSSBL\u00c4TTRIGER JASMIN<br \/>\nBLANC<br \/>\nVANILLE<br \/>\nORANGE<br \/>\nAMBROXAN<br \/>\nORANGENBLUME<br \/>\nKALABRISCHE BERGAMOTTE<br \/>\nTANGERINE<br \/>\nCALONE<br \/>\nMECH<br \/>\nZEDER<br \/>\nDUFTBESCHREIBUNG:<\/p>\n<p>Ein wunderbar femininer Duft, der mit seiner Sanftheit umh\u00fcllt. Unser Eau de Parfum No 180W ist ein Pendant zu Yves Saint Laurent Mon Paris mit einer sehr hohen Langlebigkeit. Eine reizvolle Kombination aus saftigen Fr\u00fcchten mit tiefen und geheimnisvollen Chypre-Akkorden verf\u00fchrt und stimuliert die Sinne. Eine perfekte Wahl f\u00fcr das t\u00e4gliche Tragen, die Ihren Stil unterstreicht.<\/p>\n<p>MERKMALE DES \u00c4QUIVALENTS DES PARFUMS YSL MON PARIS:<br \/>\nDufttyp: fruchtig, Chypre<br \/>\nF\u00fcr wen: Frauen<br \/>\nInhalt: 30 ml \/ 50 ml \/ 100 ml<br \/>\nProdukt-Code: 180W<br \/>\nDer Preis f\u00fcr dieses Parf\u00fcm h\u00e4ngt von der angegebenen Menge ab.<br \/>\nBitte geben Sie uns Ihr Feedback nach dem Kauf!<\/p>\n<p>&nbsp;<\/p>\n<p>Wie riecht das \u00c4quivalent des Parfums Yves Saint Laurent Mon Paris?<br \/>\nEs ist ein Duft, der als Chypre, aber auch als fruchtig eingestuft werden kann. Unter seinen Duftnoten kann man den Zauber von saftigen Fr\u00fcchten und zahlreichen wunderbaren Aromen wahrnehmen. Dazu geh\u00f6ren Akkorde von Wei\u00df, Moos, Orange, Birne, Himbeere oder Bergamotte. Die gesamte Komposition hat viel Romantik in sich und betont die Weiblichkeit. Dazu kommen Frische und Sexyness, die Sch\u00f6nheit zarter Blumen, S\u00fc\u00dfe und ein Hauch von Gew\u00fcrznoten.<\/p>\n","protected":false},"excerpt":{"rendered":"<p class=\"product__text inline-richtext\">Inspiration : Yves Saint Laurent Mon Paris EDP 30ML<\/p>\n<p class=\"product__text inline-richtext\"><strong>\u2705 Eau de toilette 19-21% Parfum<\/strong><\/p>\n<p class=\"product__text inline-richtext\"><strong>\u2705 Le parfum dure une seconde journ\u00e9e<\/strong><\/p>\n<p class=\"product__text inline-richtext\"><strong>Achetez le parfum, pas la marque - \u00e9conomisez de l&rsquo;argent<\/strong><\/p>\n","protected":false},"featured_media":36165,"comment_status":"open","ping_status":"closed","template":"","meta":{"_acf_changed":false},"product_brand":[],"product_cat":[213,203],"product_tag":[],"class_list":{"0":"post-28056","1":"product","2":"type-product","3":"status-publish","4":"has-post-thumbnail","6":"product_cat-meilleures-ventes","7":"product_cat-pour-les-femmes","9":"first","10":"instock","11":"shipping-taxable","12":"purchasable","13":"product-type-variable"},"acf":[],"aioseo_notices":[],"jetpack_sharing_enabled":true,"_links":{"self":[{"href":"https:\/\/dupescents.co\/fr\/wp-json\/wp\/v2\/product\/28056","targetHints":{"allow":["GET"]}}],"collection":[{"href":"https:\/\/dupescents.co\/fr\/wp-json\/wp\/v2\/product"}],"about":[{"href":"https:\/\/dupescents.co\/fr\/wp-json\/wp\/v2\/types\/product"}],"replies":[{"embeddable":true,"href":"https:\/\/dupescents.co\/fr\/wp-json\/wp\/v2\/comments?post=28056"}],"wp:featuredmedia":[{"embeddable":true,"href":"https:\/\/dupescents.co\/fr\/wp-json\/wp\/v2\/media\/36165"}],"wp:attachment":[{"href":"https:\/\/dupescents.co\/fr\/wp-json\/wp\/v2\/media?parent=28056"}],"wp:term":[{"taxonomy":"product_brand","embeddable":true,"href":"https:\/\/dupescents.co\/fr\/wp-json\/wp\/v2\/product_brand?post=28056"},{"taxonomy":"product_cat","embeddable":true,"href":"https:\/\/dupescents.co\/fr\/wp-json\/wp\/v2\/product_cat?post=28056"},{"taxonomy":"product_tag","embeddable":true,"href":"https:\/\/dupescents.co\/fr\/wp-json\/wp\/v2\/product_tag?post=28056"}],"curies":[{"name":"wp","href":"https:\/\/api.w.org\/{rel}","templated":true}]}}