{"id":28044,"date":"2025-04-02T16:14:55","date_gmt":"2025-04-02T14:14:55","guid":{"rendered":"https:\/\/dupescents.co\/products\/sent-comme-allure\/"},"modified":"2026-02-21T19:19:55","modified_gmt":"2026-02-21T18:19:55","slug":"sent-comme-allure","status":"publish","type":"product","link":"https:\/\/dupescents.co\/fr\/products\/sent-comme-allure\/","title":{"rendered":"Sent comme&#8230; Allure"},"content":{"rendered":"<p>108W - Remplacement pour Chanel Allure<br \/>\n108W EAU DE PARFUM - REMPLACEMENT POUR CHANEL ALLURE<\/p>\n<p>PARFUMS DE NOS SUBSTITUTS :<\/p>\n<p>VANILLA<br \/>\nVITALISCOUR<br \/>\nCITRON<br \/>\nJASMINE<br \/>\nMAGNOLIEN<br \/>\nMANDARINE<br \/>\nLILIE D&rsquo;EAU<br \/>\nMARACUJA<br \/>\nFRA\u00ceCHEUR<br \/>\nBRUSSLEY<br \/>\nSANDALWOOD<br \/>\nBERGAMOT<br \/>\nVETIVERIE<br \/>\nBURSHINE<br \/>\nORANGE BLOSSOM<br \/>\nPIWONIA<br \/>\nPACULA<br \/>\nMAJOR ROSE<br \/>\nDESCRIPTION DU PARFUM :<\/p>\n<p>Un parfum qui est irr\u00e9sistible. Notre \u00e9quivalent de Chanel Allure est une eau de parfum qui donne de l&rsquo;assurance \u00e0 toute personne qui la porte. C&rsquo;est un parfum qui attire l&rsquo;attention et suscite le d\u00e9sir des hommes et m\u00eame&#8230; la l\u00e9g\u00e8re jalousie des femmes ! Ce parfum floral fascinant est parfait pour un usage quotidien.   <\/p>\n<p>CARACTERISTIQUES DU PARFUM :<br \/>\nType de parfum : floral<br \/>\nPour qui : femmes<br \/>\nVolume : 30 ml \/ 50 ml \/ 100 ml<br \/>\nCode produit : 108W<br \/>\nLe prix de ce parfum d\u00e9pend de la quantit\u00e9 indiqu\u00e9e.<br \/>\nMerci de nous donner votre avis apr\u00e8s l&rsquo;achat !<\/p>\n<p>Voir aussi les autres parfums Chanel et leurs produits de remplacement.<\/p>\n","protected":false},"excerpt":{"rendered":"<p class=\"product__text inline-richtext\">Inspiration : Chanel Allure EDT 100ML<\/p>\n<p class=\"product__text inline-richtext\"><strong>\u2705 Eau de toilette 19-21% Parfum<\/strong><\/p>\n<p class=\"product__text inline-richtext\"><strong>\u2705 Le parfum dure une seconde journ\u00e9e<\/strong><\/p>\n<p class=\"product__text inline-richtext\"><strong>Achetez le parfum, pas la marque - \u00e9conomisez de l&rsquo;argent<\/strong><\/p>\n","protected":false},"featured_media":35762,"comment_status":"open","ping_status":"closed","template":"","meta":{"_acf_changed":false},"product_brand":[],"product_cat":[213,203],"product_tag":[],"class_list":{"0":"post-28044","1":"product","2":"type-product","3":"status-publish","4":"has-post-thumbnail","6":"product_cat-meilleures-ventes","7":"product_cat-pour-les-femmes","9":"first","10":"instock","11":"shipping-taxable","12":"purchasable","13":"product-type-variable"},"acf":[],"aioseo_notices":[],"jetpack_sharing_enabled":true,"_links":{"self":[{"href":"https:\/\/dupescents.co\/fr\/wp-json\/wp\/v2\/product\/28044","targetHints":{"allow":["GET"]}}],"collection":[{"href":"https:\/\/dupescents.co\/fr\/wp-json\/wp\/v2\/product"}],"about":[{"href":"https:\/\/dupescents.co\/fr\/wp-json\/wp\/v2\/types\/product"}],"replies":[{"embeddable":true,"href":"https:\/\/dupescents.co\/fr\/wp-json\/wp\/v2\/comments?post=28044"}],"wp:featuredmedia":[{"embeddable":true,"href":"https:\/\/dupescents.co\/fr\/wp-json\/wp\/v2\/media\/35762"}],"wp:attachment":[{"href":"https:\/\/dupescents.co\/fr\/wp-json\/wp\/v2\/media?parent=28044"}],"wp:term":[{"taxonomy":"product_brand","embeddable":true,"href":"https:\/\/dupescents.co\/fr\/wp-json\/wp\/v2\/product_brand?post=28044"},{"taxonomy":"product_cat","embeddable":true,"href":"https:\/\/dupescents.co\/fr\/wp-json\/wp\/v2\/product_cat?post=28044"},{"taxonomy":"product_tag","embeddable":true,"href":"https:\/\/dupescents.co\/fr\/wp-json\/wp\/v2\/product_tag?post=28044"}],"curies":[{"name":"wp","href":"https:\/\/api.w.org\/{rel}","templated":true}]}}