{"id":28038,"date":"2025-04-02T16:34:02","date_gmt":"2025-04-02T14:34:02","guid":{"rendered":"https:\/\/dupescents.co\/products\/sent-comme-opium-noir-intense\/"},"modified":"2026-02-22T00:38:46","modified_gmt":"2026-02-21T23:38:46","slug":"sent-comme-opium-noir-intense","status":"publish","type":"product","link":"https:\/\/dupescents.co\/fr\/products\/sent-comme-opium-noir-intense\/","title":{"rendered":"Sent comme&#8230; Opium noir intense"},"content":{"rendered":"<p>172W - Remplacement pour Yves Saint Laurent Black Opium INTENSE<br \/>\n172W EAU DE PARFUM - REMPLACEMENT POUR YVES SAINT LAURENT BLACK OPIUM INTENSE<\/p>\n<p>PARFUMS DE NOS SUBSTITUTS :<\/p>\n<p>CAF\u00c9<br \/>\nVANILLE<br \/>\nABSINTHE<br \/>\nLUCRECIA<br \/>\nHASPERBEER<br \/>\nORANGER<br \/>\nFOR\u00caT DE SANTAL<br \/>\nJASMIN \u00c0 GRANDES FEUILLES<br \/>\nDESCRIPTION DE LA FRAGRANCE :<\/p>\n<p>Un parfum parfait pour le soir et les grandes occasions. Notre \u00e9quivalent de Black Opium Intense d&rsquo;Yves Saint Laurent est une Eau de Parfum longue dur\u00e9e qui regorge d&rsquo;accords intenses. Elle s\u00e9duit et choie les sens gr\u00e2ce \u00e0 sa combinaison \u00e9nergique de caf\u00e9, de vanille et d&rsquo;ar\u00f4me profond de bois de santal. Il sera aim\u00e9 par tous les amateurs de la vie nocturne qui attendent une nouvelle exp\u00e9rience.   <\/p>\n<p>CARACTERISTIQUES DE L&rsquo;EQUIVALENT DE YSL OPIUM NOIR PARFUM INTENSIF :<br \/>\nType de parfum : oriental<br \/>\nPour qui : femme<br \/>\nVolume : 30 ml \/ 50 ml \/ 100 ml<br \/>\nCode produit : 172W<br \/>\nLe prix de ce parfum d\u00e9pend de la quantit\u00e9 indiqu\u00e9e.<br \/>\nMerci de nous donner votre avis apr\u00e8s l&rsquo;achat !<\/p>\n<p>Voir aussi les autres parfums Yves Saint Laurent et leurs produits de remplacement.<\/p>\n<p>Consultez \u00e9galement l&rsquo;\u00e9quivalent du parfum Black Opium et le substitut Floral Shock.<\/p>\n","protected":false},"excerpt":{"rendered":"<p class=\"product__text inline-richtext\">Inspiration : Yves Saint Laurent Black Opium INTENSE EDP 30ML<\/p>\n<p class=\"product__text inline-richtext\"><strong>\u2705 Eau de toilette 19-21% Parfum<\/strong><\/p>\n<p class=\"product__text inline-richtext\"><strong>\u2705 Le parfum dure une seconde journ\u00e9e<\/strong><\/p>\n<p class=\"product__text inline-richtext\"><strong>Achetez le parfum, pas la marque - \u00e9conomisez de l&rsquo;argent<\/strong><\/p>\n","protected":false},"featured_media":35931,"comment_status":"open","ping_status":"closed","template":"","meta":{"_acf_changed":false},"product_brand":[],"product_cat":[213,203],"product_tag":[],"class_list":{"0":"post-28038","1":"product","2":"type-product","3":"status-publish","4":"has-post-thumbnail","6":"product_cat-meilleures-ventes","7":"product_cat-pour-les-femmes","9":"first","10":"instock","11":"shipping-taxable","12":"purchasable","13":"product-type-variable"},"acf":[],"aioseo_notices":[],"jetpack_sharing_enabled":true,"_links":{"self":[{"href":"https:\/\/dupescents.co\/fr\/wp-json\/wp\/v2\/product\/28038","targetHints":{"allow":["GET"]}}],"collection":[{"href":"https:\/\/dupescents.co\/fr\/wp-json\/wp\/v2\/product"}],"about":[{"href":"https:\/\/dupescents.co\/fr\/wp-json\/wp\/v2\/types\/product"}],"replies":[{"embeddable":true,"href":"https:\/\/dupescents.co\/fr\/wp-json\/wp\/v2\/comments?post=28038"}],"wp:featuredmedia":[{"embeddable":true,"href":"https:\/\/dupescents.co\/fr\/wp-json\/wp\/v2\/media\/35931"}],"wp:attachment":[{"href":"https:\/\/dupescents.co\/fr\/wp-json\/wp\/v2\/media?parent=28038"}],"wp:term":[{"taxonomy":"product_brand","embeddable":true,"href":"https:\/\/dupescents.co\/fr\/wp-json\/wp\/v2\/product_brand?post=28038"},{"taxonomy":"product_cat","embeddable":true,"href":"https:\/\/dupescents.co\/fr\/wp-json\/wp\/v2\/product_cat?post=28038"},{"taxonomy":"product_tag","embeddable":true,"href":"https:\/\/dupescents.co\/fr\/wp-json\/wp\/v2\/product_tag?post=28038"}],"curies":[{"name":"wp","href":"https:\/\/api.w.org\/{rel}","templated":true}]}}