{"id":28028,"date":"2025-04-02T16:36:08","date_gmt":"2025-04-02T14:36:08","guid":{"rendered":"https:\/\/dupescents.co\/products\/sent-comme-rose-tangerine\/"},"modified":"2025-11-05T19:32:43","modified_gmt":"2025-11-05T18:32:43","slug":"sent-comme-rose-tangerine","status":"publish","type":"product","link":"https:\/\/dupescents.co\/fr\/products\/sent-comme-rose-tangerine\/","title":{"rendered":"Sent comme&#8230; Rose Tangerine"},"content":{"rendered":"<p>097W - Ersatz f\u00fcr Chloe Rose Tangerine<br \/>\nEAU DE PARFUM NO 097W - ERSATZ F\u00dcR CHLOE ROSE TANGERINE<\/p>\n<p>DUFTNOTEN VON UNSEREM ERSATZ:<\/p>\n<p>TANGERINE<br \/>\nBLACKCURRANT<br \/>\nROSE<br \/>\nZEDER<br \/>\nWEISSE AMBER<br \/>\nDUFTBESCHREIBUNG:<\/p>\n<p>Sie setzen klare Grenzen. Du strahlst eine befreite Weiblichkeit aus und Durchsetzungsverm\u00f6gen ist dein zweiter Vorname. Sie agieren mutig und bleiben doch stilvoll und elegant. Sie w\u00fcnschen sich einen Duft, der Ihre einzigartige Pers\u00f6nlichkeit voll und ganz widerspiegelt?<\/p>\n<p>Probieren Sie 097W, ein Eau de Parfum, das von Chloe Rose Tangerine inspiriert ist. Die Rosennote ist mit dem Aroma von Johannisbeeren, Zedernholz und Ambra verwoben, was dem Ganzen einen einzigartigen Charakter verleiht.<\/p>\n<p>Dieser sch\u00f6ne Duft hat etwas Glamour\u00f6ses an sich - und das verdankt er der \u00fcberraschend fruchtigen Rosennote, die hier auf interessante Weise mit Mandarine kombiniert wird. Einen deutlichen Akzent setzen die lebendigen Noten der schwarzen Johannisbeere, w\u00e4hrend Zedernholz und wei\u00dfer Amber f\u00fcr Stil und Chic sorgen.<\/p>\n<p>EIGENSCHAFTEN DES GEGENST\u00dcCKS:<\/p>\n<p>Dufttyp: fruchtig, blumig<br \/>\nF\u00fcr wen: Frauen<br \/>\nInhalt: 10ml \/ 30ml \/ 50ml \/ 100ml<br \/>\nProdukt-Code: 097W<br \/>\nDer Preis f\u00fcr dieses Parf\u00fcm h\u00e4ngt von der angegebenen Menge ab.<br \/>\nBitte geben Sie uns Ihr Feedback nach dem Kauf!<\/p>\n<p>&nbsp;<\/p>\n<p>Wie riecht der Parf\u00fcmersatz Chloe Rose Tangerine?<br \/>\nEs handelt sich um eine Duftkategorie, die blumige und fruchtige Noten kombiniert. Ersteres ist auf den Duft der K\u00f6nigin der Blumen, der Rose, zur\u00fcckzuf\u00fchren. Letzteres ist auf die schwarze Johannisbeere zur\u00fcckzuf\u00fchren.<\/p>\n<p>F\u00fcr wen ist das Parf\u00fcm Chloe Rose Tangerine geeignet?<br \/>\nDieser Duft ist ideal f\u00fcr Frauen, die Rosend\u00fcfte bevorzugen und die Quintessenz der Weiblichkeit betonen wollen.<\/p>\n","protected":false},"excerpt":{"rendered":"<p>Inspiration : Chloe Rose Tangerine EDT 30ML<\/p>\n<p class=\"product__text inline-richtext\"><strong>\u2705 Eau de toilette 19-21% Parfum<\/strong><\/p>\n<p class=\"product__text inline-richtext\"><strong>\u2705 Le parfum dure une seconde journ\u00e9e<\/strong><\/p>\n<p class=\"product__text inline-richtext\"><strong>Achetez le parfum, pas la marque - \u00e9conomisez de l&rsquo;argent<\/strong><\/p>\n","protected":false},"featured_media":36159,"comment_status":"open","ping_status":"closed","template":"","meta":{"_acf_changed":false},"product_brand":[],"product_cat":[213,203],"product_tag":[],"class_list":{"0":"post-28028","1":"product","2":"type-product","3":"status-publish","4":"has-post-thumbnail","6":"product_cat-meilleures-ventes","7":"product_cat-pour-les-femmes","9":"first","10":"instock","11":"shipping-taxable","12":"purchasable","13":"product-type-variable"},"acf":[],"aioseo_notices":[],"jetpack_sharing_enabled":true,"_links":{"self":[{"href":"https:\/\/dupescents.co\/fr\/wp-json\/wp\/v2\/product\/28028","targetHints":{"allow":["GET"]}}],"collection":[{"href":"https:\/\/dupescents.co\/fr\/wp-json\/wp\/v2\/product"}],"about":[{"href":"https:\/\/dupescents.co\/fr\/wp-json\/wp\/v2\/types\/product"}],"replies":[{"embeddable":true,"href":"https:\/\/dupescents.co\/fr\/wp-json\/wp\/v2\/comments?post=28028"}],"wp:featuredmedia":[{"embeddable":true,"href":"https:\/\/dupescents.co\/fr\/wp-json\/wp\/v2\/media\/36159"}],"wp:attachment":[{"href":"https:\/\/dupescents.co\/fr\/wp-json\/wp\/v2\/media?parent=28028"}],"wp:term":[{"taxonomy":"product_brand","embeddable":true,"href":"https:\/\/dupescents.co\/fr\/wp-json\/wp\/v2\/product_brand?post=28028"},{"taxonomy":"product_cat","embeddable":true,"href":"https:\/\/dupescents.co\/fr\/wp-json\/wp\/v2\/product_cat?post=28028"},{"taxonomy":"product_tag","embeddable":true,"href":"https:\/\/dupescents.co\/fr\/wp-json\/wp\/v2\/product_tag?post=28028"}],"curies":[{"name":"wp","href":"https:\/\/api.w.org\/{rel}","templated":true}]}}