{"id":28016,"date":"2025-04-02T16:37:33","date_gmt":"2025-04-02T14:37:33","guid":{"rendered":"https:\/\/dupescents.co\/products\/sent-comme-armani-diamonds\/"},"modified":"2026-02-21T04:55:47","modified_gmt":"2026-02-21T03:55:47","slug":"sent-comme-armani-diamonds","status":"publish","type":"product","link":"https:\/\/dupescents.co\/fr\/products\/sent-comme-armani-diamonds\/","title":{"rendered":"Sent comme&#8230; Armani Diamonds"},"content":{"rendered":"<p>040W - Ersatz f\u00fcr Giorgio Armani Emporio Armani Diamonds<br \/>\n040W EAU DE PARFUM - ERSATZ F\u00dcR GIORGIO ARMANI EMPORIO ARMANI DIAMONDS<\/p>\n<p>DUFTNOTEN UNSERES ERSATZES:<\/p>\n<p>LICZI<br \/>\nHASPERBEERE<br \/>\nVANILLE<br \/>\nROSE<br \/>\nPACULA<br \/>\nFRISCHER<br \/>\nBURSHITE<br \/>\nZEDER<br \/>\nCONVALIA<br \/>\nVETIVERY<br \/>\nDUFTBESCHREIBUNG:<\/p>\n<p>Ein sch\u00f6ner Diamant unter den D\u00fcften! Eau de Parfum 040W, das Pendant zum Parfum Giorgio Armani Emporio Armani Diamonds, ist eine reine und bezaubernde Komposition, die die weibliche Natur wie ein wahres Juwel schm\u00fcckt und hervorhebt. Dieser orientalisch-blumige Duft unterstreicht den nat\u00fcrlichen Charme der Tr\u00e4gerin und st\u00e4rkt ihr Selbstvertrauen.<\/p>\n<p>EIGENSCHAFTEN DES GIORGIO ARMANI DIAMOND COUNTERPART:<br \/>\nDufttyp: orientalisch, blumig<br \/>\nF\u00fcr wen: Frauen<br \/>\nInhalt: 10ml \/ 30ml \/ 50ml \/ 100ml<br \/>\nProdukt-Code: 040W<br \/>\nDer Preis f\u00fcr dieses Parf\u00fcm h\u00e4ngt von der angegebenen Menge ab.<br \/>\nBitte geben Sie uns nach dem Kauf Ihr Feedback!<\/p>\n<p>Sehen Sie auch andere Giorgio Armani Parfums und ihre Ersatzprodukte.<\/p>\n<p>Wie riecht das entsprechende Parf\u00fcm Armani Diamonds?<br \/>\nEs ist ein zarter Duft, der als blumig, aber auch orientalisch beschrieben werden kann. Es ist ein Duft, der angenehm im Alltag zu tragen ist. Es riecht nach Duftnoten wie Maigl\u00f6ckchen, Himbeere, Freesie, oder Akzenten von Rose, Vanille und Amber, unter anderem.<\/p>\n<p>Sehen Sie sich auch das \u00c4quivalent von Emporio She und das \u00c4quivalent von Emporio He an.<\/p>\n","protected":false},"excerpt":{"rendered":"<p class=\"product__text inline-richtext\">Inspiration : Giorgio Armani Emporio Armani Diamonds EDP 30ML<\/p>\n<p class=\"product__text inline-richtext\"><strong>\u2705 Eau de toilette 19-21% Parfum<\/strong><\/p>\n<p class=\"product__text inline-richtext\"><strong>\u2705 Le parfum dure une seconde journ\u00e9e<\/strong><\/p>\n<p class=\"product__text inline-richtext\"><strong>Achetez le parfum, pas la marque - \u00e9conomisez de l&rsquo;argent<\/strong><\/p>\n","protected":false},"featured_media":35703,"comment_status":"open","ping_status":"closed","template":"","meta":{"_acf_changed":false},"product_brand":[],"product_cat":[213,203],"product_tag":[],"class_list":{"0":"post-28016","1":"product","2":"type-product","3":"status-publish","4":"has-post-thumbnail","6":"product_cat-meilleures-ventes","7":"product_cat-pour-les-femmes","9":"first","10":"instock","11":"shipping-taxable","12":"purchasable","13":"product-type-variable"},"acf":[],"aioseo_notices":[],"jetpack_sharing_enabled":true,"_links":{"self":[{"href":"https:\/\/dupescents.co\/fr\/wp-json\/wp\/v2\/product\/28016","targetHints":{"allow":["GET"]}}],"collection":[{"href":"https:\/\/dupescents.co\/fr\/wp-json\/wp\/v2\/product"}],"about":[{"href":"https:\/\/dupescents.co\/fr\/wp-json\/wp\/v2\/types\/product"}],"replies":[{"embeddable":true,"href":"https:\/\/dupescents.co\/fr\/wp-json\/wp\/v2\/comments?post=28016"}],"wp:featuredmedia":[{"embeddable":true,"href":"https:\/\/dupescents.co\/fr\/wp-json\/wp\/v2\/media\/35703"}],"wp:attachment":[{"href":"https:\/\/dupescents.co\/fr\/wp-json\/wp\/v2\/media?parent=28016"}],"wp:term":[{"taxonomy":"product_brand","embeddable":true,"href":"https:\/\/dupescents.co\/fr\/wp-json\/wp\/v2\/product_brand?post=28016"},{"taxonomy":"product_cat","embeddable":true,"href":"https:\/\/dupescents.co\/fr\/wp-json\/wp\/v2\/product_cat?post=28016"},{"taxonomy":"product_tag","embeddable":true,"href":"https:\/\/dupescents.co\/fr\/wp-json\/wp\/v2\/product_tag?post=28016"}],"curies":[{"name":"wp","href":"https:\/\/api.w.org\/{rel}","templated":true}]}}