{"id":27998,"date":"2025-04-02T16:32:27","date_gmt":"2025-04-02T14:32:27","guid":{"rendered":"https:\/\/dupescents.co\/products\/sent-comme-eternity-2\/"},"modified":"2026-02-21T23:46:42","modified_gmt":"2026-02-21T22:46:42","slug":"sent-comme-eternity-2","status":"publish","type":"product","link":"https:\/\/dupescents.co\/fr\/products\/sent-comme-eternity-2\/","title":{"rendered":"Sent comme&#8230; Eternity"},"content":{"rendered":"<p>106W - Calvin Klein Eternity REMPLACEMENT<br \/>\n106W EAU DE PARFUM - CALVIN KLEIN ETERNITY EQUIVALENT<\/p>\n<p>GEURNOTEN VAN ONZE VERVANGER :<\/p>\n<p>ANJER PLANT<br \/>\nLELIE<br \/>\nGROENE NOOT<br \/>\nCONVALIA<br \/>\nFRESSE<br \/>\nSLAVIA<br \/>\nNARCYZ<br \/>\nASCAMITKA<br \/>\nSIOOL<br \/>\nROZE<br \/>\nHELIOTROP<br \/>\nJASMINE<br \/>\nPI\u017bMO<br \/>\nZANDELWOUD<br \/>\nCITRUS<br \/>\nBURSHINE<br \/>\nPACULA<br \/>\nMANDARIJN<br \/>\nGEUR BESCHRIJVING :<\/p>\n<p>Une combinaison d&rsquo;agrumes et de notes de houblon douces et intenses. Ons equivalent van de Calvin Klein Eternity geur is de essentie van luxe en elegantie baden in een diep, romantisch gevoel. Cette eau de parfum \u00e0 l&rsquo;humectabilit\u00e9 exceptionnelle peut m\u00eame s\u00e9duire les plus exigeants. Tr\u00e8s appropri\u00e9 pour porter chaque jour.   <\/p>\n","protected":false},"excerpt":{"rendered":"<p>Inspiration : Calvin Klein Eternity EDP 30ML<\/p>\n<p class=\"product__text inline-richtext\"><strong>\u2705 Eau de toilette 19-21% Parfum<\/strong><\/p>\n<p class=\"product__text inline-richtext\"><strong>\u2705 Le parfum dure une seconde journ\u00e9e<\/strong><\/p>\n<p class=\"product__text inline-richtext\"><strong>Achetez le parfum, pas la marque - \u00e9conomisez de l&rsquo;argent<\/strong><\/p>\n","protected":false},"featured_media":35888,"comment_status":"open","ping_status":"closed","template":"","meta":{"_acf_changed":false},"product_brand":[],"product_cat":[213,203],"product_tag":[],"class_list":{"0":"post-27998","1":"product","2":"type-product","3":"status-publish","4":"has-post-thumbnail","6":"product_cat-meilleures-ventes","7":"product_cat-pour-les-femmes","9":"first","10":"instock","11":"shipping-taxable","12":"purchasable","13":"product-type-variable"},"acf":[],"aioseo_notices":[],"jetpack_sharing_enabled":true,"_links":{"self":[{"href":"https:\/\/dupescents.co\/fr\/wp-json\/wp\/v2\/product\/27998","targetHints":{"allow":["GET"]}}],"collection":[{"href":"https:\/\/dupescents.co\/fr\/wp-json\/wp\/v2\/product"}],"about":[{"href":"https:\/\/dupescents.co\/fr\/wp-json\/wp\/v2\/types\/product"}],"replies":[{"embeddable":true,"href":"https:\/\/dupescents.co\/fr\/wp-json\/wp\/v2\/comments?post=27998"}],"wp:featuredmedia":[{"embeddable":true,"href":"https:\/\/dupescents.co\/fr\/wp-json\/wp\/v2\/media\/35888"}],"wp:attachment":[{"href":"https:\/\/dupescents.co\/fr\/wp-json\/wp\/v2\/media?parent=27998"}],"wp:term":[{"taxonomy":"product_brand","embeddable":true,"href":"https:\/\/dupescents.co\/fr\/wp-json\/wp\/v2\/product_brand?post=27998"},{"taxonomy":"product_cat","embeddable":true,"href":"https:\/\/dupescents.co\/fr\/wp-json\/wp\/v2\/product_cat?post=27998"},{"taxonomy":"product_tag","embeddable":true,"href":"https:\/\/dupescents.co\/fr\/wp-json\/wp\/v2\/product_tag?post=27998"}],"curies":[{"name":"wp","href":"https:\/\/api.w.org\/{rel}","templated":true}]}}