{"id":27975,"date":"2025-04-02T16:38:19","date_gmt":"2025-04-02T14:38:19","guid":{"rendered":"https:\/\/dupescents.co\/products\/ca-sent-comme-made-for-woman\/"},"modified":"2026-02-21T04:54:43","modified_gmt":"2026-02-21T03:54:43","slug":"ca-sent-comme-made-for-woman","status":"publish","type":"product","link":"https:\/\/dupescents.co\/fr\/products\/ca-sent-comme-made-for-woman\/","title":{"rendered":"Sent comme&#8230; Made For Woman"},"content":{"rendered":"<p>123W - Ersatz f\u00fcr Bruno Banani Made For Woman<br \/>\nEAU DE PARFUM NR. 123W - ERSATZ F\u00dcR BRUNO BANANI MADE FOR WOMAN<\/p>\n<p>DUFTNOTEN VON UNSEREM ERSATZ:<\/p>\n<p>RASPBERRY<br \/>\nSCHWARZE BEERE<br \/>\nROTE BERRIEN<br \/>\nAQUATISCHE N\u00dcSSE<br \/>\nBRUSCHBEERE<br \/>\nHERBATA<br \/>\nVIOLETT<br \/>\nIRYS<br \/>\nBURSHINE<br \/>\nDUFTBESCHREIBUNG:<\/p>\n<p>Ein Parf\u00fcm f\u00fcr junge Frauen, die das Leben genie\u00dfen wollen. Das Eau de Parfum mit der Nummer 123W ist das Gegenst\u00fcck zum Duft Bruno Banani Made For Woman, der durch seine Koketterie besticht. Es eignet sich f\u00fcr legere Anl\u00e4sse und den Alltag. Der verspielte und sinnliche Duft wird von jeder Frau gesch\u00e4tzt, die Freiheit und unausl\u00f6schlichen Optimismus zu sch\u00e4tzen wei\u00df.<\/p>\n<p>EIGENSCHAFTEN DES \u00c4QUIVALENTS VON BRUNO BANANI MADE FOR WOMAN PARF\u00dcM:<br \/>\nDufttyp: fruchtig, blumig<br \/>\nF\u00fcr wen: Frauen<br \/>\nInhalt: 10 ml \/ 30 ml \/ 50 ml \/ 100 ml<br \/>\nProdukt-Code: 123W<br \/>\nDer Preis f\u00fcr dieses Parf\u00fcm h\u00e4ngt von der angegebenen Menge ab.<br \/>\nBitte geben Sie uns nach dem Kauf Ihr Feedback!<\/p>\n<p>Sehen Sie auch andere Bruno Banani Parfums und ihre Ersatzprodukte.<\/p>\n","protected":false},"excerpt":{"rendered":"<p>Inspiration : Bruno Banani Made For Woman EDT 40ML<\/p>\n<p class=\"product__text inline-richtext\"><strong>\u2705 Eau de toilette 19-21% Parfum<\/strong><\/p>\n<p class=\"product__text inline-richtext\"><strong>\u2705 Le parfum dure une seconde journ\u00e9e<\/strong><\/p>\n<p class=\"product__text inline-richtext\"><strong>Achetez le parfum, pas la marque - \u00e9conomisez de l&rsquo;argent<\/strong><\/p>\n","protected":false},"featured_media":36156,"comment_status":"open","ping_status":"closed","template":"","meta":{"_acf_changed":false},"product_brand":[],"product_cat":[213,203],"product_tag":[],"class_list":{"0":"post-27975","1":"product","2":"type-product","3":"status-publish","4":"has-post-thumbnail","6":"product_cat-meilleures-ventes","7":"product_cat-pour-les-femmes","9":"first","10":"instock","11":"shipping-taxable","12":"purchasable","13":"product-type-variable"},"acf":[],"aioseo_notices":[],"jetpack_sharing_enabled":true,"_links":{"self":[{"href":"https:\/\/dupescents.co\/fr\/wp-json\/wp\/v2\/product\/27975","targetHints":{"allow":["GET"]}}],"collection":[{"href":"https:\/\/dupescents.co\/fr\/wp-json\/wp\/v2\/product"}],"about":[{"href":"https:\/\/dupescents.co\/fr\/wp-json\/wp\/v2\/types\/product"}],"replies":[{"embeddable":true,"href":"https:\/\/dupescents.co\/fr\/wp-json\/wp\/v2\/comments?post=27975"}],"wp:featuredmedia":[{"embeddable":true,"href":"https:\/\/dupescents.co\/fr\/wp-json\/wp\/v2\/media\/36156"}],"wp:attachment":[{"href":"https:\/\/dupescents.co\/fr\/wp-json\/wp\/v2\/media?parent=27975"}],"wp:term":[{"taxonomy":"product_brand","embeddable":true,"href":"https:\/\/dupescents.co\/fr\/wp-json\/wp\/v2\/product_brand?post=27975"},{"taxonomy":"product_cat","embeddable":true,"href":"https:\/\/dupescents.co\/fr\/wp-json\/wp\/v2\/product_cat?post=27975"},{"taxonomy":"product_tag","embeddable":true,"href":"https:\/\/dupescents.co\/fr\/wp-json\/wp\/v2\/product_tag?post=27975"}],"curies":[{"name":"wp","href":"https:\/\/api.w.org\/{rel}","templated":true}]}}