{"id":27957,"date":"2025-04-02T16:42:30","date_gmt":"2025-04-02T14:42:30","guid":{"rendered":"https:\/\/dupescents.co\/products\/magic-perfume-remplacement-002w\/"},"modified":"2025-11-05T19:32:30","modified_gmt":"2025-11-05T18:32:30","slug":"magic-perfume-remplacement-002w","status":"publish","type":"product","link":"https:\/\/dupescents.co\/fr\/products\/magic-perfume-remplacement-002w\/","title":{"rendered":"MAGIC PERFUME REMPLACEMENT 002W"},"content":{"rendered":"<p>002W - Lacoste Pour Femme Ersatz<br \/>\nPARF\u00dcMWASSER NR. 002W - LACOSTE POUR FEMME ERSATZ<\/p>\n<p>DUFTNOTEN UNSERES ERSATZES:<\/p>\n<p>CEDR<br \/>\nSANDELHOLZ<br \/>\nVIOLET<br \/>\nFRISCH<br \/>\nHELIOTROP<br \/>\nHIBISKUS<br \/>\nAMBER<br \/>\nJASMINE<br \/>\nTRINKEN<br \/>\nLABDANUM<br \/>\nPRINZ<br \/>\nROSE<br \/>\nZAMSWANILIA<br \/>\nDUFTBESCHREIBUNG:<\/p>\n<p>Ein sinnliches, blumiges und holziges Parf\u00fcm, das Ihre Weiblichkeit unterstreicht. Dieses Eau de Parfum wurde von dem Originalduft Lacoste Pour Femme inspiriert, so dass der Duft perfekt wiedergegeben wird. Unser Gegenst\u00fcck ist der perfekte Alltagsduft f\u00fcr die elegante und selbstbewusste Frau. Er ist perfekt f\u00fcr Fr\u00fchling und Sommer.<\/p>\n<p>EIGENSCHAFTEN DES LACOSTE POUR FEMME \u00c4QUIVALENT PARF\u00dcMS<br \/>\nDufttyp: blumig, holzig<br \/>\nF\u00fcr wen: Frauen<br \/>\nInhalt: 10ml \/ 30ml \/ 50ml \/ 100ml<br \/>\nProdukt-Code: 002W<br \/>\nDer Preis f\u00fcr dieses Parf\u00fcm h\u00e4ngt von der angegebenen Menge ab.<br \/>\nBitte geben Sie uns Ihr Feedback nach dem Kauf!<\/p>\n<p>&nbsp;<\/p>\n<p>Wie riecht das Gegenst\u00fcck von Lacoste Pour Femme?<br \/>\nEs ist ein sch\u00f6ner, femininer Duft, der holzige und blumige Noten kombiniert. Dazu geh\u00f6ren unter anderem Noten von Hibiskusbl\u00fcten, Jasmin und Veilchen, aber auch Rose, Zedernholz und Sandelholz. Das Ganze wird als warmer Duft wahrgenommen, voller Tiefe und assoziiert mit Vertrautheit.<\/p>\n<p>F\u00fcr wen ist das Parf\u00fcm Lacoste Pour Femme geeignet?<br \/>\nDieses Eau de Parfum ist ideal f\u00fcr Frauen, die auf der Suche nach einem Duft sind, der Selbstbewusstsein ausstrahlt. Perfekt f\u00fcr Fr\u00fchling und Sommer, aber auch f\u00fcr Herbst und Winter geeignet.<\/p>\n<p>Sehen Sie sich auch unser Gegenst\u00fcck Lacoste Touch of Pink an.<\/p>\n","protected":false},"excerpt":{"rendered":"<p>Inspiration : LACOSTE POUR FEMME EDP<\/p>\n<p class=\"product__text inline-richtext\"><strong>\u2705 Eau de toilette 19-21% Parfum<\/strong><\/p>\n<p class=\"product__text inline-richtext\"><strong>\u2705 Le parfum dure une seconde journ\u00e9e<\/strong><\/p>\n<p class=\"product__text inline-richtext\"><strong>Achetez le parfum, pas la marque - \u00e9conomisez de l&rsquo;argent<\/strong><\/p>\n","protected":false},"featured_media":0,"comment_status":"open","ping_status":"closed","template":"","meta":{"_acf_changed":false},"product_brand":[],"product_cat":[203],"product_tag":[],"class_list":{"0":"post-27957","1":"product","2":"type-product","3":"status-publish","5":"product_cat-pour-les-femmes","7":"first","8":"instock","9":"shipping-taxable","10":"purchasable","11":"product-type-variable"},"acf":[],"aioseo_notices":[],"jetpack_sharing_enabled":true,"_links":{"self":[{"href":"https:\/\/dupescents.co\/fr\/wp-json\/wp\/v2\/product\/27957","targetHints":{"allow":["GET"]}}],"collection":[{"href":"https:\/\/dupescents.co\/fr\/wp-json\/wp\/v2\/product"}],"about":[{"href":"https:\/\/dupescents.co\/fr\/wp-json\/wp\/v2\/types\/product"}],"replies":[{"embeddable":true,"href":"https:\/\/dupescents.co\/fr\/wp-json\/wp\/v2\/comments?post=27957"}],"wp:attachment":[{"href":"https:\/\/dupescents.co\/fr\/wp-json\/wp\/v2\/media?parent=27957"}],"wp:term":[{"taxonomy":"product_brand","embeddable":true,"href":"https:\/\/dupescents.co\/fr\/wp-json\/wp\/v2\/product_brand?post=27957"},{"taxonomy":"product_cat","embeddable":true,"href":"https:\/\/dupescents.co\/fr\/wp-json\/wp\/v2\/product_cat?post=27957"},{"taxonomy":"product_tag","embeddable":true,"href":"https:\/\/dupescents.co\/fr\/wp-json\/wp\/v2\/product_tag?post=27957"}],"curies":[{"name":"wp","href":"https:\/\/api.w.org\/{rel}","templated":true}]}}