{"id":27946,"date":"2025-04-02T16:39:51","date_gmt":"2025-04-02T14:39:51","guid":{"rendered":"https:\/\/dupescents.co\/products\/sent-comme-dune\/"},"modified":"2025-11-05T19:32:30","modified_gmt":"2025-11-05T18:32:30","slug":"sent-comme-dune","status":"publish","type":"product","link":"https:\/\/dupescents.co\/fr\/products\/sent-comme-dune\/","title":{"rendered":"Sent comme&#8230; Dune"},"content":{"rendered":"<p>080W - Ein \u00e4hnlicher Duft wie Christian Dior Dune<\/p>\n<p>DUFTNOTEN UNSERES ERSATZES:<\/p>\n<p>BRASILIANISCHES ROSENHOLZ<br \/>\nSANDELHOLZ<br \/>\nBURSHINE<br \/>\nALDEHYDRY<br \/>\nBENZOES<br \/>\nWASHINGTON-EICHE<br \/>\nMANDARIN<br \/>\nVANILLE<br \/>\nLILIE<br \/>\nYLANG-YLANG<br \/>\nPESONAK<br \/>\nPACULA<br \/>\nJASMINE<br \/>\nBERGAMOTTE<br \/>\nPIWONIA<br \/>\nBLATT<br \/>\nROSE<br \/>\nDUFTBESCHREIBUNG:<\/p>\n<p>Ruhe und Harmonie, eingefangen in einem Parf\u00fcmflakon. Unser 080W wird Sie von einer fernen, exotischen Reise tr\u00e4umen lassen. Ein Eau de Parfum, das Sie w\u00e4rmt und Sie direkt in die Sandd\u00fcnen entf\u00fchrt. Eine wunderbare orientalische und holzige Komposition, die berauscht und nicht mehr losl\u00e4sst. Dieser Duft wird mit W\u00e4rme und Ruhe assoziiert.<\/p>\n<p>EIGENSCHAFTEN VON 080W:<br \/>\nDufttyp: orientalisch, holzig<br \/>\nF\u00fcr wen: Frauen<br \/>\nInhalt: 10ml \/ 30ml \/ 50ml \/ 100ml<br \/>\nProdukt-Code: 080W<br \/>\nDer Preis f\u00fcr dieses Parf\u00fcm h\u00e4ngt von der angegebenen Menge ab.<br \/>\nBitte hinterlassen Sie eine Bewertung nach dem Kauf!<\/p>\n<p>Was ist der Duft von 080W?<br \/>\nDieses Eau de Parfum besteht haupts\u00e4chlich aus holzigen und orientalischen Noten. Zu den Duftakzenten geh\u00f6ren Aromen von Rose, Jasmin, Amber, Eichenmoos, Lilienbl\u00fcten und mehr. Das Damenparf\u00fcm Dune ist ein Duft, der mit einer D\u00fcne am Meer, dem Ozean, der Subtilit\u00e4t und der Natur assoziiert wird.<\/p>\n","protected":false},"excerpt":{"rendered":"<p class=\"product__text inline-richtext\">Inspiration : Christian Dior Dune EDT 100 ML<\/p>\n<p class=\"product__text inline-richtext\"><strong>\u2705 Eau de toilette 19-21% Parfum<\/strong><\/p>\n<p class=\"product__text inline-richtext\"><strong>\u2705 Le parfum dure une seconde journ\u00e9e<\/strong><\/p>\n<p class=\"product__text inline-richtext\"><strong>Achetez le parfum, pas la marque - \u00e9conomisez de l&rsquo;argent<\/strong><\/p>\n","protected":false},"featured_media":0,"comment_status":"open","ping_status":"closed","template":"","meta":{"_acf_changed":false},"product_brand":[],"product_cat":[203],"product_tag":[],"class_list":{"0":"post-27946","1":"product","2":"type-product","3":"status-publish","5":"product_cat-pour-les-femmes","7":"first","8":"instock","9":"shipping-taxable","10":"purchasable","11":"product-type-variable"},"acf":[],"aioseo_notices":[],"jetpack_sharing_enabled":true,"_links":{"self":[{"href":"https:\/\/dupescents.co\/fr\/wp-json\/wp\/v2\/product\/27946","targetHints":{"allow":["GET"]}}],"collection":[{"href":"https:\/\/dupescents.co\/fr\/wp-json\/wp\/v2\/product"}],"about":[{"href":"https:\/\/dupescents.co\/fr\/wp-json\/wp\/v2\/types\/product"}],"replies":[{"embeddable":true,"href":"https:\/\/dupescents.co\/fr\/wp-json\/wp\/v2\/comments?post=27946"}],"wp:attachment":[{"href":"https:\/\/dupescents.co\/fr\/wp-json\/wp\/v2\/media?parent=27946"}],"wp:term":[{"taxonomy":"product_brand","embeddable":true,"href":"https:\/\/dupescents.co\/fr\/wp-json\/wp\/v2\/product_brand?post=27946"},{"taxonomy":"product_cat","embeddable":true,"href":"https:\/\/dupescents.co\/fr\/wp-json\/wp\/v2\/product_cat?post=27946"},{"taxonomy":"product_tag","embeddable":true,"href":"https:\/\/dupescents.co\/fr\/wp-json\/wp\/v2\/product_tag?post=27946"}],"curies":[{"name":"wp","href":"https:\/\/api.w.org\/{rel}","templated":true}]}}