{"id":27933,"date":"2025-04-02T16:44:02","date_gmt":"2025-04-02T14:44:02","guid":{"rendered":"https:\/\/dupescents.co\/products\/sent-comme-because-its-you\/"},"modified":"2026-02-22T00:25:43","modified_gmt":"2026-02-21T23:25:43","slug":"sent-comme-because-its-you","status":"publish","type":"product","link":"https:\/\/dupescents.co\/fr\/products\/sent-comme-because-its-you\/","title":{"rendered":"Sent comme&#8230; Because It&rsquo;s You"},"content":{"rendered":"<p>189W - Remplacement pour Giorgio Armani BECAUSE IT`S YOU<br \/>\nEAU DE PARFUM NR. 189W - REMPLACEMENT POUR GIORGIO ARMANI BECAUSE IT`S YOU<\/p>\n<p>PARFUMS DE NOTRE REMPLACEMENT :<\/p>\n<p>MALINA<br \/>\nVANILLE<br \/>\nROSE<br \/>\nCITRON<br \/>\nN\u00c9ROLI<br \/>\nPI\u017bMO<br \/>\nBOIS D&rsquo;AMBRE<br \/>\nDESCRIPTION DE LA FRAGRANCE :<\/p>\n<p>Un parfum passionn\u00e9, s\u00e9duisant et plein de charisme. Notre Eau de Parfum No 189W est le pendant de Giorgio Armani Because It&rsquo;s You avec une tr\u00e8s grande long\u00e9vit\u00e9. Cette combinaison charmante et subtile de framboise, de vanille et de notes bois\u00e9es profondes est destin\u00e9e aux femmes s\u00fbres d&rsquo;elles et s\u00e9ductrices. Un parfum sensuel dont votre entourage se souviendra longtemps.   <\/p>\n<p>CARACTERISTIQUES D&rsquo;UN PARFUM QUI VOUS CONFORME, PARCE QUE VOUS \u00caTES :<br \/>\nType de parfum : fruit\u00e9, floral<br \/>\nPour qui : femme<br \/>\nVolume : 10 ml \/ 30 ml \/ 50 ml \/ 100 ml<br \/>\nCode produit : 189W<br \/>\nLe prix de ce parfum d\u00e9pend de la quantit\u00e9 indiqu\u00e9e.<br \/>\nMerci de nous donner votre avis apr\u00e8s l&rsquo;achat !<\/p>\n<p>Voir aussi les autres parfums Giorgio Armani et leurs produits de remplacement.<\/p>\n<p>Que sent l&rsquo;\u00e9quivalent du parfum Giorgio Armani Beceause It&rsquo;s You ?<br \/>\nIl s&rsquo;agit d&rsquo;une eau de parfum pour femme dont la fragrance est class\u00e9e comme florale, bien que l&rsquo;on puisse \u00e9galement dire qu&rsquo;il s&rsquo;agit d&rsquo;un parfum fruit\u00e9. Parmi les notes olfactives pr\u00e9sentes dans cette composition, nous pouvons reconna\u00eetre des accents de vanille, de bois d&rsquo;ambre, de fruit de framboise ou de citron. C&rsquo;est un parfum passionn\u00e9 qui souligne \u00e0 la fois le naturel et l&rsquo;\u00e9l\u00e9gance.  <\/p>\n","protected":false},"excerpt":{"rendered":"<p class=\"product__text inline-richtext\">Inspiration : Giorgio Armani BECAUSE IT`S YOU EDP 30ML<\/p>\n<p class=\"product__text inline-richtext\"><strong>\u2705 Eau de toilette 19-21% Parfum<\/strong><\/p>\n<p class=\"product__text inline-richtext\"><strong>\u2705 Le parfum dure une seconde journ\u00e9e<\/strong><\/p>\n<p class=\"product__text inline-richtext\"><strong>Achetez le parfum, pas la marque - \u00e9conomisez de l&rsquo;argent<\/strong><\/p>\n","protected":false},"featured_media":35913,"comment_status":"open","ping_status":"closed","template":"","meta":{"_acf_changed":false},"product_brand":[],"product_cat":[213,203],"product_tag":[],"class_list":{"0":"post-27933","1":"product","2":"type-product","3":"status-publish","4":"has-post-thumbnail","6":"product_cat-meilleures-ventes","7":"product_cat-pour-les-femmes","9":"first","10":"instock","11":"shipping-taxable","12":"purchasable","13":"product-type-variable"},"acf":[],"aioseo_notices":[],"jetpack_sharing_enabled":true,"_links":{"self":[{"href":"https:\/\/dupescents.co\/fr\/wp-json\/wp\/v2\/product\/27933","targetHints":{"allow":["GET"]}}],"collection":[{"href":"https:\/\/dupescents.co\/fr\/wp-json\/wp\/v2\/product"}],"about":[{"href":"https:\/\/dupescents.co\/fr\/wp-json\/wp\/v2\/types\/product"}],"replies":[{"embeddable":true,"href":"https:\/\/dupescents.co\/fr\/wp-json\/wp\/v2\/comments?post=27933"}],"wp:featuredmedia":[{"embeddable":true,"href":"https:\/\/dupescents.co\/fr\/wp-json\/wp\/v2\/media\/35913"}],"wp:attachment":[{"href":"https:\/\/dupescents.co\/fr\/wp-json\/wp\/v2\/media?parent=27933"}],"wp:term":[{"taxonomy":"product_brand","embeddable":true,"href":"https:\/\/dupescents.co\/fr\/wp-json\/wp\/v2\/product_brand?post=27933"},{"taxonomy":"product_cat","embeddable":true,"href":"https:\/\/dupescents.co\/fr\/wp-json\/wp\/v2\/product_cat?post=27933"},{"taxonomy":"product_tag","embeddable":true,"href":"https:\/\/dupescents.co\/fr\/wp-json\/wp\/v2\/product_tag?post=27933"}],"curies":[{"name":"wp","href":"https:\/\/api.w.org\/{rel}","templated":true}]}}