{"id":27923,"date":"2025-03-31T17:57:19","date_gmt":"2025-03-31T15:57:19","guid":{"rendered":"https:\/\/dupescents.co\/products\/sent-comme-poison-pur\/"},"modified":"2025-11-05T19:33:05","modified_gmt":"2025-11-05T18:33:05","slug":"sent-comme-poison-pur","status":"publish","type":"product","link":"https:\/\/dupescents.co\/fr\/products\/sent-comme-poison-pur\/","title":{"rendered":"Sent comme&#8230; Poison pur"},"content":{"rendered":"<p>415W - Duft \u00e4hnlich wie Dior Pure Poison<\/p>\n<p>DUFTNOTEN UNSERES ERSATZES:<\/p>\n<p>JASMINE<br \/>\nORANGE<br \/>\nBERGAMOT<br \/>\nSIZILIANISCHE MANDARINE<br \/>\nGARDENIA<br \/>\nORANGENBLUME<br \/>\nSANDELWOOD<br \/>\nWEISSE AMBRA<br \/>\nZEDER<br \/>\nWEISSER MUSCHEL<\/p>\n<p>DUFTBESCHREIBUNG:<\/p>\n<p>Frauen haben zwei Gesichter - unschuldig und verf\u00fchrerisch und r\u00e4uberisch und verf\u00fchrerisch. Dieser Duft unterstreicht dies perfekt! Wenn Sie sowohl Tag als auch Nacht in sich tragen und sich entscheiden m\u00fcssen, welche Seite Sie zeigen wollen, ist unser 415W wie f\u00fcr Sie gemacht. Seine Komposition besteht aus kalabrischer Bergamotte, Orangenbl\u00fcte und wei\u00dfem Moschus.<\/p>\n<p>EIGENSCHAFTEN VON 415W:<br \/>\nDufttyp: blumig<br \/>\nF\u00fcr wen: f\u00fcr Frauen<br \/>\nInhalt: 10 ml \/ 30 ml \/ 50 ml \/ 100 ml<br \/>\nProdukt-Code: 415W<br \/>\nDer Preis f\u00fcr dieses Parf\u00fcm h\u00e4ngt von der angegebenen Menge ab.<br \/>\nBitte teilen Sie uns Ihre Meinung nach dem Kauf mit!<\/p>\n","protected":false},"excerpt":{"rendered":"<p class=\"product__text inline-richtext\">Inspiration : Dior Pure Poison EDP 30ML<\/p>\n<p class=\"product__text inline-richtext\"><strong>\u2705 Eau de toilette 19-21% Parfum<\/strong><\/p>\n<p class=\"product__text inline-richtext\"><strong>\u2705 Le parfum dure une seconde journ\u00e9e<\/strong><\/p>\n<p class=\"product__text inline-richtext\"><strong>Achetez le parfum, pas la marque - \u00e9conomisez de l&rsquo;argent<\/strong><\/p>\n","protected":false},"featured_media":36202,"comment_status":"open","ping_status":"closed","template":"","meta":{"_acf_changed":false},"product_brand":[],"product_cat":[203],"product_tag":[],"class_list":{"0":"post-27923","1":"product","2":"type-product","3":"status-publish","4":"has-post-thumbnail","6":"product_cat-pour-les-femmes","8":"first","9":"instock","10":"shipping-taxable","11":"purchasable","12":"product-type-variable"},"acf":[],"aioseo_notices":[],"jetpack_sharing_enabled":true,"_links":{"self":[{"href":"https:\/\/dupescents.co\/fr\/wp-json\/wp\/v2\/product\/27923","targetHints":{"allow":["GET"]}}],"collection":[{"href":"https:\/\/dupescents.co\/fr\/wp-json\/wp\/v2\/product"}],"about":[{"href":"https:\/\/dupescents.co\/fr\/wp-json\/wp\/v2\/types\/product"}],"replies":[{"embeddable":true,"href":"https:\/\/dupescents.co\/fr\/wp-json\/wp\/v2\/comments?post=27923"}],"wp:featuredmedia":[{"embeddable":true,"href":"https:\/\/dupescents.co\/fr\/wp-json\/wp\/v2\/media\/36202"}],"wp:attachment":[{"href":"https:\/\/dupescents.co\/fr\/wp-json\/wp\/v2\/media?parent=27923"}],"wp:term":[{"taxonomy":"product_brand","embeddable":true,"href":"https:\/\/dupescents.co\/fr\/wp-json\/wp\/v2\/product_brand?post=27923"},{"taxonomy":"product_cat","embeddable":true,"href":"https:\/\/dupescents.co\/fr\/wp-json\/wp\/v2\/product_cat?post=27923"},{"taxonomy":"product_tag","embeddable":true,"href":"https:\/\/dupescents.co\/fr\/wp-json\/wp\/v2\/product_tag?post=27923"}],"curies":[{"name":"wp","href":"https:\/\/api.w.org\/{rel}","templated":true}]}}