{"id":27915,"date":"2025-04-01T16:46:18","date_gmt":"2025-04-01T14:46:18","guid":{"rendered":"https:\/\/dupescents.co\/products\/sent-comme-rose-nroses\/"},"modified":"2025-11-05T19:30:11","modified_gmt":"2025-11-05T18:30:11","slug":"sent-comme-rose-nroses","status":"publish","type":"product","link":"https:\/\/dupescents.co\/fr\/products\/sent-comme-rose-nroses\/","title":{"rendered":"Sent comme&#8230; Rose N&rsquo;Roses"},"content":{"rendered":"<p>084W - Parf\u00fcm \u00e4hnlich Miss Dior Rose N&rsquo;Roses<\/p>\n<p>DUFTNOTEN VON UNSEREM ERSATZ:<\/p>\n<p>GERANIUM<br \/>\nBERGAMOT<br \/>\nITALIENISCHE MANDARINE<br \/>\nGRASS ROSE<br \/>\nDAMASK-ROSE<br \/>\nWEISSE PIZZA<br \/>\nDUFTBESCHREIBUNG:<\/p>\n<p>Einatmen. Sie sehen vor sich eine endlose Wiese voller sch\u00f6ner Blumen. Und unter ihnen - die K\u00f6nigin der Rosen, deren Duft Sie verzaubert und anzieht. Du gehst weiter. Erfreut \u00fcber die F\u00fclle und Pracht, k\u00f6nnen Sie keinen Moment stillstehen.<\/p>\n<p>Eau de Parfum 084W \u00e4hnelt dem Duft Miss Dior Rose N&rsquo;Roses, der 2020 lanciert wird. Die wunderbare Kombination aus Geranie, saftiger Mandarine und Rosenduft wird durch wei\u00dfen Moschus akzentuiert. Dieser faszinierende Duft ist f\u00fcr jede Gelegenheit geeignet.<\/p>\n<p>EIGENSCHAFTEN 084W:<br \/>\nDufttyp: Rose, Moschus<br \/>\nF\u00fcr wen: Frauen<br \/>\nInhalt: 10ml \/ 30ml \/ 50ml \/ 100ml<br \/>\nProdukt-Code: 084W<br \/>\nDer Preis f\u00fcr dieses Parf\u00fcm h\u00e4ngt von der angegebenen Menge ab.<br \/>\nBitte geben Sie uns nach dem Kauf Ihre Meinung!<\/p>\n","protected":false},"excerpt":{"rendered":"<p class=\"product__text inline-richtext\">Inspiration : Miss Dior Rose N&rsquo;Roses EDT 50ML<\/p>\n<p class=\"product__text inline-richtext\"><strong>\u2705 Eau de toilette 19-21% Parfum<\/strong><\/p>\n<p class=\"product__text inline-richtext\"><strong>\u2705 Le parfum dure une seconde journ\u00e9e<\/strong><\/p>\n<p class=\"product__text inline-richtext\"><strong>Achetez le parfum, pas la marque - \u00e9conomisez de l&rsquo;argent<\/strong><\/p>\n","protected":false},"featured_media":36198,"comment_status":"open","ping_status":"closed","template":"","meta":{"_acf_changed":false},"product_brand":[],"product_cat":[203],"product_tag":[],"class_list":{"0":"post-27915","1":"product","2":"type-product","3":"status-publish","4":"has-post-thumbnail","6":"product_cat-pour-les-femmes","8":"first","9":"instock","10":"shipping-taxable","11":"purchasable","12":"product-type-variable"},"acf":[],"aioseo_notices":[],"jetpack_sharing_enabled":true,"_links":{"self":[{"href":"https:\/\/dupescents.co\/fr\/wp-json\/wp\/v2\/product\/27915","targetHints":{"allow":["GET"]}}],"collection":[{"href":"https:\/\/dupescents.co\/fr\/wp-json\/wp\/v2\/product"}],"about":[{"href":"https:\/\/dupescents.co\/fr\/wp-json\/wp\/v2\/types\/product"}],"replies":[{"embeddable":true,"href":"https:\/\/dupescents.co\/fr\/wp-json\/wp\/v2\/comments?post=27915"}],"wp:featuredmedia":[{"embeddable":true,"href":"https:\/\/dupescents.co\/fr\/wp-json\/wp\/v2\/media\/36198"}],"wp:attachment":[{"href":"https:\/\/dupescents.co\/fr\/wp-json\/wp\/v2\/media?parent=27915"}],"wp:term":[{"taxonomy":"product_brand","embeddable":true,"href":"https:\/\/dupescents.co\/fr\/wp-json\/wp\/v2\/product_brand?post=27915"},{"taxonomy":"product_cat","embeddable":true,"href":"https:\/\/dupescents.co\/fr\/wp-json\/wp\/v2\/product_cat?post=27915"},{"taxonomy":"product_tag","embeddable":true,"href":"https:\/\/dupescents.co\/fr\/wp-json\/wp\/v2\/product_tag?post=27915"}],"curies":[{"name":"wp","href":"https:\/\/api.w.org\/{rel}","templated":true}]}}