{"id":27903,"date":"2025-04-01T16:46:57","date_gmt":"2025-04-01T14:46:57","guid":{"rendered":"https:\/\/dupescents.co\/products\/sent-comme-coco\/"},"modified":"2026-02-21T23:40:34","modified_gmt":"2026-02-21T22:40:34","slug":"sent-comme-coco","status":"publish","type":"product","link":"https:\/\/dupescents.co\/fr\/products\/sent-comme-coco\/","title":{"rendered":"Sent comme&#8230; Coco"},"content":{"rendered":"<p>079W - Chanel Coco-Remplacement<br \/>\nEAU DE PARFUM 079W - CHANEL COCO REMPLACEMENT<\/p>\n<p>PARFUMS DE NOTRE REMPLACEMENT :<\/p>\n<p>CLOVE SPICE<br \/>\nBURSHINE<br \/>\nBULGAR ROSE<br \/>\nBOIS DE SABLE<br \/>\nCOLLENDRA<br \/>\nTONKA FASOL<br \/>\nCIVET<br \/>\nOPPONACS<br \/>\nBRUSSWIN<br \/>\nVANILLA<br \/>\nFLEUR D&rsquo;ORANGE<br \/>\nMIMOZA<br \/>\nLABDANUM<br \/>\nJASMINE<br \/>\nMANDARINE<br \/>\nMIEL<br \/>\nDESCRIPTION DU PARFUM :<\/p>\n<p>Un parfum raffin\u00e9 pour les femmes sensuelles. Le pendant de Chanel Coco est une Eau de Parfum longue dur\u00e9e \u00e0 l&rsquo;ar\u00f4me oriental et \u00e9pic\u00e9. La belle composition d&rsquo;\u00e9pices expressives avec la douceur de la p\u00eache et de la vanille cr\u00e9e une combinaison que vous ne pouvez pas oublier. Ce parfum r\u00e9pondra aux attentes de toute femme romantique \u00e0 la recherche d&rsquo;un parfum original \u00e0 porter au quotidien.   <\/p>\n<p>CARACTERISTIQUES DU PARFUM :<br \/>\nType de parfum : oriental, \u00e9pic\u00e9<br \/>\nPour qui : femme<br \/>\nContenu : 10ml \/ 30ml \/ 50ml \/ 100ml<br \/>\nCode produit : 079W<br \/>\nLe prix de ce parfum d\u00e9pend de la capacit\u00e9 indiqu\u00e9e.<br \/>\nMerci de nous donner votre avis apr\u00e8s l&rsquo;achat !<\/p>\n<p>Voir aussi les autres parfums Chanel et leurs produits de remplacement.<\/p>\n","protected":false},"excerpt":{"rendered":"<p class=\"product__text inline-richtext\">Inspiration : Chanel Coco EDP 50ML<\/p>\n<p class=\"product__text inline-richtext\"><strong>\u2705 Eau de toilette 19-21% Parfum<\/strong><\/p>\n<p class=\"product__text inline-richtext\"><strong>\u2705 Le parfum dure une seconde journ\u00e9e<\/strong><\/p>\n<p class=\"product__text inline-richtext\"><strong>Achetez le parfum, pas la marque - \u00e9conomisez de l&rsquo;argent<\/strong><\/p>\n","protected":false},"featured_media":35879,"comment_status":"open","ping_status":"closed","template":"","meta":{"_acf_changed":false},"product_brand":[],"product_cat":[203],"product_tag":[],"class_list":{"0":"post-27903","1":"product","2":"type-product","3":"status-publish","4":"has-post-thumbnail","6":"product_cat-pour-les-femmes","8":"first","9":"instock","10":"shipping-taxable","11":"purchasable","12":"product-type-variable"},"acf":[],"aioseo_notices":[],"jetpack_sharing_enabled":true,"_links":{"self":[{"href":"https:\/\/dupescents.co\/fr\/wp-json\/wp\/v2\/product\/27903","targetHints":{"allow":["GET"]}}],"collection":[{"href":"https:\/\/dupescents.co\/fr\/wp-json\/wp\/v2\/product"}],"about":[{"href":"https:\/\/dupescents.co\/fr\/wp-json\/wp\/v2\/types\/product"}],"replies":[{"embeddable":true,"href":"https:\/\/dupescents.co\/fr\/wp-json\/wp\/v2\/comments?post=27903"}],"wp:featuredmedia":[{"embeddable":true,"href":"https:\/\/dupescents.co\/fr\/wp-json\/wp\/v2\/media\/35879"}],"wp:attachment":[{"href":"https:\/\/dupescents.co\/fr\/wp-json\/wp\/v2\/media?parent=27903"}],"wp:term":[{"taxonomy":"product_brand","embeddable":true,"href":"https:\/\/dupescents.co\/fr\/wp-json\/wp\/v2\/product_brand?post=27903"},{"taxonomy":"product_cat","embeddable":true,"href":"https:\/\/dupescents.co\/fr\/wp-json\/wp\/v2\/product_cat?post=27903"},{"taxonomy":"product_tag","embeddable":true,"href":"https:\/\/dupescents.co\/fr\/wp-json\/wp\/v2\/product_tag?post=27903"}],"curies":[{"name":"wp","href":"https:\/\/api.w.org\/{rel}","templated":true}]}}