{"id":27893,"date":"2025-04-01T16:50:14","date_gmt":"2025-04-01T14:50:14","guid":{"rendered":"https:\/\/dupescents.co\/products\/ca-sent-comme-ne-dans-le-reve-jaune-de-la-roma\/"},"modified":"2025-11-05T19:30:06","modified_gmt":"2025-11-05T18:30:06","slug":"ca-sent-comme-ne-dans-le-reve-jaune-de-la-roma","status":"publish","type":"product","link":"https:\/\/dupescents.co\/fr\/products\/ca-sent-comme-ne-dans-le-reve-jaune-de-la-roma\/","title":{"rendered":"\u00c7a sent comme&#8230; N\u00e9 dans le R\u00eave Jaune de la Roma"},"content":{"rendered":"<p>495W - Eau de Parfum \u00c4quivalent Valentino Donna Born In Roma Gelber Traum<br \/>\nPARF\u00dcM NR. 495W - \u00c4QUIVALENT ZU VALENTINO DONNA BORN IN ROMA YELLOW DREAM PARF\u00dcM<\/p>\n<p>DUFTNOTEN VON UNSEREM ERSATZ:<\/p>\n<p>LTRY<br \/>\nROSE<br \/>\nWEISSE PFLANZE<br \/>\nDUFTBESCHREIBUNG:<\/p>\n<p>Sie lieben den italienischen Stil? Das \u00c4quivalent des Valentino Born In Roma Yellow Dream Duftes ist perfekt f\u00fcr Sie! Probieren Sie ihn aus, wenn Sie es lieben, aufzufallen und im Mittelpunkt der Aufmerksamkeit zu stehen. Die Inspiration f\u00fcr diesen einzigartigen Duft war die Energie einer der sch\u00f6nsten europ\u00e4ischen St\u00e4dte - Rom. Die Komposition enth\u00e4lt eine aromatische Kombination aus Rose, Zitrone und wei\u00dfem Moschus.<\/p>\n<p>MERKMALE DES \u00c4QUIVALENTS VON VALENTINO DONNA BORN IN ROMA YELLOW DREAM PARF\u00dcM:<br \/>\nDufttyp: blumig<br \/>\nF\u00fcr wen: Frauen<br \/>\nInhalt: 10 ml \/ 30 ml \/ 50 ml \/ 100 ml<br \/>\nProdukt-Code: 495W<br \/>\nDer Preis f\u00fcr dieses Parf\u00fcm h\u00e4ngt von der angegebenen Menge ab.<br \/>\nBitte geben Sie uns nach dem Kauf eine R\u00fcckmeldung!<\/p>\n<p>Schauen Sie sich auch andere Valentino Parfums an.<\/p>\n","protected":false},"excerpt":{"rendered":"<p>Inspiration : Valentino Donna Born In Roma Yellow Dream EDP 50ML<\/p>\n<p class=\"product__text inline-richtext\"><strong>\u2705 Eau de toilette 19-21% Parfum<\/strong><\/p>\n<p class=\"product__text inline-richtext\"><strong>\u2705 Le parfum dure une seconde journ\u00e9e<\/strong><\/p>\n<p class=\"product__text inline-richtext\"><strong>Achetez le parfum, pas la marque - \u00e9conomisez de l&rsquo;argent<\/strong><\/p>\n","protected":false},"featured_media":36192,"comment_status":"open","ping_status":"closed","template":"","meta":{"_acf_changed":false},"product_brand":[],"product_cat":[203],"product_tag":[],"class_list":{"0":"post-27893","1":"product","2":"type-product","3":"status-publish","4":"has-post-thumbnail","6":"product_cat-pour-les-femmes","8":"first","9":"instock","10":"shipping-taxable","11":"purchasable","12":"product-type-variable"},"acf":[],"aioseo_notices":[],"jetpack_sharing_enabled":true,"_links":{"self":[{"href":"https:\/\/dupescents.co\/fr\/wp-json\/wp\/v2\/product\/27893","targetHints":{"allow":["GET"]}}],"collection":[{"href":"https:\/\/dupescents.co\/fr\/wp-json\/wp\/v2\/product"}],"about":[{"href":"https:\/\/dupescents.co\/fr\/wp-json\/wp\/v2\/types\/product"}],"replies":[{"embeddable":true,"href":"https:\/\/dupescents.co\/fr\/wp-json\/wp\/v2\/comments?post=27893"}],"wp:featuredmedia":[{"embeddable":true,"href":"https:\/\/dupescents.co\/fr\/wp-json\/wp\/v2\/media\/36192"}],"wp:attachment":[{"href":"https:\/\/dupescents.co\/fr\/wp-json\/wp\/v2\/media?parent=27893"}],"wp:term":[{"taxonomy":"product_brand","embeddable":true,"href":"https:\/\/dupescents.co\/fr\/wp-json\/wp\/v2\/product_brand?post=27893"},{"taxonomy":"product_cat","embeddable":true,"href":"https:\/\/dupescents.co\/fr\/wp-json\/wp\/v2\/product_cat?post=27893"},{"taxonomy":"product_tag","embeddable":true,"href":"https:\/\/dupescents.co\/fr\/wp-json\/wp\/v2\/product_tag?post=27893"}],"curies":[{"name":"wp","href":"https:\/\/api.w.org\/{rel}","templated":true}]}}