{"id":27886,"date":"2025-04-01T16:47:42","date_gmt":"2025-04-01T14:47:42","guid":{"rendered":"https:\/\/dupescents.co\/products\/sent-comme-boss-woman\/"},"modified":"2026-02-21T23:37:30","modified_gmt":"2026-02-21T22:37:30","slug":"sent-comme-boss-woman","status":"publish","type":"product","link":"https:\/\/dupescents.co\/fr\/products\/sent-comme-boss-woman\/","title":{"rendered":"Sent comme&#8230; Boss Woman"},"content":{"rendered":"<p>060W - Hugo Boss Boss Woman remplacement<br \/>\nEAU DE PARFUM NO 060W - REMPLACEMENT HUGO BOSS BOSS WOMAN<\/p>\n<p>PARFUMS DE NOTRE REMPLACEMENT :<\/p>\n<p>FRESH<br \/>\nMANGUE<br \/>\nMANDARINE<br \/>\n\u00c9CORCE DE VIOLETTE<br \/>\nEXTRAIT DE C\u00c8DRE BLANC<br \/>\nBOIS DE SANTAL<br \/>\nDESCRIPTION DE LA FRAGRANCE :<\/p>\n<p>Pr\u00eat pour une nouvelle vocation ? Le pendant du parfum Hugo Boss Boss Woman est destin\u00e9 aux femmes s\u00fbres d&rsquo;elles. Le m\u00e9lange de freesia, de mandarine et de bois de santal conf\u00e8re \u00e0 la fragrance de ce parfum une note de style et la transmet \u00e0 celle qui le porte. Un superbe parfum fruit\u00e9 et floral est enrichi d&rsquo;accords bois\u00e9s. Id\u00e9al pour un usage quotidien.    <\/p>\n<p>CARACTERISTIQUES DU COMPOSANT HUGO BOSS WOMAN :<br \/>\nType de parfum : fruit\u00e9, floral<br \/>\nPour qui : femmes<br \/>\nContenu : 30 ml \/ 50 ml \/ 100 ml<br \/>\nCode produit : 060W<br \/>\nLe prix de ce parfum d\u00e9pend de la quantit\u00e9 indiqu\u00e9e.<br \/>\nMerci de nous donner votre avis apr\u00e8s l&rsquo;achat !<\/p>\n<p>Voir aussi les autres parfums Hugo Boss et leurs produits de remplacement.<\/p>\n<p>Quelle est l&rsquo;odeur du parfum Hugo Boss Woman correspondant ?<br \/>\nC&rsquo;est un parfum d&rsquo;une cat\u00e9gorie qui peut \u00eatre d\u00e9crite comme florale, mais aussi fruit\u00e9e. Vous pouvez trouver l&rsquo;ar\u00f4me de notes parfum\u00e9es comme la violette, le freesia, la mandarine ou des notes de bois de santal, entre autres. L&rsquo;ensemble cr\u00e9e un ar\u00f4me tr\u00e8s f\u00e9minin.  <\/p>\n<p>114W - Hugo Boss Hugo Woman 2014 remplacement<br \/>\nEAU DE PARFUM NO 114W - HUGO BOSS HUGO WOMAN REMPLACEMENT<\/p>\n<p>PARFUMS DE NOS SUBSTITUTS :<\/p>\n<p>HASPERBEERE<br \/>\nMANDARINE ITALIENNE<br \/>\nPRUNE<br \/>\nTH\u00c9 NOIR<br \/>\nJASMINE<br \/>\nBOIS DE SANTAL<br \/>\nTROIS<br \/>\nIRYS<br \/>\nBURSHINE<br \/>\nC\u00c8DRE<br \/>\nDESCRIPTION DU PARFUM :<\/p>\n<p>Une eau de parfum pour les femmes ind\u00e9pendantes et modernes qui n&rsquo;ont pas peur de s&rsquo;exprimer. Le pendant de Hugo Boss Hugo Woman 2014 est un parfum qui donne confiance en soi. La belle composition classique fruit\u00e9e et florale souligne la force de caract\u00e8re et la f\u00e9minit\u00e9. Une combinaison \u00e9l\u00e9gante, id\u00e9ale pour la journ\u00e9e.   <\/p>\n<p>CARACTERISTIQUES DU PARFUM :<br \/>\nType de parfum : fruit\u00e9, floral<br \/>\nPour qui : femme<br \/>\nContenu : 30 ml \/ 50 ml \/ 100 ml<br \/>\nCode produit : 114W<br \/>\nLe prix de ce parfum d\u00e9pend de la quantit\u00e9 indiqu\u00e9e.<br \/>\nMerci de nous donner votre avis apr\u00e8s l&rsquo;achat !<\/p>\n<p>&nbsp;<\/p>\n<p>Voir aussi les autres parfums Hugo Boss et leurs produits de remplacement.<\/p>\n","protected":false},"excerpt":{"rendered":"<p class=\"product__text inline-richtext\">Inspiration : Hugo Boss Boss Woman EDP 90ML<\/p>\n<p class=\"product__text inline-richtext\"><strong>\u2705 Eau de toilette 19-21% Parfum<\/strong><\/p>\n<p class=\"product__text inline-richtext\"><strong>\u2705 Le parfum dure une seconde journ\u00e9e<\/strong><\/p>\n<p class=\"product__text inline-richtext\"><strong>Achetez le parfum, pas la marque - \u00e9conomisez de l&rsquo;argent<\/strong><\/p>\n","protected":false},"featured_media":35870,"comment_status":"open","ping_status":"closed","template":"","meta":{"_acf_changed":false},"product_brand":[],"product_cat":[203],"product_tag":[],"class_list":{"0":"post-27886","1":"product","2":"type-product","3":"status-publish","4":"has-post-thumbnail","6":"product_cat-pour-les-femmes","8":"first","9":"instock","10":"shipping-taxable","11":"purchasable","12":"product-type-variable"},"acf":[],"aioseo_notices":[],"jetpack_sharing_enabled":true,"_links":{"self":[{"href":"https:\/\/dupescents.co\/fr\/wp-json\/wp\/v2\/product\/27886","targetHints":{"allow":["GET"]}}],"collection":[{"href":"https:\/\/dupescents.co\/fr\/wp-json\/wp\/v2\/product"}],"about":[{"href":"https:\/\/dupescents.co\/fr\/wp-json\/wp\/v2\/types\/product"}],"replies":[{"embeddable":true,"href":"https:\/\/dupescents.co\/fr\/wp-json\/wp\/v2\/comments?post=27886"}],"wp:featuredmedia":[{"embeddable":true,"href":"https:\/\/dupescents.co\/fr\/wp-json\/wp\/v2\/media\/35870"}],"wp:attachment":[{"href":"https:\/\/dupescents.co\/fr\/wp-json\/wp\/v2\/media?parent=27886"}],"wp:term":[{"taxonomy":"product_brand","embeddable":true,"href":"https:\/\/dupescents.co\/fr\/wp-json\/wp\/v2\/product_brand?post=27886"},{"taxonomy":"product_cat","embeddable":true,"href":"https:\/\/dupescents.co\/fr\/wp-json\/wp\/v2\/product_cat?post=27886"},{"taxonomy":"product_tag","embeddable":true,"href":"https:\/\/dupescents.co\/fr\/wp-json\/wp\/v2\/product_tag?post=27886"}],"curies":[{"name":"wp","href":"https:\/\/api.w.org\/{rel}","templated":true}]}}