{"id":27876,"date":"2025-04-01T16:52:28","date_gmt":"2025-04-01T14:52:28","guid":{"rendered":"https:\/\/dupescents.co\/products\/sent-comme-guilty-pour-femme\/"},"modified":"2026-02-21T23:24:15","modified_gmt":"2026-02-21T22:24:15","slug":"sent-comme-guilty-pour-femme","status":"publish","type":"product","link":"https:\/\/dupescents.co\/fr\/products\/sent-comme-guilty-pour-femme\/","title":{"rendered":"Sent comme&#8230; Guilty Pour Femme"},"content":{"rendered":"<p>013W - Remplacement pour Gucci Guilty Pour Femme<br \/>\nEAU DE PARFUM 013W - REMPLACEMENT POUR GUCCI GUILTY POUR FEMME<\/p>\n<p>PARFUMS DE NOS SUBSTITUTS :<\/p>\n<p>SANS<br \/>\nPOIVRE ROSE<br \/>\nBRUSSWIN<br \/>\nPACULA<br \/>\nBURSHINE<br \/>\nG\u00c9RANIUM<br \/>\nMANDARINE<br \/>\nVANILLE<br \/>\nPIZMUS BLANC<br \/>\nJASMIN<br \/>\nCURANTIE NOIRE<br \/>\nBERGAMOTE<br \/>\nDESCRIPTION DU PARFUM :<\/p>\n<p>Le pendant oriental et floral sensuel du parfum Gucci Guilty Pour Femme est destin\u00e9 aux femmes confiantes et audacieuses qui savent ce qu&rsquo;elles veulent de la vie. L&rsquo;excellente reproduction et la long\u00e9vit\u00e9 de notre Eau de Parfum r\u00e9pondent aux attentes les plus exigeantes. Le parfum est bas\u00e9 sur le patchouli s\u00e9duisant, le lilas doux et le musc blanc, avec une touche de piquant apport\u00e9e par le poivre rose. C&rsquo;est un parfum tr\u00e8s appr\u00e9ci\u00e9 des femmes qui veulent r\u00e9aliser leurs r\u00eaves. Cette composition convient aussi bien \u00e0 la vie quotidienne qu&rsquo;aux occasions sp\u00e9ciales.    <\/p>\n<p>CARACTERISTIQUES DE L&rsquo;EQUIVALENT DE GUILTY PERFUME :<br \/>\nType de parfum : oriental, floral<br \/>\nPour qui : femme<br \/>\nContenu : 10 ml \/ 30 ml \/ 50 ml \/ 100 ml<br \/>\nCode produit : 013W<br \/>\nLe prix de ce parfum d\u00e9pend de la quantit\u00e9 indiqu\u00e9e.<br \/>\nMerci de nous donner votre avis apr\u00e8s l&rsquo;achat !<\/p>\n<p>&nbsp;<\/p>\n<p>Quelle est l&rsquo;odeur de l&rsquo;\u00e9quivalent du parfum Gucci Gulty ?<br \/>\nIl s&rsquo;agit d&rsquo;un beau parfum f\u00e9minin qui est consid\u00e9r\u00e9 comme floral et pourtant oriental. Il a \u00e9t\u00e9 lanc\u00e9 en 2019 sous le nom de Refresh. Ses notes olfactives comprennent le poivre rose, la bergamote, la mandarine, la violette, la rose, le g\u00e9ranium, le patchouli et l&rsquo;ambre. Le parfum sensuel contenu dans un flacon dure longtemps et procure une grande satisfaction.   <\/p>\n","protected":false},"excerpt":{"rendered":"<p class=\"product__text inline-richtext\">Inspiration : Gucci Guilty Pour Femme EDP 30ML<\/p>\n<p class=\"product__text inline-richtext\"><strong>\u2705 Eau de toilette 19-21% Parfum<\/strong><\/p>\n<p class=\"product__text inline-richtext\"><strong>\u2705 Le parfum dure une seconde journ\u00e9e<\/strong><\/p>\n<p class=\"product__text inline-richtext\"><strong>Achetez le parfum, pas la marque - \u00e9conomisez de l&rsquo;argent<\/strong><\/p>\n","protected":false},"featured_media":35853,"comment_status":"open","ping_status":"closed","template":"","meta":{"_acf_changed":false},"product_brand":[],"product_cat":[203],"product_tag":[],"class_list":{"0":"post-27876","1":"product","2":"type-product","3":"status-publish","4":"has-post-thumbnail","6":"product_cat-pour-les-femmes","8":"first","9":"instock","10":"shipping-taxable","11":"purchasable","12":"product-type-variable"},"acf":[],"aioseo_notices":[],"jetpack_sharing_enabled":true,"_links":{"self":[{"href":"https:\/\/dupescents.co\/fr\/wp-json\/wp\/v2\/product\/27876","targetHints":{"allow":["GET"]}}],"collection":[{"href":"https:\/\/dupescents.co\/fr\/wp-json\/wp\/v2\/product"}],"about":[{"href":"https:\/\/dupescents.co\/fr\/wp-json\/wp\/v2\/types\/product"}],"replies":[{"embeddable":true,"href":"https:\/\/dupescents.co\/fr\/wp-json\/wp\/v2\/comments?post=27876"}],"wp:featuredmedia":[{"embeddable":true,"href":"https:\/\/dupescents.co\/fr\/wp-json\/wp\/v2\/media\/35853"}],"wp:attachment":[{"href":"https:\/\/dupescents.co\/fr\/wp-json\/wp\/v2\/media?parent=27876"}],"wp:term":[{"taxonomy":"product_brand","embeddable":true,"href":"https:\/\/dupescents.co\/fr\/wp-json\/wp\/v2\/product_brand?post=27876"},{"taxonomy":"product_cat","embeddable":true,"href":"https:\/\/dupescents.co\/fr\/wp-json\/wp\/v2\/product_cat?post=27876"},{"taxonomy":"product_tag","embeddable":true,"href":"https:\/\/dupescents.co\/fr\/wp-json\/wp\/v2\/product_tag?post=27876"}],"curies":[{"name":"wp","href":"https:\/\/api.w.org\/{rel}","templated":true}]}}