{"id":27824,"date":"2025-04-01T16:59:29","date_gmt":"2025-04-01T14:59:29","guid":{"rendered":"https:\/\/dupescents.co\/products\/ca-sent-comme-elephant-de-la-jungle\/"},"modified":"2025-11-05T19:29:54","modified_gmt":"2025-11-05T18:29:54","slug":"ca-sent-comme-elephant-de-la-jungle","status":"publish","type":"product","link":"https:\/\/dupescents.co\/fr\/products\/ca-sent-comme-elephant-de-la-jungle\/","title":{"rendered":"\u00c7a sent comme&#8230; \u00c9l\u00e9phant de la jungle"},"content":{"rendered":"<p>118W - Kenzo Dschungel Elefant \u00c4quivalent<br \/>\n118W EAU DE PARFUM - KENZO DSCHUNGEL ELEFANT ERSATZ<\/p>\n<p>DUFTNOTEN UNSERES ERSATZES:<\/p>\n<p>CLOVE SPICE<br \/>\nKARDAMON<br \/>\nVANILLE<br \/>\nKMINE<br \/>\nLUXRICE<br \/>\nKMIN<br \/>\nMANGO<br \/>\nBUSINESS<br \/>\nYLANG-YLANG<br \/>\nPACULA<br \/>\nMANDARIN<br \/>\nHELIOTROP<br \/>\nGARDENIA<br \/>\nDUFTBESCHREIBUNG:<\/p>\n<p>Eine sinnliche Reise in das Herz des wilden und \u00fcppigen Dschungels. Unser Pendant zum Duft Kenzo Jungle Elephant ist f\u00fcr abenteuerlustige und sinnliche Frauen, die bereit sind, immer wieder neue Abenteuer zu erleben. Die tiefgr\u00fcndige orientalisch-w\u00fcrzige Komposition ist perfekt f\u00fcr den Abend, aber es gibt sicher auch Besitzerinnen, die ihn lieber tags\u00fcber tragen.<\/p>\n<p>MERKMALE DES PARF\u00dcM-GEGENST\u00dcCKS KENZO JUNGLE ELEPHANT:<br \/>\nDufttyp: orientalisch, w\u00fcrzig<br \/>\nF\u00fcr wen: Frauen<br \/>\nInhalt: 10 ml \/ 30 ml \/ 50 ml \/ 100 ml<br \/>\nProdukt-Code: 118W<\/p>\n<p>Wie riecht das \u00c4quivalent des Parfums Kenzo Jungle Elephant?<br \/>\nEs ist ein Damenduft, der zu Kategorien wie orientalisch oder w\u00fcrzig geh\u00f6rt. Es hat Duftnoten wie Vanille, Kardamom, Ylang-Ylang und Nelke, unter anderem. Der Gesamtduft ist intensiv und kann zweifelsohne als sinnlich bezeichnet werden.<\/p>\n<p>Welche anderen Kenzo-D\u00fcfte sind einen Blick wert?<br \/>\nDas Gegenst\u00fcck zu Jungle Elephant ist nicht die einzige Damenkomposition, die interessante Kritiken erh\u00e4lt. Ein weiterer Duft, den es zu testen lohnt, ist das Kenzo Flower Replacement. Bei den Herrend\u00fcften hingegen lohnt sich ein Blick auf das Pendant Kenzo Pour Homme. Auch hier handelt es sich um eine interessante Komposition mit einem guten Duft.<\/p>\n","protected":false},"excerpt":{"rendered":"<p>Inspiration : Kenzo Jungle Elephant EDP 30ML<\/p>\n<p class=\"product__text inline-richtext\"><strong>\u2705 Eau de toilette 19-21% Parfum<\/strong><\/p>\n<p class=\"product__text inline-richtext\"><strong>\u2705 Le parfum dure une seconde journ\u00e9e<\/strong><\/p>\n<p class=\"product__text inline-richtext\"><strong>Achetez le parfum, pas la marque - \u00e9conomisez de l&rsquo;argent<\/strong><\/p>\n","protected":false},"featured_media":36183,"comment_status":"open","ping_status":"closed","template":"","meta":{"_acf_changed":false},"product_brand":[],"product_cat":[203],"product_tag":[],"class_list":{"0":"post-27824","1":"product","2":"type-product","3":"status-publish","4":"has-post-thumbnail","6":"product_cat-pour-les-femmes","8":"first","9":"instock","10":"shipping-taxable","11":"purchasable","12":"product-type-variable"},"acf":[],"aioseo_notices":[],"jetpack_sharing_enabled":true,"_links":{"self":[{"href":"https:\/\/dupescents.co\/fr\/wp-json\/wp\/v2\/product\/27824","targetHints":{"allow":["GET"]}}],"collection":[{"href":"https:\/\/dupescents.co\/fr\/wp-json\/wp\/v2\/product"}],"about":[{"href":"https:\/\/dupescents.co\/fr\/wp-json\/wp\/v2\/types\/product"}],"replies":[{"embeddable":true,"href":"https:\/\/dupescents.co\/fr\/wp-json\/wp\/v2\/comments?post=27824"}],"wp:featuredmedia":[{"embeddable":true,"href":"https:\/\/dupescents.co\/fr\/wp-json\/wp\/v2\/media\/36183"}],"wp:attachment":[{"href":"https:\/\/dupescents.co\/fr\/wp-json\/wp\/v2\/media?parent=27824"}],"wp:term":[{"taxonomy":"product_brand","embeddable":true,"href":"https:\/\/dupescents.co\/fr\/wp-json\/wp\/v2\/product_brand?post=27824"},{"taxonomy":"product_cat","embeddable":true,"href":"https:\/\/dupescents.co\/fr\/wp-json\/wp\/v2\/product_cat?post=27824"},{"taxonomy":"product_tag","embeddable":true,"href":"https:\/\/dupescents.co\/fr\/wp-json\/wp\/v2\/product_tag?post=27824"}],"curies":[{"name":"wp","href":"https:\/\/api.w.org\/{rel}","templated":true}]}}