{"id":27810,"date":"2025-04-02T17:55:38","date_gmt":"2025-04-02T15:55:38","guid":{"rendered":"https:\/\/dupescents.co\/products\/sent-comme-chance\/"},"modified":"2026-02-21T04:28:25","modified_gmt":"2026-02-21T03:28:25","slug":"sent-comme-chance","status":"publish","type":"product","link":"https:\/\/dupescents.co\/fr\/products\/sent-comme-chance\/","title":{"rendered":"Sent comme&#8230; Chance"},"content":{"rendered":"<p>006W - Chanel Chance Gegenst\u00fcck<br \/>\nEAU DE PARFUM NO 006W - CHANEL CHANCE \u00c4QUIVALENT<\/p>\n<p>DUFTNOTEN UNSERES ERSATZES:<\/p>\n<p>PACULA<br \/>\nJASMINE<br \/>\nROSY PEPPER<br \/>\nPIZMERE<br \/>\nVANILLA<br \/>\nIRIS<br \/>\nDUFTBESCHREIBUNG:<\/p>\n<p>Eine wunderbare Kombination aus blumigen und w\u00fcrzigen Noten sorgt f\u00fcr ein intensives, kraftvolles Aroma. Wir haben ein perfekt reproduziertes Gegenst\u00fcck zum Chanel Chance Parf\u00fcm vorbereitet, das bereits die Herzen vieler Frauen erobert hat. Jede Liebhaberin dieses Ersatzes wird angezogen und verf\u00fchrt, ohne zu viel Selbstbewusstsein auszustrahlen. Finden Sie heraus, ob dieser blumig-chypre-Duft auch Ihre Erwartungen erf\u00fcllt!<\/p>\n","protected":false},"excerpt":{"rendered":"<p class=\"product__text inline-richtext\">Inspiration : Chanel Chance EDP 50ML<\/p>\n<p class=\"product__text inline-richtext\"><strong>\u2705 Eau de toilette 19-21% Parfum<\/strong><\/p>\n<p class=\"product__text inline-richtext\"><strong>\u2705 Le parfum dure une seconde journ\u00e9e<\/strong><\/p>\n<p class=\"product__text inline-richtext\"><strong>Achetez le parfum, pas la marque - \u00e9conomisez de l&rsquo;argent<\/strong><\/p>\n","protected":false},"featured_media":35698,"comment_status":"open","ping_status":"closed","template":"","meta":{"_acf_changed":false},"product_brand":[],"product_cat":[213,203],"product_tag":[],"class_list":{"0":"post-27810","1":"product","2":"type-product","3":"status-publish","4":"has-post-thumbnail","6":"product_cat-meilleures-ventes","7":"product_cat-pour-les-femmes","9":"first","10":"instock","11":"shipping-taxable","12":"purchasable","13":"product-type-variable"},"acf":[],"aioseo_notices":[],"jetpack_sharing_enabled":true,"_links":{"self":[{"href":"https:\/\/dupescents.co\/fr\/wp-json\/wp\/v2\/product\/27810","targetHints":{"allow":["GET"]}}],"collection":[{"href":"https:\/\/dupescents.co\/fr\/wp-json\/wp\/v2\/product"}],"about":[{"href":"https:\/\/dupescents.co\/fr\/wp-json\/wp\/v2\/types\/product"}],"replies":[{"embeddable":true,"href":"https:\/\/dupescents.co\/fr\/wp-json\/wp\/v2\/comments?post=27810"}],"wp:featuredmedia":[{"embeddable":true,"href":"https:\/\/dupescents.co\/fr\/wp-json\/wp\/v2\/media\/35698"}],"wp:attachment":[{"href":"https:\/\/dupescents.co\/fr\/wp-json\/wp\/v2\/media?parent=27810"}],"wp:term":[{"taxonomy":"product_brand","embeddable":true,"href":"https:\/\/dupescents.co\/fr\/wp-json\/wp\/v2\/product_brand?post=27810"},{"taxonomy":"product_cat","embeddable":true,"href":"https:\/\/dupescents.co\/fr\/wp-json\/wp\/v2\/product_cat?post=27810"},{"taxonomy":"product_tag","embeddable":true,"href":"https:\/\/dupescents.co\/fr\/wp-json\/wp\/v2\/product_tag?post=27810"}],"curies":[{"name":"wp","href":"https:\/\/api.w.org\/{rel}","templated":true}]}}