{"id":27786,"date":"2025-04-02T17:57:12","date_gmt":"2025-04-02T15:57:12","guid":{"rendered":"https:\/\/dupescents.co\/products\/ca-sent-comme-heat\/"},"modified":"2026-02-15T05:54:00","modified_gmt":"2026-02-15T04:54:00","slug":"ca-sent-comme-heat","status":"publish","type":"product","link":"https:\/\/dupescents.co\/fr\/products\/ca-sent-comme-heat\/","title":{"rendered":"\u00c7a sent comme&#8230; Heat"},"content":{"rendered":"<p>161W - Beyonce Heat \u00c4quivalent<br \/>\nEAU DE PARFUM NO 161W - BEYONCE HEAT \u00c4QUIVALENT<\/p>\n<p>DUFTNOTEN VON UNSEREM ERSATZ:<\/p>\n<p>BROSKIN<br \/>\nBURSHINE<br \/>\nMIGAD<br \/>\nPI\u017bMO<br \/>\nTONKA FASOL<br \/>\nORCHIDEA<br \/>\nCAKE MACAROON<br \/>\nSEKWOOD<br \/>\nFAHRRAD<br \/>\nMAGNOLIEN<br \/>\nNEROLI<br \/>\nDUFTBESCHREIBUNG:<\/p>\n<p>Ein hei\u00dfer und leidenschaftlicher Duft f\u00fcr Frauen, die es lieben, zu verf\u00fchren. Unser Gegenst\u00fcck zu Beyonce Heat ist ein Eau de Parfum voller Leidenschaft und Sexappeal. Die orientalische Dimension der Komposition wird besonders von selbstbewussten und modernen Frauen geliebt werden. Es eignet sich perfekt f\u00fcr Rendezvous und besondere Anl\u00e4sse.<\/p>\n<p>EIGENSCHAFTEN VON BEYONCE HEAT EQUIVALENT PARF\u00dcM:<br \/>\nDufttyp: orientalisch<br \/>\nF\u00fcr wen: Frauen<br \/>\nInhalt: 10 ml \/ 30 ml \/ 50 ml \/ 100 ml<br \/>\nProdukt-Code: 161W<br \/>\nDer Preis f\u00fcr dieses Parf\u00fcm h\u00e4ngt von der angegebenen Menge ab.<br \/>\nBitte geben Sie uns Ihr Feedback nach dem Kauf!<\/p>\n<p>Sehen Sie auch andere Beyonce Parfums und ihre Ersatzprodukte.<\/p>\n<p>Wie riecht das entsprechende Parf\u00fcm Beyonce Heat?<br \/>\nEs ist ein sehr sch\u00f6ner Damenduft, der als orientalisch gilt. Unter seinen Duftnoten kann man Akkorde von Mammutbaum, Orchideenbl\u00fcte oder Magnolie entdecken. Der gesamte Duft ist s\u00fc\u00df und geh\u00f6rt zu einer wirklich interessanten Komposition.<\/p>\n","protected":false},"excerpt":{"rendered":"<p>Inspiration : Beyonce Heat EDP 30ML<\/p>\n<p class=\"product__text inline-richtext\"><strong>\u2705 Eau de toilette 19-21% Parfum<\/strong><\/p>\n<p class=\"product__text inline-richtext\"><strong>\u2705 Le parfum dure une seconde journ\u00e9e<\/strong><\/p>\n<p class=\"product__text inline-richtext\"><strong>Achetez le parfum, pas la marque - \u00e9conomisez de l&rsquo;argent<\/strong><\/p>\n","protected":false},"featured_media":35274,"comment_status":"open","ping_status":"closed","template":"","meta":{"_acf_changed":false},"product_brand":[],"product_cat":[213,203],"product_tag":[],"class_list":{"0":"post-27786","1":"product","2":"type-product","3":"status-publish","4":"has-post-thumbnail","6":"product_cat-meilleures-ventes","7":"product_cat-pour-les-femmes","9":"first","10":"instock","11":"shipping-taxable","12":"purchasable","13":"product-type-variable"},"acf":[],"aioseo_notices":[],"jetpack_sharing_enabled":true,"_links":{"self":[{"href":"https:\/\/dupescents.co\/fr\/wp-json\/wp\/v2\/product\/27786","targetHints":{"allow":["GET"]}}],"collection":[{"href":"https:\/\/dupescents.co\/fr\/wp-json\/wp\/v2\/product"}],"about":[{"href":"https:\/\/dupescents.co\/fr\/wp-json\/wp\/v2\/types\/product"}],"replies":[{"embeddable":true,"href":"https:\/\/dupescents.co\/fr\/wp-json\/wp\/v2\/comments?post=27786"}],"wp:featuredmedia":[{"embeddable":true,"href":"https:\/\/dupescents.co\/fr\/wp-json\/wp\/v2\/media\/35274"}],"wp:attachment":[{"href":"https:\/\/dupescents.co\/fr\/wp-json\/wp\/v2\/media?parent=27786"}],"wp:term":[{"taxonomy":"product_brand","embeddable":true,"href":"https:\/\/dupescents.co\/fr\/wp-json\/wp\/v2\/product_brand?post=27786"},{"taxonomy":"product_cat","embeddable":true,"href":"https:\/\/dupescents.co\/fr\/wp-json\/wp\/v2\/product_cat?post=27786"},{"taxonomy":"product_tag","embeddable":true,"href":"https:\/\/dupescents.co\/fr\/wp-json\/wp\/v2\/product_tag?post=27786"}],"curies":[{"name":"wp","href":"https:\/\/api.w.org\/{rel}","templated":true}]}}