{"id":27774,"date":"2025-04-02T18:01:27","date_gmt":"2025-04-02T16:01:27","guid":{"rendered":"https:\/\/dupescents.co\/products\/sent-comme-armani-mania\/"},"modified":"2026-02-21T23:31:48","modified_gmt":"2026-02-21T22:31:48","slug":"sent-comme-armani-mania","status":"publish","type":"product","link":"https:\/\/dupescents.co\/fr\/products\/sent-comme-armani-mania\/","title":{"rendered":"Sent comme&#8230; Armani Mania"},"content":{"rendered":"<p>100W - Remplacement pour Giorgio Armani SI Passione<br \/>\nEAU DE PARFUM 100W - REMPLACEMENT POUR GIORGIO ARMANI SI PASSIONE<\/p>\n<p>PARFUMS DE NOS SUBSTITUTS :<\/p>\n<p>GRUSH<br \/>\nBLACKCURRANT<br \/>\nROSE<br \/>\nANANAS<br \/>\nPINK PEPPER<br \/>\nVANILLE<br \/>\nFRUITS GRIS<br \/>\nH\u00c9LIOTROPE<br \/>\nC\u00c8DRE<br \/>\nJASMIN<br \/>\nBOIS D&rsquo;AMBRE<br \/>\nPACULA<br \/>\nDESCRIPTION DE LA FRAGRANCE :<\/p>\n<p>Un parfum magnifique, plein d&rsquo;\u00e9l\u00e9gance et de force. Notre \u00e9quivalent du parfum Giorgio Armani Si Passione est une eau de parfum pour les femmes s\u00fbres d&rsquo;elles et ind\u00e9pendantes. La composition luxuriante d&rsquo;ar\u00f4mes fruit\u00e9s et de notes bois\u00e9es profondes produit un effet contrast\u00e9 et sensible. Id\u00e9al pour le quotidien et le travail, mais aussi pour le soir.   <\/p>\n<p>CARACTERISTIQUES DU PARFUM CORRESPONDANT SI PASSIONE :<br \/>\nType de parfum : fruit\u00e9, floral<br \/>\nPour qui : femmes<br \/>\nContenu 10ml \/ 30ml \/ 50ml \/ 100ml<br \/>\nCode produit : 100W<br \/>\nLe prix de ce parfum d\u00e9pend de la quantit\u00e9 indiqu\u00e9e.<br \/>\nMerci de nous donner votre avis apr\u00e8s l&rsquo;achat !<\/p>\n<p>Voir aussi les autres parfums Giorgio Armani et leurs produits de remplacement.<\/p>\n<p>Quelle est l&rsquo;odeur du substitut de Giorgio Armani Si Passione ?<br \/>\nLe rempla\u00e7ant de Giorgio Armani Si Passion est parfait pour le printemps et l&rsquo;\u00e9t\u00e9. L&rsquo;association du cassis et de la poire est subtile et n&rsquo;est pas aussi envahissante que le pr\u00e9d\u00e9cesseur du parfum. Le parfum contient \u00e9galement de la vanille et du jasmin.  <\/p>\n<p>Le remplacement de Giorgio Armani Si Passione est-il de longue dur\u00e9e ?<br \/>\nLa teneur en composants parfum\u00e9s du substitut Giorgio Armani Si Passione est de 19%, ce qui permet au parfum de rester longtemps sur la peau.<\/p>\n","protected":false},"excerpt":{"rendered":"<p class=\"product__text inline-richtext\">Inspiration : Giorgio Armani Armani Mania EDP 50ML<\/p>\n<p class=\"product__text inline-richtext\"><strong>\u2705 Eau de toilette 19-21% Parfum<\/strong><\/p>\n<p class=\"product__text inline-richtext\"><strong>\u2705 Le parfum dure une seconde journ\u00e9e<\/strong><\/p>\n<p class=\"product__text inline-richtext\"><strong>Achetez le parfum, pas la marque - \u00e9conomisez de l&rsquo;argent<\/strong><\/p>\n","protected":false},"featured_media":35862,"comment_status":"open","ping_status":"closed","template":"","meta":{"_acf_changed":false},"product_brand":[],"product_cat":[213,203],"product_tag":[],"class_list":{"0":"post-27774","1":"product","2":"type-product","3":"status-publish","4":"has-post-thumbnail","6":"product_cat-meilleures-ventes","7":"product_cat-pour-les-femmes","9":"first","10":"instock","11":"shipping-taxable","12":"purchasable","13":"product-type-variable"},"acf":[],"aioseo_notices":[],"jetpack_sharing_enabled":true,"_links":{"self":[{"href":"https:\/\/dupescents.co\/fr\/wp-json\/wp\/v2\/product\/27774","targetHints":{"allow":["GET"]}}],"collection":[{"href":"https:\/\/dupescents.co\/fr\/wp-json\/wp\/v2\/product"}],"about":[{"href":"https:\/\/dupescents.co\/fr\/wp-json\/wp\/v2\/types\/product"}],"replies":[{"embeddable":true,"href":"https:\/\/dupescents.co\/fr\/wp-json\/wp\/v2\/comments?post=27774"}],"wp:featuredmedia":[{"embeddable":true,"href":"https:\/\/dupescents.co\/fr\/wp-json\/wp\/v2\/media\/35862"}],"wp:attachment":[{"href":"https:\/\/dupescents.co\/fr\/wp-json\/wp\/v2\/media?parent=27774"}],"wp:term":[{"taxonomy":"product_brand","embeddable":true,"href":"https:\/\/dupescents.co\/fr\/wp-json\/wp\/v2\/product_brand?post=27774"},{"taxonomy":"product_cat","embeddable":true,"href":"https:\/\/dupescents.co\/fr\/wp-json\/wp\/v2\/product_cat?post=27774"},{"taxonomy":"product_tag","embeddable":true,"href":"https:\/\/dupescents.co\/fr\/wp-json\/wp\/v2\/product_tag?post=27774"}],"curies":[{"name":"wp","href":"https:\/\/api.w.org\/{rel}","templated":true}]}}