{"id":27761,"date":"2025-04-02T17:58:43","date_gmt":"2025-04-02T15:58:43","guid":{"rendered":"https:\/\/dupescents.co\/products\/sent-comme-olympea-legend\/"},"modified":"2026-02-21T04:22:45","modified_gmt":"2026-02-21T03:22:45","slug":"sent-comme-olympea-legend","status":"publish","type":"product","link":"https:\/\/dupescents.co\/fr\/products\/sent-comme-olympea-legend\/","title":{"rendered":"Sent comme&#8230; Olympea Legend"},"content":{"rendered":"<p>441W - Ersatz f\u00fcr Paco Rabanne Olympea Legend<br \/>\nPERFUMED WATER NO 441W - ERSATZ f\u00fcr Paco Rabanne Olympea Legend<\/p>\n<p>DUFTNOTEN UNSERES ERSATZES:<\/p>\n<p>Pflaume<br \/>\nAprikose<br \/>\nMeersalz<br \/>\nBlumige Noten<br \/>\nIngwerbl\u00fcte<br \/>\nVanille<br \/>\nTonkabohne<br \/>\nSand<br \/>\nBernstein<br \/>\nDUFTBESCHREIBUNG:<\/p>\n<p>M\u00f6chten Sie sich besonders f\u00fchlen? Probieren Sie den Olymp\u00e9a Legend Parf\u00fcmersatz. Es ist eine orientalisch-blumige Mischung aus Pflaume, Aprikose, Ingwerbl\u00fcte und Vanille, die durch Ambra und Amber veredelt wird. Testen Sie das 441W und wir versichern Ihnen, dass Sie mit seinem herrlichen Duft verf\u00fchren werden, wen immer Sie wollen!<\/p>\n<p>EIGENSCHAFTEN DES PERFUM REPLACEMENT Paco Rabanne Olympea Legend:<br \/>\nDufttyp: orientalisch, blumig<br \/>\nF\u00fcr wen: Frauen<br \/>\nInhalt 10ml \/ 30ml \/ 50ml \/ 100ml<br \/>\nProdukt-Code: 441W<br \/>\nDer Preis f\u00fcr dieses Parf\u00fcm h\u00e4ngt von der angegebenen Menge ab.<br \/>\nBitte geben Sie uns nach dem Kauf eine R\u00fcckmeldung!<\/p>\n<p>Sehen Sie auch andere Paco Rabanne Parfums und ihre Ersatzprodukte.<\/p>\n","protected":false},"excerpt":{"rendered":"<p>Inspiration : Paco Rabanne Olympea Legend EDP 50ML<\/p>\n<p class=\"product__text inline-richtext\"><strong>\u2705 Eau de toilette 19-21% Parfum<\/strong><\/p>\n<p class=\"product__text inline-richtext\"><strong>\u2705 Le parfum dure une seconde journ\u00e9e<\/strong><\/p>\n<p class=\"product__text inline-richtext\"><strong>Achetez le parfum, pas la marque - \u00e9conomisez de l&rsquo;argent<\/strong><\/p>\n","protected":false},"featured_media":36130,"comment_status":"open","ping_status":"closed","template":"","meta":{"_acf_changed":false},"product_brand":[],"product_cat":[213,203],"product_tag":[],"class_list":{"0":"post-27761","1":"product","2":"type-product","3":"status-publish","4":"has-post-thumbnail","6":"product_cat-meilleures-ventes","7":"product_cat-pour-les-femmes","9":"first","10":"instock","11":"shipping-taxable","12":"purchasable","13":"product-type-variable"},"acf":[],"aioseo_notices":[],"jetpack_sharing_enabled":true,"_links":{"self":[{"href":"https:\/\/dupescents.co\/fr\/wp-json\/wp\/v2\/product\/27761","targetHints":{"allow":["GET"]}}],"collection":[{"href":"https:\/\/dupescents.co\/fr\/wp-json\/wp\/v2\/product"}],"about":[{"href":"https:\/\/dupescents.co\/fr\/wp-json\/wp\/v2\/types\/product"}],"replies":[{"embeddable":true,"href":"https:\/\/dupescents.co\/fr\/wp-json\/wp\/v2\/comments?post=27761"}],"wp:featuredmedia":[{"embeddable":true,"href":"https:\/\/dupescents.co\/fr\/wp-json\/wp\/v2\/media\/36130"}],"wp:attachment":[{"href":"https:\/\/dupescents.co\/fr\/wp-json\/wp\/v2\/media?parent=27761"}],"wp:term":[{"taxonomy":"product_brand","embeddable":true,"href":"https:\/\/dupescents.co\/fr\/wp-json\/wp\/v2\/product_brand?post=27761"},{"taxonomy":"product_cat","embeddable":true,"href":"https:\/\/dupescents.co\/fr\/wp-json\/wp\/v2\/product_cat?post=27761"},{"taxonomy":"product_tag","embeddable":true,"href":"https:\/\/dupescents.co\/fr\/wp-json\/wp\/v2\/product_tag?post=27761"}],"curies":[{"name":"wp","href":"https:\/\/api.w.org\/{rel}","templated":true}]}}