{"id":27725,"date":"2025-04-02T18:02:54","date_gmt":"2025-04-02T16:02:54","guid":{"rendered":"https:\/\/dupescents.co\/products\/sent-comme-rose-the-one\/"},"modified":"2025-11-05T19:27:21","modified_gmt":"2025-11-05T18:27:21","slug":"sent-comme-rose-the-one","status":"publish","type":"product","link":"https:\/\/dupescents.co\/fr\/products\/sent-comme-rose-the-one\/","title":{"rendered":"Sent comme&#8230; Rose The One"},"content":{"rendered":"<p>155W - Eau de Parfum<br \/>\nPARF\u00dcMIERTES WASSER NR. 155W<\/p>\n<p>DUFTNOTEN VON UNSEREM ERSATZ:<\/p>\n<p>ROSE<br \/>\nNICE<br \/>\nPIWONIA<br \/>\nGREYFRUIT<br \/>\nVANILLE<br \/>\nSCHWARZE KURANTIE<br \/>\nPIZMO<br \/>\nKONWALIA<br \/>\nMANDARINE<br \/>\nLILIE<br \/>\nAMBRETTE<br \/>\nSANDELWOOD<br \/>\nDUFTBESCHREIBUNG:<\/p>\n<p>Ein au\u00dfergew\u00f6hnlich zartes Angebot f\u00fcr romantische Frauen. Unser Gegenst\u00fcck ist ein sehr lang anhaltendes Eau de Parfum. Die reizvolle Kombination aus Blumen und Sandelholz verf\u00fchrt und unterstreicht die Sinnlichkeit der Besitzerin. Es passt perfekt zu vielen romantischen Momenten und macht sie noch unvergesslicher.<\/p>\n<p>MERKMALE DES GEGENST\u00dcCKS:<br \/>\nDufttyp: blumig<br \/>\nF\u00fcr wen: weiblich<br \/>\nInhalt: 10 ml \/ 30 ml \/ 50 ml \/ 100 ml<br \/>\nProdukt-Code: 155W<br \/>\nDer Preis f\u00fcr dieses Parf\u00fcm h\u00e4ngt von der angegebenen Menge ab.<br \/>\nBitte geben Sie uns nach dem Kauf Ihr Feedback!<\/p>\n","protected":false},"excerpt":{"rendered":"<p class=\"product__text inline-richtext\">Inspiration : Dolce &amp; Gabbana Rose The One EDP 50ML<\/p>\n<p class=\"product__text inline-richtext\"><strong>\u2705 Eau de toilette 19-21% Parfum<\/strong><\/p>\n<p class=\"product__text inline-richtext\"><strong>\u2705 Le parfum dure une seconde journ\u00e9e<\/strong><\/p>\n<p class=\"product__text inline-richtext\"><strong>Achetez le parfum, pas la marque - \u00e9conomisez de l&rsquo;argent<\/strong><\/p>\n","protected":false},"featured_media":0,"comment_status":"open","ping_status":"closed","template":"","meta":{"_acf_changed":false},"product_brand":[],"product_cat":[203],"product_tag":[],"class_list":{"0":"post-27725","1":"product","2":"type-product","3":"status-publish","5":"product_cat-pour-les-femmes","7":"first","8":"instock","9":"shipping-taxable","10":"purchasable","11":"product-type-variable"},"acf":[],"aioseo_notices":[],"jetpack_sharing_enabled":true,"_links":{"self":[{"href":"https:\/\/dupescents.co\/fr\/wp-json\/wp\/v2\/product\/27725","targetHints":{"allow":["GET"]}}],"collection":[{"href":"https:\/\/dupescents.co\/fr\/wp-json\/wp\/v2\/product"}],"about":[{"href":"https:\/\/dupescents.co\/fr\/wp-json\/wp\/v2\/types\/product"}],"replies":[{"embeddable":true,"href":"https:\/\/dupescents.co\/fr\/wp-json\/wp\/v2\/comments?post=27725"}],"wp:attachment":[{"href":"https:\/\/dupescents.co\/fr\/wp-json\/wp\/v2\/media?parent=27725"}],"wp:term":[{"taxonomy":"product_brand","embeddable":true,"href":"https:\/\/dupescents.co\/fr\/wp-json\/wp\/v2\/product_brand?post=27725"},{"taxonomy":"product_cat","embeddable":true,"href":"https:\/\/dupescents.co\/fr\/wp-json\/wp\/v2\/product_cat?post=27725"},{"taxonomy":"product_tag","embeddable":true,"href":"https:\/\/dupescents.co\/fr\/wp-json\/wp\/v2\/product_tag?post=27725"}],"curies":[{"name":"wp","href":"https:\/\/api.w.org\/{rel}","templated":true}]}}