{"id":27694,"date":"2025-04-02T18:13:24","date_gmt":"2025-04-02T16:13:24","guid":{"rendered":"https:\/\/dupescents.co\/products\/sent-comme-ange-ou-demon-le-secret\/"},"modified":"2026-02-21T19:57:24","modified_gmt":"2026-02-21T18:57:24","slug":"sent-comme-ange-ou-demon-le-secret","status":"publish","type":"product","link":"https:\/\/dupescents.co\/fr\/products\/sent-comme-ange-ou-demon-le-secret\/","title":{"rendered":"Sent comme&#8230; Ange Ou Demon Le Secret"},"content":{"rendered":"<p>427W - Remplacement pour Givenchy Irresistible<br \/>\nEAU DE PARFUM NO 427W - REMPLACEMENT POUR GIVENCHY INDISPENSABLE<\/p>\n<p>PARFUMS DE NOS SUBSTITUTS :<\/p>\n<p>GRUSH<br \/>\nAMBRETTE<br \/>\nROSE<br \/>\nIRYS<br \/>\nPI\u017bMO<br \/>\nVIRGINIA CEDR<br \/>\nDESCRIPTION DE GIVENCHY PARFUM IRR\u00c9SISTIBLE :<\/p>\n<p>Ce parfum est comme une belle journ\u00e9e ensoleill\u00e9e dans la nature. Tout le monde en r\u00eave, et vous pouvez l&rsquo;avoir ! Les notes \u00e9clatantes de c\u00e8dre, d&rsquo;iris et d&rsquo;ambre lui conf\u00e8rent une note apaisante. La douceur de la composition est compl\u00e9t\u00e9e par la poire et le musc. Pourtant, ce n&rsquo;est pas un parfum innocent, mais plein de f\u00e9minit\u00e9 consciente, de temp\u00e9rament et de joie de vivre. Un m\u00e9lange authentique et frais qui s&rsquo;adresse aux femmes qui veulent profiter au maximum de la vie !     <\/p>\n<p>Essayez 427W, une eau de parfum inspir\u00e9e par la fra\u00eecheur et le charme de Givenchy Irresistible. Dansez de joie et sentez l&rsquo;appel de la spontan\u00e9it\u00e9 ! Ce parfum ne lib\u00e8re que de la bonne \u00e9nergie et vous permet de vous r\u00e9jouir des petites choses.  <\/p>\n<p>CARACTERISTIQUES DE L&rsquo;OBJET DE PARFUM IRRESISTIBLE :<br \/>\nType de parfum : fruit\u00e9, floral<br \/>\nPour qui : femmes<br \/>\nContenu : 10 ml \/ 30 ml \/ 50 ml \/ 100 ml<br \/>\nCode produit : 427W<br \/>\nLe prix de ce parfum d\u00e9pend de la quantit\u00e9 indiqu\u00e9e.<\/p>\n<p>Que sent l&rsquo;\u00e9quivalent du parfum Givenchy Irresistible ?<br \/>\nCe parfum d\u00e9licieusement fruit\u00e9 s\u00e9duit entre autres par une note de poire juteuse, mais il y a aussi des notes parfum\u00e9es comme des notes de rose fleurie, de cidre et de cidre de Virginie.<\/p>\n<p>Combien de temps dure l&rsquo;odeur du substitut de parfum Givenchy Irresistible ?<br \/>\nCette eau de parfum fruit\u00e9e a une dur\u00e9e de vie extr\u00eamement satisfaisante, id\u00e9ale pour les femmes exigeantes.<\/p>\n","protected":false},"excerpt":{"rendered":"<p>Inspiration : Givenchy Ange Ou Demon Le Secret 2014 EDP 50ML<\/p>\n<p class=\"product__text inline-richtext\"><strong>\u2705 Eau de toilette 19-21% Parfum<\/strong><\/p>\n<p class=\"product__text inline-richtext\"><strong>\u2705 Le parfum dure une seconde journ\u00e9e<\/strong><\/p>\n<p class=\"product__text inline-richtext\"><strong>Achetez le parfum, pas la marque - \u00e9conomisez de l&rsquo;argent<\/strong><\/p>\n","protected":false},"featured_media":35807,"comment_status":"open","ping_status":"closed","template":"","meta":{"_acf_changed":false},"product_brand":[],"product_cat":[213,203],"product_tag":[],"class_list":{"0":"post-27694","1":"product","2":"type-product","3":"status-publish","4":"has-post-thumbnail","6":"product_cat-meilleures-ventes","7":"product_cat-pour-les-femmes","9":"first","10":"instock","11":"shipping-taxable","12":"purchasable","13":"product-type-variable"},"acf":[],"aioseo_notices":[],"jetpack_sharing_enabled":true,"_links":{"self":[{"href":"https:\/\/dupescents.co\/fr\/wp-json\/wp\/v2\/product\/27694","targetHints":{"allow":["GET"]}}],"collection":[{"href":"https:\/\/dupescents.co\/fr\/wp-json\/wp\/v2\/product"}],"about":[{"href":"https:\/\/dupescents.co\/fr\/wp-json\/wp\/v2\/types\/product"}],"replies":[{"embeddable":true,"href":"https:\/\/dupescents.co\/fr\/wp-json\/wp\/v2\/comments?post=27694"}],"wp:featuredmedia":[{"embeddable":true,"href":"https:\/\/dupescents.co\/fr\/wp-json\/wp\/v2\/media\/35807"}],"wp:attachment":[{"href":"https:\/\/dupescents.co\/fr\/wp-json\/wp\/v2\/media?parent=27694"}],"wp:term":[{"taxonomy":"product_brand","embeddable":true,"href":"https:\/\/dupescents.co\/fr\/wp-json\/wp\/v2\/product_brand?post=27694"},{"taxonomy":"product_cat","embeddable":true,"href":"https:\/\/dupescents.co\/fr\/wp-json\/wp\/v2\/product_cat?post=27694"},{"taxonomy":"product_tag","embeddable":true,"href":"https:\/\/dupescents.co\/fr\/wp-json\/wp\/v2\/product_tag?post=27694"}],"curies":[{"name":"wp","href":"https:\/\/api.w.org\/{rel}","templated":true}]}}