{"id":27676,"date":"2025-04-02T18:10:34","date_gmt":"2025-04-02T16:10:34","guid":{"rendered":"https:\/\/dupescents.co\/products\/sent-comme-212-vip\/"},"modified":"2026-02-21T19:29:06","modified_gmt":"2026-02-21T18:29:06","slug":"sent-comme-212-vip","status":"publish","type":"product","link":"https:\/\/dupescents.co\/fr\/products\/sent-comme-212-vip\/","title":{"rendered":"Sent comme&#8230; 212 VIP"},"content":{"rendered":"<p>117W - \u00c9quivalent de Carolina Herrera 212 VIP<br \/>\nEAU DE PARFUM 117W - \u00c9QUIVALENT DE CAROLINA HERRERA 212 VIP<\/p>\n<p>PARFUMS DE NOTRE REMPLACEMENT :<\/p>\n<p>RHUM<br \/>\nMARACUY<br \/>\nVANILLE<br \/>\nFRUITS TONKA<br \/>\nGARDENIA<br \/>\nPI\u017bMO<br \/>\nDESCRIPTION DU PARFUM :<\/p>\n<p>Un parfum qui incarne un style de vie urbain avec une touche de luxe et d&rsquo;\u00e9l\u00e9gance. En contrepartie de Carolina Herrera 212 VIP, il est destin\u00e9 aux femmes s\u00fbres d&rsquo;elles qui aiment briller \u00e0 plus d&rsquo;une f\u00eate. Cette eau de parfum orientale pleine d&rsquo;\u00e9nergie est particuli\u00e8rement adapt\u00e9e aux sorties en soir\u00e9e.  <\/p>\n<p>CARACT\u00c9RISTIQUES DE L&rsquo;\u00c9QUIVALENT DU PARFUM CAROLINA HERRERA 212 VIP<\/p>\n<p>Type de parfum : oriental<br \/>\nPour qui : femmes<br \/>\nVolume : 10 ml \/ 30 ml \/ 50 ml \/ 100 ml<br \/>\nCode produit : 117W<br \/>\nLe prix de ce parfum d\u00e9pend de la quantit\u00e9 indiqu\u00e9e.<br \/>\nVeuillez nous donner votre avis apr\u00e8s l&rsquo;achat !<\/p>\n<p>Voir aussi les autres parfums Carolina Herrera et leurs substituts.<\/p>\n","protected":false},"excerpt":{"rendered":"<p>Inspiration : Carolina Herrera 212 VIP EDP 50ML<\/p>\n<p class=\"product__text inline-richtext\"><strong>\u2705 Eau de toilette 19-21% Parfum<\/strong><\/p>\n<p class=\"product__text inline-richtext\"><strong>\u2705 Le parfum dure une seconde journ\u00e9e<\/strong><\/p>\n<p class=\"product__text inline-richtext\"><strong>Achetez le parfum, pas la marque - \u00e9conomisez de l&rsquo;argent<\/strong><\/p>\n","protected":false},"featured_media":35771,"comment_status":"open","ping_status":"closed","template":"","meta":{"_acf_changed":false},"product_brand":[],"product_cat":[213,203],"product_tag":[],"class_list":{"0":"post-27676","1":"product","2":"type-product","3":"status-publish","4":"has-post-thumbnail","6":"product_cat-meilleures-ventes","7":"product_cat-pour-les-femmes","9":"first","10":"instock","11":"shipping-taxable","12":"purchasable","13":"product-type-variable"},"acf":[],"aioseo_notices":[],"jetpack_sharing_enabled":true,"_links":{"self":[{"href":"https:\/\/dupescents.co\/fr\/wp-json\/wp\/v2\/product\/27676","targetHints":{"allow":["GET"]}}],"collection":[{"href":"https:\/\/dupescents.co\/fr\/wp-json\/wp\/v2\/product"}],"about":[{"href":"https:\/\/dupescents.co\/fr\/wp-json\/wp\/v2\/types\/product"}],"replies":[{"embeddable":true,"href":"https:\/\/dupescents.co\/fr\/wp-json\/wp\/v2\/comments?post=27676"}],"wp:featuredmedia":[{"embeddable":true,"href":"https:\/\/dupescents.co\/fr\/wp-json\/wp\/v2\/media\/35771"}],"wp:attachment":[{"href":"https:\/\/dupescents.co\/fr\/wp-json\/wp\/v2\/media?parent=27676"}],"wp:term":[{"taxonomy":"product_brand","embeddable":true,"href":"https:\/\/dupescents.co\/fr\/wp-json\/wp\/v2\/product_brand?post=27676"},{"taxonomy":"product_cat","embeddable":true,"href":"https:\/\/dupescents.co\/fr\/wp-json\/wp\/v2\/product_cat?post=27676"},{"taxonomy":"product_tag","embeddable":true,"href":"https:\/\/dupescents.co\/fr\/wp-json\/wp\/v2\/product_tag?post=27676"}],"curies":[{"name":"wp","href":"https:\/\/api.w.org\/{rel}","templated":true}]}}