{"id":27664,"date":"2025-04-02T18:15:35","date_gmt":"2025-04-02T16:15:35","guid":{"rendered":"https:\/\/dupescents.co\/products\/sent-comme-jour\/"},"modified":"2025-11-05T19:27:15","modified_gmt":"2025-11-05T18:27:15","slug":"sent-comme-jour","status":"publish","type":"product","link":"https:\/\/dupescents.co\/fr\/products\/sent-comme-jour\/","title":{"rendered":"Sent comme&#8230; Jour"},"content":{"rendered":"<p>033W - Hugo Boss Jour Ersatz<br \/>\nEAU DE PARFUM NO 033W - HUGO BOSS JOUR ERSATZ<\/p>\n<p>DUFTNOTEN UNSERES ERSATZES:<\/p>\n<p>WEISSE BLUMEN<br \/>\nLIMA<br \/>\nGRAPEFRUIT BLUME<br \/>\nFRISCH<br \/>\nBRUSCHEL<br \/>\nKONWALIA<br \/>\nFAHRRAD<br \/>\nBURSHINE<br \/>\nDUFTBESCHREIBUNG:<\/p>\n<p>Ein inspirierender Blumenduft, der pure Freude ausl\u00f6st. Unser \u00c4quivalent zum Hugo Boss Boss Jour Parf\u00fcm erf\u00fcllt die Erwartungen jeder modernen und entschlossenen Frau. Ein herrlich \u00fcppiger, frischer Duft, der sich perfekt f\u00fcr alle t\u00e4glichen Herausforderungen eignet, die auf Sie warten. Entscheiden Sie sich f\u00fcr eine fesselnde Frische, die Sie begeistern wird!<\/p>\n<p>EIGENSCHAFTEN DES PARFUMS EQUIVALENT OF JOUR:<br \/>\nDufttyp: blumig<br \/>\nF\u00fcr wen: Frauen<br \/>\nInhalt 10ml \/ 30ml \/ 50ml \/ 100ml<br \/>\nProdukt-Code: 033W<br \/>\nDer Preis f\u00fcr dieses Parf\u00fcm h\u00e4ngt von der angegebenen Menge ab.<br \/>\nBitte geben Sie uns Ihr Feedback nach dem Kauf!<\/p>\n<p>Sehen Sie auch andere Hugo Boss Parfums und ihre Ersatzprodukte.<\/p>\n<p>Wie riecht das entsprechende Parf\u00fcm Hugo Boss Jour?<br \/>\nEs ist eine sehr angenehme Komposition f\u00fcr die Sinne, die als ausgesprochen blumig empfunden wird. Man riecht unter anderem Duftnoten von Freesienbl\u00fcten, Maigl\u00f6ckchen und Grapefruit, aber auch von Birke und Amber. Die gesamte Komposition regt die Fantasie an und passt zu vielen Frauen.<\/p>\n","protected":false},"excerpt":{"rendered":"<p class=\"product__text inline-richtext\">Inspiration : Hugo Boss Jour EDP 50ML<\/p>\n<p class=\"product__text inline-richtext\"><strong>\u2705 Eau de toilette 19-21% Parfum<\/strong><\/p>\n<p class=\"product__text inline-richtext\"><strong>\u2705 Le parfum dure une seconde journ\u00e9e<\/strong><\/p>\n<p class=\"product__text inline-richtext\"><strong>Achetez le parfum, pas la marque - \u00e9conomisez de l&rsquo;argent<\/strong><\/p>\n","protected":false},"featured_media":0,"comment_status":"open","ping_status":"closed","template":"","meta":{"_acf_changed":false},"product_brand":[],"product_cat":[203],"product_tag":[],"class_list":{"0":"post-27664","1":"product","2":"type-product","3":"status-publish","5":"product_cat-pour-les-femmes","7":"first","8":"instock","9":"shipping-taxable","10":"purchasable","11":"product-type-variable"},"acf":[],"aioseo_notices":[],"jetpack_sharing_enabled":true,"_links":{"self":[{"href":"https:\/\/dupescents.co\/fr\/wp-json\/wp\/v2\/product\/27664","targetHints":{"allow":["GET"]}}],"collection":[{"href":"https:\/\/dupescents.co\/fr\/wp-json\/wp\/v2\/product"}],"about":[{"href":"https:\/\/dupescents.co\/fr\/wp-json\/wp\/v2\/types\/product"}],"replies":[{"embeddable":true,"href":"https:\/\/dupescents.co\/fr\/wp-json\/wp\/v2\/comments?post=27664"}],"wp:attachment":[{"href":"https:\/\/dupescents.co\/fr\/wp-json\/wp\/v2\/media?parent=27664"}],"wp:term":[{"taxonomy":"product_brand","embeddable":true,"href":"https:\/\/dupescents.co\/fr\/wp-json\/wp\/v2\/product_brand?post=27664"},{"taxonomy":"product_cat","embeddable":true,"href":"https:\/\/dupescents.co\/fr\/wp-json\/wp\/v2\/product_cat?post=27664"},{"taxonomy":"product_tag","embeddable":true,"href":"https:\/\/dupescents.co\/fr\/wp-json\/wp\/v2\/product_tag?post=27664"}],"curies":[{"name":"wp","href":"https:\/\/api.w.org\/{rel}","templated":true}]}}