{"id":27625,"date":"2025-04-02T18:18:14","date_gmt":"2025-04-02T16:18:14","guid":{"rendered":"https:\/\/dupescents.co\/products\/sent-comme-see-by-chloe\/"},"modified":"2025-11-05T19:27:10","modified_gmt":"2025-11-05T18:27:10","slug":"sent-comme-see-by-chloe","status":"publish","type":"product","link":"https:\/\/dupescents.co\/fr\/products\/sent-comme-see-by-chloe\/","title":{"rendered":"Sent comme&#8230; See By Chloe"},"content":{"rendered":"<p>432W - Ein \u00e4hnlicher Duft wie Chlo\u00e9 See By Chloe Parf\u00fcm<\/p>\n<p>DUFTBESCHREIBUNG:<\/p>\n<p>Sinnlichkeit, Optimismus und Sch\u00f6nheit - wenn Sie sich mit diesen Eigenschaften identifizieren k\u00f6nnen, ist dieser Duft genau das Richtige f\u00fcr Sie! 432W ist eine bezaubernde Mischung aus Apfelbl\u00fcte, Bergamotte und Jasmin, die durch Moschus an Tiefe gewinnt. Dank der Vanille umh\u00fcllt er Sie mit einer zarten S\u00fc\u00dfe und der langanhaltende Duft erm\u00f6glicht es Ihnen, ihn stundenlang zu genie\u00dfen!<\/p>\n<p>Duftnoten:<\/p>\n<p>Apfelbl\u00fcte<br \/>\nBergamotte<br \/>\nJasmin<br \/>\nYlang-Ylang<br \/>\nMoschus<br \/>\nSandelholz<br \/>\nVanille<\/p>\n<p>432W MERKMALE:<br \/>\nDufttyp: blumig, fruchtig<br \/>\nF\u00fcr wen: f\u00fcr Frauen<br \/>\nInhalt: 10ml \/ 30ml \/ 50ml \/ 100ml<br \/>\nProdukt-Code: 432W<br \/>\nDer Preis f\u00fcr dieses Parf\u00fcm h\u00e4ngt von der angegebenen Menge ab.<br \/>\nBitte geben Sie uns nach dem Kauf Bescheid!<\/p>\n","protected":false},"excerpt":{"rendered":"<p>Inspiration : Chloe See By Chloe EDP 75ML<\/p>\n<p class=\"product__text inline-richtext\"><strong>\u2705 Eau de toilette 19-21% Parfum<\/strong><\/p>\n<p class=\"product__text inline-richtext\"><strong>\u2705 Le parfum dure une seconde journ\u00e9e<\/strong><\/p>\n<p class=\"product__text inline-richtext\"><strong>Achetez le parfum, pas la marque - \u00e9conomisez de l&rsquo;argent<\/strong><\/p>\n","protected":false},"featured_media":0,"comment_status":"open","ping_status":"closed","template":"","meta":{"_acf_changed":false},"product_brand":[],"product_cat":[203],"product_tag":[],"class_list":{"0":"post-27625","1":"product","2":"type-product","3":"status-publish","5":"product_cat-pour-les-femmes","7":"first","8":"instock","9":"shipping-taxable","10":"purchasable","11":"product-type-variable"},"acf":[],"aioseo_notices":[],"jetpack_sharing_enabled":true,"_links":{"self":[{"href":"https:\/\/dupescents.co\/fr\/wp-json\/wp\/v2\/product\/27625","targetHints":{"allow":["GET"]}}],"collection":[{"href":"https:\/\/dupescents.co\/fr\/wp-json\/wp\/v2\/product"}],"about":[{"href":"https:\/\/dupescents.co\/fr\/wp-json\/wp\/v2\/types\/product"}],"replies":[{"embeddable":true,"href":"https:\/\/dupescents.co\/fr\/wp-json\/wp\/v2\/comments?post=27625"}],"wp:attachment":[{"href":"https:\/\/dupescents.co\/fr\/wp-json\/wp\/v2\/media?parent=27625"}],"wp:term":[{"taxonomy":"product_brand","embeddable":true,"href":"https:\/\/dupescents.co\/fr\/wp-json\/wp\/v2\/product_brand?post=27625"},{"taxonomy":"product_cat","embeddable":true,"href":"https:\/\/dupescents.co\/fr\/wp-json\/wp\/v2\/product_cat?post=27625"},{"taxonomy":"product_tag","embeddable":true,"href":"https:\/\/dupescents.co\/fr\/wp-json\/wp\/v2\/product_tag?post=27625"}],"curies":[{"name":"wp","href":"https:\/\/api.w.org\/{rel}","templated":true}]}}