{"id":27599,"date":"2025-03-29T17:06:23","date_gmt":"2025-03-29T16:06:23","guid":{"rendered":"https:\/\/dupescents.co\/products\/sent-comme-gentleman-boisee\/"},"modified":"2025-11-05T19:26:54","modified_gmt":"2025-11-05T18:26:54","slug":"sent-comme-gentleman-boisee","status":"publish","type":"product","link":"https:\/\/dupescents.co\/fr\/products\/sent-comme-gentleman-boisee\/","title":{"rendered":"Sent comme&#8230; Gentleman Boisee"},"content":{"rendered":"<p>344M - Givenchy Gentleman Bois\u00e9e Ersatz<br \/>\nEAU DE PARFUM NR. 344M - ERSATZ F\u00dcR GIVENCHY GENTLEMAN BOIS\u00c9E<\/p>\n<p>DUFTNOTEN UNSERES ERSATZES:<\/p>\n<p>BLACK PIECE<br \/>\nGERANIUM<br \/>\nCOLLENDRA<br \/>\nIRIS<br \/>\nKAKAOBOHNE<br \/>\nZEDER<br \/>\nHOLZNOTEN<br \/>\nSANDELHOLZ<br \/>\nPACULA<br \/>\nDUFTBESCHREIBUNG:<\/p>\n<p>Der vom Parfum GIVENCHY Gentleman Bois\u00e9e inspirierte Duft verbindet Kraft und Zartheit. Diese kontrastreiche Mischung besteht aus schwarzem Pfeffer, Geranie, Iris und Zedernholz. Testen Sie es an sich selbst und sp\u00fcren Sie die Wirkung dieses wahrhaft maskulinen, eleganten und charismatischen Duftes!<\/p>\n<p>EIGENSCHAFTEN DES PARFUMS GIVENCHY GENTLEMAN BOIS\u00c9E EQUIVALENT:<br \/>\nDufttyp: holzig, w\u00fcrzig<br \/>\nF\u00fcr wen: m\u00e4nnlich<br \/>\nVolumen: 10 ml \/ 30 ml \/ 50 ml \/ 100 ml<br \/>\nProdukt-Code: 344M<br \/>\nDer Preis f\u00fcr dieses Parf\u00fcm h\u00e4ngt von der angegebenen Menge ab.<br \/>\nBitte geben Sie uns nach dem Kauf Ihr Feedback!<\/p>\n<p>Schauen Sie sich andere Givenchy Parfums an.<\/p>\n","protected":false},"excerpt":{"rendered":"<p>Inspiration : Givenchy Gentleman Bois\u00e9e EDP 60ML<\/p>\n<p class=\"product__text inline-richtext\"><strong>\u2705 Eau de toilette 19-21% Parfum<\/strong><\/p>\n<p class=\"product__text inline-richtext\"><strong>\u2705 Le parfum dure une seconde journ\u00e9e<\/strong><\/p>\n<p class=\"product__text inline-richtext\"><strong>Achetez le parfum, pas la marque - \u00e9conomisez de l&rsquo;argent<\/strong><\/p>\n","protected":false},"featured_media":36329,"comment_status":"open","ping_status":"closed","template":"","meta":{"_acf_changed":false},"product_brand":[],"product_cat":[201],"product_tag":[],"class_list":{"0":"post-27599","1":"product","2":"type-product","3":"status-publish","4":"has-post-thumbnail","6":"product_cat-pour-les-hommes","8":"first","9":"instock","10":"shipping-taxable","11":"purchasable","12":"product-type-variable"},"acf":[],"aioseo_notices":[],"jetpack_sharing_enabled":true,"_links":{"self":[{"href":"https:\/\/dupescents.co\/fr\/wp-json\/wp\/v2\/product\/27599","targetHints":{"allow":["GET"]}}],"collection":[{"href":"https:\/\/dupescents.co\/fr\/wp-json\/wp\/v2\/product"}],"about":[{"href":"https:\/\/dupescents.co\/fr\/wp-json\/wp\/v2\/types\/product"}],"replies":[{"embeddable":true,"href":"https:\/\/dupescents.co\/fr\/wp-json\/wp\/v2\/comments?post=27599"}],"wp:featuredmedia":[{"embeddable":true,"href":"https:\/\/dupescents.co\/fr\/wp-json\/wp\/v2\/media\/36329"}],"wp:attachment":[{"href":"https:\/\/dupescents.co\/fr\/wp-json\/wp\/v2\/media?parent=27599"}],"wp:term":[{"taxonomy":"product_brand","embeddable":true,"href":"https:\/\/dupescents.co\/fr\/wp-json\/wp\/v2\/product_brand?post=27599"},{"taxonomy":"product_cat","embeddable":true,"href":"https:\/\/dupescents.co\/fr\/wp-json\/wp\/v2\/product_cat?post=27599"},{"taxonomy":"product_tag","embeddable":true,"href":"https:\/\/dupescents.co\/fr\/wp-json\/wp\/v2\/product_tag?post=27599"}],"curies":[{"name":"wp","href":"https:\/\/api.w.org\/{rel}","templated":true}]}}