{"id":27591,"date":"2025-03-29T17:08:28","date_gmt":"2025-03-29T16:08:28","guid":{"rendered":"https:\/\/dupescents.co\/products\/sent-comme-acqua-di-gio-3\/"},"modified":"2025-11-05T19:26:53","modified_gmt":"2025-11-05T18:26:53","slug":"sent-comme-acqua-di-gio-3","status":"publish","type":"product","link":"https:\/\/dupescents.co\/fr\/products\/sent-comme-acqua-di-gio-3\/","title":{"rendered":"Sent comme&#8230; Acqua Di Gio"},"content":{"rendered":"<p>282M - Ersatz f\u00fcr Giorgio Armani Acqua Di Gio ABSOLU<br \/>\nEAU DE PARFUM NR. 282M - ERSATZ F\u00dcR GIORGIO ARMANI ACQUA DI GIO ABSOLU<\/p>\n<p>DUFTNOTEN UNSERES ERSATZES:<\/p>\n<p>MARINE-NOTEN<br \/>\nHOLZIGE NOTEN<br \/>\nTONKA FR\u00dcCHTE<br \/>\nBERGAMOT<br \/>\nPACULA<br \/>\nLAWENDA<br \/>\nLABDANUM<br \/>\nROSEMARIE<br \/>\nGERANIUM<br \/>\nAMBERBAUM<br \/>\nGREYFRUIT<br \/>\nGRUSCH<br \/>\nZITRONE<br \/>\nAPFEL<br \/>\nDUFTBESCHREIBUNG:<\/p>\n<p>Ein aromatischer Hauch von Frische kombiniert mit raffinierter Eleganz. Unser Gegenst\u00fcck zum Duft Giorgio Armani Acqua di Gio Absolu, eine einzigartige Komposition, in deren Mittelpunkt leichte Meeresnoten mit holzigen Noten stehen. Dieses raffinierte Eau de Parfum erweitert die Grenzen und inspiriert Sie, die n\u00e4chsten H\u00f6hen des Lebens zu erobern.<\/p>\n<p>EIGENSCHAFTEN DES \u00c4QUIVALENTS VON ACQUA DI GIO ABSOLU PARFUM:<br \/>\nDufttyp: aquatisch, holzig<br \/>\nF\u00fcr wen: m\u00e4nnlich<br \/>\nInhalt 10 ml \/ 30 ml \/ 50 ml \/ 100 ml<br \/>\nProdukt-Code: 282M<br \/>\nDer Preis f\u00fcr dieses Parf\u00fcm h\u00e4ngt von der angegebenen Menge ab.<br \/>\nBitte geben Sie uns Ihr Feedback nach dem Kauf!<\/p>\n<p>Sehen Sie auch andere Giorgio Armani Parfums und ihre Ersatzprodukte.<\/p>\n","protected":false},"excerpt":{"rendered":"<p class=\"product__text inline-richtext\">Inspiration : Giorgio Armani Acqua Di Gio ABSOLU EDP 75ML<\/p>\n<p class=\"product__text inline-richtext\"><strong>\u2705 Eau de toilette 19-21% Parfum<\/strong><\/p>\n<p class=\"product__text inline-richtext\"><strong>\u2705 Le parfum dure une seconde journ\u00e9e<\/strong><\/p>\n<p class=\"product__text inline-richtext\"><strong>Achetez le parfum, pas la marque - \u00e9conomisez de l&rsquo;argent<\/strong><\/p>\n","protected":false},"featured_media":0,"comment_status":"open","ping_status":"closed","template":"","meta":{"_acf_changed":false},"product_brand":[],"product_cat":[201],"product_tag":[],"class_list":{"0":"post-27591","1":"product","2":"type-product","3":"status-publish","5":"product_cat-pour-les-hommes","7":"first","8":"instock","9":"shipping-taxable","10":"purchasable","11":"product-type-variable"},"acf":[],"aioseo_notices":[],"jetpack_sharing_enabled":true,"_links":{"self":[{"href":"https:\/\/dupescents.co\/fr\/wp-json\/wp\/v2\/product\/27591","targetHints":{"allow":["GET"]}}],"collection":[{"href":"https:\/\/dupescents.co\/fr\/wp-json\/wp\/v2\/product"}],"about":[{"href":"https:\/\/dupescents.co\/fr\/wp-json\/wp\/v2\/types\/product"}],"replies":[{"embeddable":true,"href":"https:\/\/dupescents.co\/fr\/wp-json\/wp\/v2\/comments?post=27591"}],"wp:attachment":[{"href":"https:\/\/dupescents.co\/fr\/wp-json\/wp\/v2\/media?parent=27591"}],"wp:term":[{"taxonomy":"product_brand","embeddable":true,"href":"https:\/\/dupescents.co\/fr\/wp-json\/wp\/v2\/product_brand?post=27591"},{"taxonomy":"product_cat","embeddable":true,"href":"https:\/\/dupescents.co\/fr\/wp-json\/wp\/v2\/product_cat?post=27591"},{"taxonomy":"product_tag","embeddable":true,"href":"https:\/\/dupescents.co\/fr\/wp-json\/wp\/v2\/product_tag?post=27591"}],"curies":[{"name":"wp","href":"https:\/\/api.w.org\/{rel}","templated":true}]}}