{"id":27578,"date":"2025-03-29T17:11:32","date_gmt":"2025-03-29T16:11:32","guid":{"rendered":"https:\/\/dupescents.co\/products\/sent-comme-eau-de-nuit\/"},"modified":"2025-11-05T19:26:48","modified_gmt":"2025-11-05T18:26:48","slug":"sent-comme-eau-de-nuit","status":"publish","type":"product","link":"https:\/\/dupescents.co\/fr\/products\/sent-comme-eau-de-nuit\/","title":{"rendered":"Sent comme&#8230; Eau de Nuit"},"content":{"rendered":"<p>269M - Ersatz f\u00fcr Giorgio Armani Eau de Nuit<br \/>\nEAU DE NUIT 269M - ERSATZ F\u00dcR GIORGIO ARMANI EAU DE NUIT<\/p>\n<p>DUFTNOTEN UNSERES ERSATZES:<\/p>\n<p>TONKA FASOL<br \/>\nIRYS<br \/>\nROSENPFEFFER<br \/>\nKARDAMON<br \/>\nNUTMEG<br \/>\nHELIOTROP<br \/>\nBURSHINE<br \/>\nZEDER<br \/>\nBERGAMOTTE<br \/>\nDUFTBESCHREIBUNG:<\/p>\n<p>Ein geheimnisvoller Duft f\u00fcr Herren, die mit ihrer Eleganz und ihrem raffinierten Geschmack die Aufmerksamkeit auf sich ziehen wollen. Unser Gegenst\u00fcck zu Giorgio Armani Armani Eau de Nuit erinnert an die sinnliche Begegnung von Tag und Nacht. Dieses lang anhaltende Eau de Parfum ist perfekt f\u00fcr den Abend und besondere Anl\u00e4sse.<\/p>\n<p>EIGENSCHAFTEN DES PARFUMS EAU DE NUIT \u00c4QUIVALENT<br \/>\nDufttyp: orientalisch<br \/>\nF\u00fcr wen: m\u00e4nnlich<br \/>\nVolumen: 30 ml \/ 50 ml \/ 100 ml<br \/>\nProdukt-Code: 269M<br \/>\nDer Preis f\u00fcr dieses Parf\u00fcm h\u00e4ngt von der angegebenen Menge ab.<br \/>\nBitte geben Sie uns nach dem Kauf Ihr Feedback!<\/p>\n<p>Sehen Sie auch andere Giorgio Armani Parfums und ihre Ersatzprodukte.<\/p>\n","protected":false},"excerpt":{"rendered":"<p class=\"product__text inline-richtext\">Inspiration : Giorgio Armani Eau de Nuit EDT 100ML<\/p>\n<p class=\"product__text inline-richtext\"><strong>\u2705 Eau de toilette 19-21% Parfum<\/strong><\/p>\n<p class=\"product__text inline-richtext\"><strong>\u2705 Le parfum dure une seconde journ\u00e9e<\/strong><\/p>\n<p class=\"product__text inline-richtext\"><strong>Achetez le parfum, pas la marque - \u00e9conomisez de l&rsquo;argent<\/strong><\/p>\n","protected":false},"featured_media":36325,"comment_status":"open","ping_status":"closed","template":"","meta":{"_acf_changed":false},"product_brand":[],"product_cat":[201],"product_tag":[],"class_list":{"0":"post-27578","1":"product","2":"type-product","3":"status-publish","4":"has-post-thumbnail","6":"product_cat-pour-les-hommes","8":"first","9":"instock","10":"shipping-taxable","11":"purchasable","12":"product-type-variable"},"acf":[],"aioseo_notices":[],"jetpack_sharing_enabled":true,"_links":{"self":[{"href":"https:\/\/dupescents.co\/fr\/wp-json\/wp\/v2\/product\/27578","targetHints":{"allow":["GET"]}}],"collection":[{"href":"https:\/\/dupescents.co\/fr\/wp-json\/wp\/v2\/product"}],"about":[{"href":"https:\/\/dupescents.co\/fr\/wp-json\/wp\/v2\/types\/product"}],"replies":[{"embeddable":true,"href":"https:\/\/dupescents.co\/fr\/wp-json\/wp\/v2\/comments?post=27578"}],"wp:featuredmedia":[{"embeddable":true,"href":"https:\/\/dupescents.co\/fr\/wp-json\/wp\/v2\/media\/36325"}],"wp:attachment":[{"href":"https:\/\/dupescents.co\/fr\/wp-json\/wp\/v2\/media?parent=27578"}],"wp:term":[{"taxonomy":"product_brand","embeddable":true,"href":"https:\/\/dupescents.co\/fr\/wp-json\/wp\/v2\/product_brand?post=27578"},{"taxonomy":"product_cat","embeddable":true,"href":"https:\/\/dupescents.co\/fr\/wp-json\/wp\/v2\/product_cat?post=27578"},{"taxonomy":"product_tag","embeddable":true,"href":"https:\/\/dupescents.co\/fr\/wp-json\/wp\/v2\/product_tag?post=27578"}],"curies":[{"name":"wp","href":"https:\/\/api.w.org\/{rel}","templated":true}]}}