{"id":27570,"date":"2025-03-29T17:12:35","date_gmt":"2025-03-29T16:12:35","guid":{"rendered":"https:\/\/dupescents.co\/products\/sent-comme-bottled-tonic\/"},"modified":"2026-02-22T01:05:02","modified_gmt":"2026-02-22T00:05:02","slug":"sent-comme-bottled-tonic","status":"publish","type":"product","link":"https:\/\/dupescents.co\/fr\/products\/sent-comme-bottled-tonic\/","title":{"rendered":"Sent comme&#8230; Bottled Tonic"},"content":{"rendered":"<p>292M - Hugo Boss Bottled Tonic remplacement<br \/>\nEAU DE PARFUM NO 292M - HUGO BOSS BOTTLED TONIC REMPLACEMENT<\/p>\n<p>PARFUMS DE NOS SUBSTITUTS :<\/p>\n<p>IMBIR<br \/>\nPOMME<br \/>\nORANGE AM\u00c8RE<br \/>\nGREYFRUIT<br \/>\nCANNELLE<br \/>\nCITRON<br \/>\nV\u00c9TIVER<br \/>\nPOIVRE DE PRUNE<br \/>\nG\u00c9RANIUM<br \/>\nNOTES BOIS\u00c9ES<br \/>\nDESCRIPTION DE LA FRAGRANCE :<\/p>\n<p>Vous travaillez avec beaucoup de force et de pers\u00e9v\u00e9rance pour mener \u00e0 bien tous les projets que vous entreprenez ? Alors vous aimerez certainement ce parfum. Notre Eau de Parfum n\u00b0 292M est l&rsquo;\u00e9quivalent de Hugo Boss Bottled Tonic, cr\u00e9\u00e9 pour l&rsquo;homme audacieux et \u00e9l\u00e9gant qui se caract\u00e9rise par une force incomparable pour r\u00e9aliser chaque r\u00eave et chaque projet.  <\/p>\n<p>CARACTERISTIQUES DU PARFUM :<br \/>\nType de parfum : \u00e9pic\u00e9, bois\u00e9<br \/>\nPour qui : homme<br \/>\nVolume : 30 ml \/ 50 ml \/ 100 ml<br \/>\nCode produit : 292M<br \/>\nLe prix de ce parfum d\u00e9pend de la quantit\u00e9 indiqu\u00e9e.<br \/>\nMerci de nous donner votre avis apr\u00e8s l&rsquo;achat !<\/p>\n<p>Voir aussi les autres parfums Hugo Boss et leurs substituts.<\/p>\n","protected":false},"excerpt":{"rendered":"<p class=\"product__text inline-richtext\">Inspiration : Hugo Boss Bottled Tonic EDT 50ML<\/p>\n<p class=\"product__text inline-richtext\"><strong>\u2705 Eau de toilette 19-21% Parfum<\/strong><\/p>\n<p class=\"product__text inline-richtext\"><strong>\u2705 Le parfum dure une seconde journ\u00e9e<\/strong><\/p>\n<p class=\"product__text inline-richtext\"><strong>Achetez le parfum, pas la marque - \u00e9conomisez de l&rsquo;argent<\/strong><\/p>\n","protected":false},"featured_media":35975,"comment_status":"open","ping_status":"closed","template":"","meta":{"_acf_changed":false},"product_brand":[],"product_cat":[201],"product_tag":[],"class_list":{"0":"post-27570","1":"product","2":"type-product","3":"status-publish","4":"has-post-thumbnail","6":"product_cat-pour-les-hommes","8":"first","9":"instock","10":"shipping-taxable","11":"purchasable","12":"product-type-variable"},"acf":[],"aioseo_notices":[],"jetpack_sharing_enabled":true,"_links":{"self":[{"href":"https:\/\/dupescents.co\/fr\/wp-json\/wp\/v2\/product\/27570","targetHints":{"allow":["GET"]}}],"collection":[{"href":"https:\/\/dupescents.co\/fr\/wp-json\/wp\/v2\/product"}],"about":[{"href":"https:\/\/dupescents.co\/fr\/wp-json\/wp\/v2\/types\/product"}],"replies":[{"embeddable":true,"href":"https:\/\/dupescents.co\/fr\/wp-json\/wp\/v2\/comments?post=27570"}],"wp:featuredmedia":[{"embeddable":true,"href":"https:\/\/dupescents.co\/fr\/wp-json\/wp\/v2\/media\/35975"}],"wp:attachment":[{"href":"https:\/\/dupescents.co\/fr\/wp-json\/wp\/v2\/media?parent=27570"}],"wp:term":[{"taxonomy":"product_brand","embeddable":true,"href":"https:\/\/dupescents.co\/fr\/wp-json\/wp\/v2\/product_brand?post=27570"},{"taxonomy":"product_cat","embeddable":true,"href":"https:\/\/dupescents.co\/fr\/wp-json\/wp\/v2\/product_cat?post=27570"},{"taxonomy":"product_tag","embeddable":true,"href":"https:\/\/dupescents.co\/fr\/wp-json\/wp\/v2\/product_tag?post=27570"}],"curies":[{"name":"wp","href":"https:\/\/api.w.org\/{rel}","templated":true}]}}