{"id":27548,"date":"2025-03-29T17:17:28","date_gmt":"2025-03-29T16:17:28","guid":{"rendered":"https:\/\/dupescents.co\/products\/sent-comme-ck-man\/"},"modified":"2026-02-22T01:11:53","modified_gmt":"2026-02-22T00:11:53","slug":"sent-comme-ck-man","status":"publish","type":"product","link":"https:\/\/dupescents.co\/fr\/products\/sent-comme-ck-man\/","title":{"rendered":"Sent comme&#8230; CK Man"},"content":{"rendered":"<p>306M - Remplacement pour Calvin Klein MAN<br \/>\n306M EAU DE PARFUM - REMPLACEMENT POUR CALVIN KLEIN MAN<\/p>\n<p>PARFUMS DE NOS SUBSTITUTS :<\/p>\n<p>FEUILLE VIOLETTE<br \/>\nROSEMARIE<br \/>\nMANDARINE<br \/>\nBERGAMOTE<br \/>\nFEUILLE DE LAURIER<br \/>\nMIEL<br \/>\nNUTMEG<br \/>\nPI\u00c8CE DE MONNAIE<br \/>\nCHYPRE<br \/>\nBOIS DE GA\u00cfAC<br \/>\nBOIS DE SANTAL<br \/>\nDESCRIPTION DU PARFUM :<\/p>\n<p>Ce parfum est la d\u00e9finition m\u00eame de la masculinit\u00e9. Il se distingue par des notes sombres et lourdes de noix de muscade et d&rsquo;encens. Quelques instants plus tard, des notes v\u00e9ritablement sensuelles de bergamote, de laurier et de cypr\u00e8s se r\u00e9v\u00e8lent. La mandarine et la feuille de violette apportent douceur et fra\u00eecheur. Le tout forme un m\u00e9lange extr\u00eamement vivant qui flatte les sens et inspire confiance.    <\/p>\n<p>L&rsquo;\u00e9quivalent de 306M - CALVIN KLEIN MAN est un parfum pour les hommes qui ne font pas de compromis et qui r\u00e9alisent leurs projets rapidement et avec une \u00e9l\u00e9gance naturelle. Un choix parfait aussi bien pour la vie quotidienne que pour les sorties en soir\u00e9e. <\/p>\n<p>CARACTERISTIQUES DU PARFUM CALVIN KLEIN MAN :<br \/>\nType de parfum : bois\u00e9, \u00e9pic\u00e9<br \/>\nPour qui : homme<br \/>\nContenu : 10 ml \/ 30 ml \/ 50 ml \/ 100 ml<br \/>\nCode produit : 306M<br \/>\nLe prix de ce parfum d\u00e9pend de la quantit\u00e9 indiqu\u00e9e.<br \/>\nMerci de nous donner votre avis apr\u00e8s l&rsquo;achat !<\/p>\n<p>Voir aussi les autres parfums Calvin Klein et leurs substituts.<\/p>\n","protected":false},"excerpt":{"rendered":"<p>Inspiration : Calvin Klein MAN EDT 100ML<\/p>\n<p class=\"product__text inline-richtext\"><strong>\u2705 Eau de toilette 19-21% Parfum<\/strong><\/p>\n<p class=\"product__text inline-richtext\"><strong>\u2705 Le parfum dure une seconde journ\u00e9e<\/strong><\/p>\n<p class=\"product__text inline-richtext\"><strong>Achetez le parfum, pas la marque - \u00e9conomisez de l&rsquo;argent<\/strong><\/p>\n","protected":false},"featured_media":35984,"comment_status":"open","ping_status":"closed","template":"","meta":{"_acf_changed":false},"product_brand":[],"product_cat":[201],"product_tag":[],"class_list":{"0":"post-27548","1":"product","2":"type-product","3":"status-publish","4":"has-post-thumbnail","6":"product_cat-pour-les-hommes","8":"first","9":"instock","10":"shipping-taxable","11":"purchasable","12":"product-type-variable"},"acf":[],"aioseo_notices":[],"jetpack_sharing_enabled":true,"_links":{"self":[{"href":"https:\/\/dupescents.co\/fr\/wp-json\/wp\/v2\/product\/27548","targetHints":{"allow":["GET"]}}],"collection":[{"href":"https:\/\/dupescents.co\/fr\/wp-json\/wp\/v2\/product"}],"about":[{"href":"https:\/\/dupescents.co\/fr\/wp-json\/wp\/v2\/types\/product"}],"replies":[{"embeddable":true,"href":"https:\/\/dupescents.co\/fr\/wp-json\/wp\/v2\/comments?post=27548"}],"wp:featuredmedia":[{"embeddable":true,"href":"https:\/\/dupescents.co\/fr\/wp-json\/wp\/v2\/media\/35984"}],"wp:attachment":[{"href":"https:\/\/dupescents.co\/fr\/wp-json\/wp\/v2\/media?parent=27548"}],"wp:term":[{"taxonomy":"product_brand","embeddable":true,"href":"https:\/\/dupescents.co\/fr\/wp-json\/wp\/v2\/product_brand?post=27548"},{"taxonomy":"product_cat","embeddable":true,"href":"https:\/\/dupescents.co\/fr\/wp-json\/wp\/v2\/product_cat?post=27548"},{"taxonomy":"product_tag","embeddable":true,"href":"https:\/\/dupescents.co\/fr\/wp-json\/wp\/v2\/product_tag?post=27548"}],"curies":[{"name":"wp","href":"https:\/\/api.w.org\/{rel}","templated":true}]}}